{"id":97,"date":"2021-11-02T17:31:33","date_gmt":"2021-11-02T16:31:33","guid":{"rendered":"https:\/\/the-metals.com\/?page_id=97"},"modified":"2026-03-28T10:43:04","modified_gmt":"2026-03-28T09:43:04","slug":"news","status":"publish","type":"page","link":"https:\/\/the-metals.com\/de\/news\/","title":{"rendered":"News"},"content":{"rendered":"<h2>Compliance \/ Gr\u00fcnde zur Ablehnung einer Zusammenarbeit<\/p>\n<h2>\n<p>The Metal Miners produziert im Tagebau, auch verschiedenste edle Metalle, wie Gold, Silber, Platin, Palladium, Rhodium, Osmium und weitere seltene Erden. Wir sind in der Lage auch gr\u00f6ssere Mengen an seltenen Rohstoffen zuverl\u00e4ssig und dauerhaft zu liefern. Eine dauerhafte Lieferung von unseren Materialien ist gew\u00e4hrleistet und das seit vielen Jahren zuverl\u00e4ssig und p\u00fcnktlich. <\/p>\n<p>The Metals unterliegt internationalen Beschr\u00e4nkungen zu Lieferungen von strategischem Metallen und arbeiten nach dem Compliance Management System, kurz CMS genannt. Das ist die Gesamtheit der in einer Organisation eingerichteten Ma\u00dfnahmen, Strukturen und Prozesse, um Regelkonformit\u00e4t sicherzustellen, worunter rechtsverbindliche und ethische Regeln fallen k\u00f6nnen. <\/p>\n<p>Ohne eine Due-Diligence-Pr\u00fcfung, wird kein Neukunde oder Bieter aufgenommen und ohne bestandene Due-Diligence-Pr\u00fcfung wird ein Kauf von strategischem Material bei uns ausgeschlossen. Gleiches gilt f\u00fcr den gesamten Compliance Prozess welcher, die Vorbedingung zur Lieferung von Materialien ist.<\/p>\n<h2>Der Abbau im Tagebau von seltenen Edelmetallen<\/h2>\n<p>Auswirkungen von Kleinbergbau im <a href=\"https:\/\/www.wwf.de\/themen-projekte\/waelder\/mining\/gold-mining\">Amazonas \u00a9 Adriano Gambarini \/ WWF Brasilien<\/a><\/p>\n<p>Ein gro\u00dfer Teil des weltweiten Goldes und vieler seltener Erden (etwa 20 bis 25 Prozent) kommt aus Kleinbergbau <a href=\"https:\/\/de.wikipedia.org\/wiki\/Kleinbergbau\" target=\"_blank\">(Artisanal and Small-scale Mining, ASM)<\/a>. Diese Kleinminen besch\u00e4ftigen etwa 90 Prozent der Minenarbeiter \/ innen* weltweit. Besonders in entlegenen Gebieten tr\u00e4gt ASM erheblich zum Einkommen der lokalen Bev\u00f6lkerung bei: sch\u00e4tzungsweise 20 bis 30 Millionen Menschen arbeiteten weltweit im kleinhandwerklichen Goldminensektor. Die Arbeitsbedingungen sind h\u00e4ufig ausbeuterisch und gesundheitsgef\u00e4hrdend.<\/p>\n<p>Doch die Schattenseiten des Goldabbaus in Kleinminen sind massiv: <a href=\"https:\/\/de.wikipedia.org\/wiki\/Kleinbergbau\" target=\"_blank\">ASM<\/a> ist weltweit hauptverantwortlich f\u00fcr die Verschmutzung von Wasser, B\u00f6den und Luft durch Quecksilber. Das giftige Metall wird zur Gewinnung von Gold genutzt: Schlamm und Gesteine werden aus dem Flussbett mit einer gro\u00dfen Pumpe angesaugt und \u00fcber groben Teppichen ausgebracht. Nach zwei bis vier Stunden werden die Teppiche ausgetauscht. Sie fangen die schweren Gesteine und das Gold auf. Anschlie\u00dfend werden die Teppiche ausgewaschen \u2013 erste Goldk\u00f6rner sind zu sehen. Die Reste werden zu einer Beton-Mischanlage gebracht. Dort wird <a href=\"https:\/\/de.wikipedia.org\/wiki\/Quecksilber\" target=\"_blank\">Quecksilber<\/a> hinzugef\u00fcgt, um das Gold zu binden. Diese Mischung wird dann mit einem Bunsenbrenner zum Schmelzen gebracht, das Gold l\u00f6st sich heraus. W\u00e4hrend dieses Prozesses gelangt Quecksilber durch D\u00e4mpfe in die Luft, fl\u00fcssiges Quecksilber gelangt in B\u00f6den, Sedimente, Fl\u00fcsse und Seen. Dar\u00fcber hinaus kann es sich durch den Verzehr von kontaminiertem Fisch oder durch das Einatmen des Dampfes im menschlichen K\u00f6rper ablagern. <\/p>\n<p><a href=\"https:\/\/de.wikipedia.org\/wiki\/Quecksilber\" target=\"_blank\">Quecksilber<\/a> verursacht Muskelsch\u00e4den, chronische Kopfschmerzen, Stimmungsschwankungen, Lernschwierigkeiten und sensorische Beeintr\u00e4chtigungen und kann auch Geburtsfehler, Atemversagen, Nierensch\u00e4den, Koma und sogar den Tod verursachen.<\/p>\n<p>Quelle: <a href=\"https:\/\/www.wwf.de\/themen-projekte\/waelder\/mining\/gold-mining\">Amazonas \u00a9 Adriano Gambarini \/ WWF Brasilien<\/a><\/p>\n","protected":false},"excerpt":{"rendered":"<p>Compliance \/ Gr\u00fcnde zur Ablehnung einer Zusammenarbeit The Metal Miners produziert im Tagebau, auch verschiedenste edle Metalle, wie Gold, Silber, Platin, Palladium, Rhodium, Osmium und weitere seltene Erden. Wir sind in der Lage auch gr\u00f6ssere Mengen an seltenen Rohstoffen zuverl\u00e4ssig und dauerhaft zu liefern. Eine dauerhafte Lieferung von unseren Materialien ist gew\u00e4hrleistet und das seit [&#8230;]<\/p>\n","protected":false},"author":2,"featured_media":0,"parent":0,"menu_order":0,"comment_status":"closed","ping_status":"closed","template":"","meta":{"footnotes":""},"class_list":["post-97","page","type-page","status-publish","hentry"],"yoast_head":"<!-- This site is optimized with the Yoast SEO plugin v27.6 - https:\/\/yoast.com\/product\/yoast-seo-wordpress\/ -->\n<title>News - The Metals<\/title>\n<meta name=\"robots\" content=\"index, follow, max-snippet:-1, max-image-preview:large, max-video-preview:-1\" \/>\n<link rel=\"canonical\" href=\"https:\/\/the-metals.com\/de\/news\/\" \/>\n<meta property=\"og:locale\" content=\"de_DE\" \/>\n<meta property=\"og:type\" content=\"article\" \/>\n<meta property=\"og:title\" content=\"News - The Metals\" \/>\n<meta property=\"og:description\" content=\"Compliance \/ Gr\u00fcnde zur Ablehnung einer Zusammenarbeit The Metal Miners produziert im Tagebau, auch verschiedenste edle Metalle, wie Gold, Silber, Platin, Palladium, Rhodium, Osmium und weitere seltene Erden. Wir sind in der Lage auch gr\u00f6ssere Mengen an seltenen Rohstoffen zuverl\u00e4ssig und dauerhaft zu liefern. Eine dauerhafte Lieferung von unseren Materialien ist gew\u00e4hrleistet und das seit [...]\" \/>\n<meta property=\"og:url\" content=\"https:\/\/the-metals.com\/de\/news\/\" \/>\n<meta property=\"og:site_name\" content=\"The Metals\" \/>\n<meta property=\"article:modified_time\" content=\"2026-03-28T09:43:04+00:00\" \/>\n<meta name=\"twitter:card\" content=\"summary_large_image\" \/>\n<meta name=\"twitter:label1\" content=\"Gesch\u00e4tzte Lesezeit\" \/>\n\t<meta name=\"twitter:data1\" content=\"2\u00a0Minuten\" \/>\n<script type=\"application\/ld+json\" class=\"yoast-schema-graph\">{\"@context\":\"https:\\\/\\\/schema.org\",\"@graph\":[{\"@type\":\"WebPage\",\"@id\":\"https:\\\/\\\/the-metals.com\\\/de\\\/news\\\/\",\"url\":\"https:\\\/\\\/the-metals.com\\\/de\\\/news\\\/\",\"name\":\"News - The Metals\",\"isPartOf\":{\"@id\":\"https:\\\/\\\/the-metals.com\\\/#website\"},\"datePublished\":\"2021-11-02T16:31:33+00:00\",\"dateModified\":\"2026-03-28T09:43:04+00:00\",\"breadcrumb\":{\"@id\":\"https:\\\/\\\/the-metals.com\\\/de\\\/news\\\/#breadcrumb\"},\"inLanguage\":\"de\",\"potentialAction\":[{\"@type\":\"ReadAction\",\"target\":[\"https:\\\/\\\/the-metals.com\\\/de\\\/news\\\/\"]}]},{\"@type\":\"BreadcrumbList\",\"@id\":\"https:\\\/\\\/the-metals.com\\\/de\\\/news\\\/#breadcrumb\",\"itemListElement\":[{\"@type\":\"ListItem\",\"position\":1,\"name\":\"Startseite\",\"item\":\"https:\\\/\\\/the-metals.com\\\/de\\\/\"},{\"@type\":\"ListItem\",\"position\":2,\"name\":\"News\"}]},{\"@type\":\"WebSite\",\"@id\":\"https:\\\/\\\/the-metals.com\\\/#website\",\"url\":\"https:\\\/\\\/the-metals.com\\\/\",\"name\":\"The Metals\",\"description\":\"\",\"publisher\":{\"@id\":\"https:\\\/\\\/the-metals.com\\\/#organization\"},\"potentialAction\":[{\"@type\":\"SearchAction\",\"target\":{\"@type\":\"EntryPoint\",\"urlTemplate\":\"https:\\\/\\\/the-metals.com\\\/?s={search_term_string}\"},\"query-input\":{\"@type\":\"PropertyValueSpecification\",\"valueRequired\":true,\"valueName\":\"search_term_string\"}}],\"inLanguage\":\"de\"},{\"@type\":\"Organization\",\"@id\":\"https:\\\/\\\/the-metals.com\\\/#organization\",\"name\":\"The-Metall.com\",\"url\":\"https:\\\/\\\/the-metals.com\\\/\",\"logo\":{\"@type\":\"ImageObject\",\"inLanguage\":\"de\",\"@id\":\"https:\\\/\\\/the-metals.com\\\/#\\\/schema\\\/logo\\\/image\\\/\",\"url\":\"https:\\\/\\\/the-metals.com\\\/wp-content\\\/uploads\\\/2021\\\/10\\\/cropped-The-Metals-icon-2.jpg\",\"contentUrl\":\"https:\\\/\\\/the-metals.com\\\/wp-content\\\/uploads\\\/2021\\\/10\\\/cropped-The-Metals-icon-2.jpg\",\"width\":512,\"height\":512,\"caption\":\"The-Metall.com\"},\"image\":{\"@id\":\"https:\\\/\\\/the-metals.com\\\/#\\\/schema\\\/logo\\\/image\\\/\"}}]}<\/script>\n<!-- \/ Yoast SEO plugin. -->","yoast_head_json":{"title":"News - The Metals","robots":{"index":"index","follow":"follow","max-snippet":"max-snippet:-1","max-image-preview":"max-image-preview:large","max-video-preview":"max-video-preview:-1"},"canonical":"https:\/\/the-metals.com\/de\/news\/","og_locale":"de_DE","og_type":"article","og_title":"News - The Metals","og_description":"Compliance \/ Gr\u00fcnde zur Ablehnung einer Zusammenarbeit The Metal Miners produziert im Tagebau, auch verschiedenste edle Metalle, wie Gold, Silber, Platin, Palladium, Rhodium, Osmium und weitere seltene Erden. Wir sind in der Lage auch gr\u00f6ssere Mengen an seltenen Rohstoffen zuverl\u00e4ssig und dauerhaft zu liefern. Eine dauerhafte Lieferung von unseren Materialien ist gew\u00e4hrleistet und das seit [...]","og_url":"https:\/\/the-metals.com\/de\/news\/","og_site_name":"The Metals","article_modified_time":"2026-03-28T09:43:04+00:00","twitter_card":"summary_large_image","twitter_misc":{"Gesch\u00e4tzte Lesezeit":"2\u00a0Minuten"},"schema":{"@context":"https:\/\/schema.org","@graph":[{"@type":"WebPage","@id":"https:\/\/the-metals.com\/de\/news\/","url":"https:\/\/the-metals.com\/de\/news\/","name":"News - The Metals","isPartOf":{"@id":"https:\/\/the-metals.com\/#website"},"datePublished":"2021-11-02T16:31:33+00:00","dateModified":"2026-03-28T09:43:04+00:00","breadcrumb":{"@id":"https:\/\/the-metals.com\/de\/news\/#breadcrumb"},"inLanguage":"de","potentialAction":[{"@type":"ReadAction","target":["https:\/\/the-metals.com\/de\/news\/"]}]},{"@type":"BreadcrumbList","@id":"https:\/\/the-metals.com\/de\/news\/#breadcrumb","itemListElement":[{"@type":"ListItem","position":1,"name":"Startseite","item":"https:\/\/the-metals.com\/de\/"},{"@type":"ListItem","position":2,"name":"News"}]},{"@type":"WebSite","@id":"https:\/\/the-metals.com\/#website","url":"https:\/\/the-metals.com\/","name":"The Metals","description":"","publisher":{"@id":"https:\/\/the-metals.com\/#organization"},"potentialAction":[{"@type":"SearchAction","target":{"@type":"EntryPoint","urlTemplate":"https:\/\/the-metals.com\/?s={search_term_string}"},"query-input":{"@type":"PropertyValueSpecification","valueRequired":true,"valueName":"search_term_string"}}],"inLanguage":"de"},{"@type":"Organization","@id":"https:\/\/the-metals.com\/#organization","name":"The-Metall.com","url":"https:\/\/the-metals.com\/","logo":{"@type":"ImageObject","inLanguage":"de","@id":"https:\/\/the-metals.com\/#\/schema\/logo\/image\/","url":"https:\/\/the-metals.com\/wp-content\/uploads\/2021\/10\/cropped-The-Metals-icon-2.jpg","contentUrl":"https:\/\/the-metals.com\/wp-content\/uploads\/2021\/10\/cropped-The-Metals-icon-2.jpg","width":512,"height":512,"caption":"The-Metall.com"},"image":{"@id":"https:\/\/the-metals.com\/#\/schema\/logo\/image\/"}}]}},"_links":{"self":[{"href":"https:\/\/the-metals.com\/de\/wp-json\/wp\/v2\/pages\/97","targetHints":{"allow":["GET"]}}],"collection":[{"href":"https:\/\/the-metals.com\/de\/wp-json\/wp\/v2\/pages"}],"about":[{"href":"https:\/\/the-metals.com\/de\/wp-json\/wp\/v2\/types\/page"}],"author":[{"embeddable":true,"href":"https:\/\/the-metals.com\/de\/wp-json\/wp\/v2\/users\/2"}],"replies":[{"embeddable":true,"href":"https:\/\/the-metals.com\/de\/wp-json\/wp\/v2\/comments?post=97"}],"version-history":[{"count":16,"href":"https:\/\/the-metals.com\/de\/wp-json\/wp\/v2\/pages\/97\/revisions"}],"predecessor-version":[{"id":1372,"href":"https:\/\/the-metals.com\/de\/wp-json\/wp\/v2\/pages\/97\/revisions\/1372"}],"wp:attachment":[{"href":"https:\/\/the-metals.com\/de\/wp-json\/wp\/v2\/media?parent=97"}],"curies":[{"name":"wp","href":"https:\/\/api.w.org\/{rel}","templated":true}]}}