{"id":95,"date":"2021-11-02T17:45:41","date_gmt":"2021-11-02T16:45:41","guid":{"rendered":"https:\/\/the-metals.com\/?page_id=95"},"modified":"2026-03-28T10:18:01","modified_gmt":"2026-03-28T09:18:01","slug":"products","status":"publish","type":"page","link":"https:\/\/the-metals.com\/de\/products\/","title":{"rendered":"Products"},"content":{"rendered":"<h4> Our Mining <\/h4>\n<p>The Metals Miners baut im Tagebau verschiedenste Rohstoffe, wie: Lithium, Cobalt und verschiedenste edle Metalle, wie Gold, Silber, Platin, Palladium, Rhodium und weitere seltene Metalle ab. <\/p>\n<p>Wir sind in der Lage, auch gr\u00f6ssere Mengen an seltenen Rohstoffen zuverl\u00e4ssig und dauerhaft zu liefern. The Metals Miners verf\u00fcgt \u00fcber eine enorme Abbaufl\u00e4che und kann daher grosse Mengen von seltenen Erden und Metallen best\u00e4ndig liefern. Eine dauerhafte Lieferung von unseren Materialien ist gew\u00e4hrleistet und das seit vielen Jahren zuverl\u00e4ssig und p\u00fcnktlich. Wir produzieren zur Zeit aus ca 15.100 Kubikmeter t\u00e4glichem Abraum eine enorme Menge an edlen Metallen und Materialien.<\/p>\n<p>Unsere eigene Produktion und Schmelze ist in der Lage auch auf Kundenwunsch Barren zu produzieren. <\/p>\n<p>Gold ist leicht formbar, korrosionsbest\u00e4ndig und verf\u00fcgt \u00fcber eine hohe Symbolkraft. Vor allem die Uhren- und Schmuckindustrie dominiert die Nachfrage nach Gold, aber auch in der Finanzindustrie und im Technologiesektor ist Gold ein gefragter Rohstoff. <\/p>\n<p>Viele andere, seltene Metalle, haben in den letzten Jahren an Investitionskraft gewonnen und Gold von Platz eins verdr\u00e4ngt. Hier zu z\u00e4hlen Osmium, Europium, Germanium und kristallines Aluminium. Wie viele seltene Erden und technische Salze, sich noch in der Erde verbergen, kann man heute mit Gewissheit sagen, geologische Gutachten und modernste, satellitengest\u00fctzte Messmethoden, k\u00f6nnen das exakt nachweisen. Sicher ist jedoch, dass der Abbau immer aufwendiger wird. Sch\u00e4tzungsweise 6.000.000 Tonnen seltener Erden, die sich mit den derzeitigen technischen Mitteln nachhaltig abbauen lassen, sind derzeit weltweit bekannt. Die gr\u00f6\u00dften Vorkommen liegen in Kanada, Afrika, USA, Australien, Russland, Chile, China, Indonesien, Mexiko und Papua-Neuguinea.<\/p>\n<p>Ein erheblicher Teil dieser Metalle wird im Kleinbergbau produziert, der kaum zu kontrollieren ist. Solange die Welt diese Produkte nachfragt, werden handwerkliche Bergleute weiterhin nach den ben\u00f6tigten Mineralien graben, oft unter gef\u00e4hrlichen und ausbeuterischen Bedingungen, die Kinderarbeit und andere Menschenrechtsverletzungen beinhalten.<br \/>\nEine Zusammenarbeit mit nicht zertifizierten Unternehmen und Kleinbergbau lehnen wir The Metal Miners aus Compliance Gr\u00fcnden ab. Wir kaufen weder solche Produkte an noch unterst\u00fctzen wir diese mit Wirtschaftsleistungen gesamt. Weiter teilen wir die Unterst\u00fctzung des <a href=\"https:\/\/www.wwf.de\/themen-projekte\/waelder\/mining\/gold-mining\" rel=\"noopener\" target=\"_blank\">WWF<\/a> nicht und distanzieren uns von solchen Berichten.<\/p>\n<h6>Das Bildmaterial ist Copyright The-Melats.com  \u00a9 <\/h6>\n","protected":false},"excerpt":{"rendered":"<p>Our Mining The Metals Miners baut im Tagebau verschiedenste Rohstoffe, wie: Lithium, Cobalt und verschiedenste edle Metalle, wie Gold, Silber, Platin, Palladium, Rhodium und weitere seltene Metalle ab. Wir sind in der Lage, auch gr\u00f6ssere Mengen an seltenen Rohstoffen zuverl\u00e4ssig und dauerhaft zu liefern. The Metals Miners verf\u00fcgt \u00fcber eine enorme Abbaufl\u00e4che und kann daher [&#8230;]<\/p>\n","protected":false},"author":2,"featured_media":0,"parent":0,"menu_order":0,"comment_status":"closed","ping_status":"closed","template":"","meta":{"footnotes":""},"class_list":["post-95","page","type-page","status-publish","hentry"],"yoast_head":"<!-- This site is optimized with the Yoast SEO plugin v27.6 - https:\/\/yoast.com\/product\/yoast-seo-wordpress\/ -->\n<title>Products - The Metals<\/title>\n<meta name=\"robots\" content=\"index, follow, max-snippet:-1, max-image-preview:large, max-video-preview:-1\" \/>\n<link rel=\"canonical\" href=\"https:\/\/the-metals.com\/de\/products\/\" \/>\n<meta property=\"og:locale\" content=\"de_DE\" \/>\n<meta property=\"og:type\" content=\"article\" \/>\n<meta property=\"og:title\" content=\"Products - The Metals\" \/>\n<meta property=\"og:description\" content=\"Our Mining The Metals Miners baut im Tagebau verschiedenste Rohstoffe, wie: Lithium, Cobalt und verschiedenste edle Metalle, wie Gold, Silber, Platin, Palladium, Rhodium und weitere seltene Metalle ab. Wir sind in der Lage, auch gr\u00f6ssere Mengen an seltenen Rohstoffen zuverl\u00e4ssig und dauerhaft zu liefern. The Metals Miners verf\u00fcgt \u00fcber eine enorme Abbaufl\u00e4che und kann daher [...]\" \/>\n<meta property=\"og:url\" content=\"https:\/\/the-metals.com\/de\/products\/\" \/>\n<meta property=\"og:site_name\" content=\"The Metals\" \/>\n<meta property=\"article:modified_time\" content=\"2026-03-28T09:18:01+00:00\" \/>\n<meta name=\"twitter:card\" content=\"summary_large_image\" \/>\n<meta name=\"twitter:label1\" content=\"Gesch\u00e4tzte Lesezeit\" \/>\n\t<meta name=\"twitter:data1\" content=\"2\u00a0Minuten\" \/>\n<script type=\"application\/ld+json\" class=\"yoast-schema-graph\">{\"@context\":\"https:\\\/\\\/schema.org\",\"@graph\":[{\"@type\":\"WebPage\",\"@id\":\"https:\\\/\\\/the-metals.com\\\/de\\\/products\\\/\",\"url\":\"https:\\\/\\\/the-metals.com\\\/de\\\/products\\\/\",\"name\":\"Products - The Metals\",\"isPartOf\":{\"@id\":\"https:\\\/\\\/the-metals.com\\\/#website\"},\"datePublished\":\"2021-11-02T16:45:41+00:00\",\"dateModified\":\"2026-03-28T09:18:01+00:00\",\"breadcrumb\":{\"@id\":\"https:\\\/\\\/the-metals.com\\\/de\\\/products\\\/#breadcrumb\"},\"inLanguage\":\"de\",\"potentialAction\":[{\"@type\":\"ReadAction\",\"target\":[\"https:\\\/\\\/the-metals.com\\\/de\\\/products\\\/\"]}]},{\"@type\":\"BreadcrumbList\",\"@id\":\"https:\\\/\\\/the-metals.com\\\/de\\\/products\\\/#breadcrumb\",\"itemListElement\":[{\"@type\":\"ListItem\",\"position\":1,\"name\":\"Startseite\",\"item\":\"https:\\\/\\\/the-metals.com\\\/de\\\/\"},{\"@type\":\"ListItem\",\"position\":2,\"name\":\"Products\"}]},{\"@type\":\"WebSite\",\"@id\":\"https:\\\/\\\/the-metals.com\\\/#website\",\"url\":\"https:\\\/\\\/the-metals.com\\\/\",\"name\":\"The Metals\",\"description\":\"\",\"publisher\":{\"@id\":\"https:\\\/\\\/the-metals.com\\\/#organization\"},\"potentialAction\":[{\"@type\":\"SearchAction\",\"target\":{\"@type\":\"EntryPoint\",\"urlTemplate\":\"https:\\\/\\\/the-metals.com\\\/?s={search_term_string}\"},\"query-input\":{\"@type\":\"PropertyValueSpecification\",\"valueRequired\":true,\"valueName\":\"search_term_string\"}}],\"inLanguage\":\"de\"},{\"@type\":\"Organization\",\"@id\":\"https:\\\/\\\/the-metals.com\\\/#organization\",\"name\":\"The-Metall.com\",\"url\":\"https:\\\/\\\/the-metals.com\\\/\",\"logo\":{\"@type\":\"ImageObject\",\"inLanguage\":\"de\",\"@id\":\"https:\\\/\\\/the-metals.com\\\/#\\\/schema\\\/logo\\\/image\\\/\",\"url\":\"https:\\\/\\\/the-metals.com\\\/wp-content\\\/uploads\\\/2021\\\/10\\\/cropped-The-Metals-icon-2.jpg\",\"contentUrl\":\"https:\\\/\\\/the-metals.com\\\/wp-content\\\/uploads\\\/2021\\\/10\\\/cropped-The-Metals-icon-2.jpg\",\"width\":512,\"height\":512,\"caption\":\"The-Metall.com\"},\"image\":{\"@id\":\"https:\\\/\\\/the-metals.com\\\/#\\\/schema\\\/logo\\\/image\\\/\"}}]}<\/script>\n<!-- \/ Yoast SEO plugin. -->","yoast_head_json":{"title":"Products - The Metals","robots":{"index":"index","follow":"follow","max-snippet":"max-snippet:-1","max-image-preview":"max-image-preview:large","max-video-preview":"max-video-preview:-1"},"canonical":"https:\/\/the-metals.com\/de\/products\/","og_locale":"de_DE","og_type":"article","og_title":"Products - The Metals","og_description":"Our Mining The Metals Miners baut im Tagebau verschiedenste Rohstoffe, wie: Lithium, Cobalt und verschiedenste edle Metalle, wie Gold, Silber, Platin, Palladium, Rhodium und weitere seltene Metalle ab. Wir sind in der Lage, auch gr\u00f6ssere Mengen an seltenen Rohstoffen zuverl\u00e4ssig und dauerhaft zu liefern. The Metals Miners verf\u00fcgt \u00fcber eine enorme Abbaufl\u00e4che und kann daher [...]","og_url":"https:\/\/the-metals.com\/de\/products\/","og_site_name":"The Metals","article_modified_time":"2026-03-28T09:18:01+00:00","twitter_card":"summary_large_image","twitter_misc":{"Gesch\u00e4tzte Lesezeit":"2\u00a0Minuten"},"schema":{"@context":"https:\/\/schema.org","@graph":[{"@type":"WebPage","@id":"https:\/\/the-metals.com\/de\/products\/","url":"https:\/\/the-metals.com\/de\/products\/","name":"Products - The Metals","isPartOf":{"@id":"https:\/\/the-metals.com\/#website"},"datePublished":"2021-11-02T16:45:41+00:00","dateModified":"2026-03-28T09:18:01+00:00","breadcrumb":{"@id":"https:\/\/the-metals.com\/de\/products\/#breadcrumb"},"inLanguage":"de","potentialAction":[{"@type":"ReadAction","target":["https:\/\/the-metals.com\/de\/products\/"]}]},{"@type":"BreadcrumbList","@id":"https:\/\/the-metals.com\/de\/products\/#breadcrumb","itemListElement":[{"@type":"ListItem","position":1,"name":"Startseite","item":"https:\/\/the-metals.com\/de\/"},{"@type":"ListItem","position":2,"name":"Products"}]},{"@type":"WebSite","@id":"https:\/\/the-metals.com\/#website","url":"https:\/\/the-metals.com\/","name":"The Metals","description":"","publisher":{"@id":"https:\/\/the-metals.com\/#organization"},"potentialAction":[{"@type":"SearchAction","target":{"@type":"EntryPoint","urlTemplate":"https:\/\/the-metals.com\/?s={search_term_string}"},"query-input":{"@type":"PropertyValueSpecification","valueRequired":true,"valueName":"search_term_string"}}],"inLanguage":"de"},{"@type":"Organization","@id":"https:\/\/the-metals.com\/#organization","name":"The-Metall.com","url":"https:\/\/the-metals.com\/","logo":{"@type":"ImageObject","inLanguage":"de","@id":"https:\/\/the-metals.com\/#\/schema\/logo\/image\/","url":"https:\/\/the-metals.com\/wp-content\/uploads\/2021\/10\/cropped-The-Metals-icon-2.jpg","contentUrl":"https:\/\/the-metals.com\/wp-content\/uploads\/2021\/10\/cropped-The-Metals-icon-2.jpg","width":512,"height":512,"caption":"The-Metall.com"},"image":{"@id":"https:\/\/the-metals.com\/#\/schema\/logo\/image\/"}}]}},"_links":{"self":[{"href":"https:\/\/the-metals.com\/de\/wp-json\/wp\/v2\/pages\/95","targetHints":{"allow":["GET"]}}],"collection":[{"href":"https:\/\/the-metals.com\/de\/wp-json\/wp\/v2\/pages"}],"about":[{"href":"https:\/\/the-metals.com\/de\/wp-json\/wp\/v2\/types\/page"}],"author":[{"embeddable":true,"href":"https:\/\/the-metals.com\/de\/wp-json\/wp\/v2\/users\/2"}],"replies":[{"embeddable":true,"href":"https:\/\/the-metals.com\/de\/wp-json\/wp\/v2\/comments?post=95"}],"version-history":[{"count":24,"href":"https:\/\/the-metals.com\/de\/wp-json\/wp\/v2\/pages\/95\/revisions"}],"predecessor-version":[{"id":1360,"href":"https:\/\/the-metals.com\/de\/wp-json\/wp\/v2\/pages\/95\/revisions\/1360"}],"wp:attachment":[{"href":"https:\/\/the-metals.com\/de\/wp-json\/wp\/v2\/media?parent=95"}],"curies":[{"name":"wp","href":"https:\/\/api.w.org\/{rel}","templated":true}]}}