{"id":829,"date":"2022-06-17T19:41:43","date_gmt":"2022-06-17T17:41:43","guid":{"rendered":"https:\/\/the-metals.com\/?page_id=829"},"modified":"2026-03-28T10:29:56","modified_gmt":"2026-03-28T09:29:56","slug":"green-print-produktion","status":"publish","type":"page","link":"https:\/\/the-metals.com\/de\/green-print-produktion\/","title":{"rendered":"Green Produktion Print"},"content":{"rendered":"<h2>Green Production Print<\/h2>\n<h4>1. Ein gemeinsames Problem<\/h4>\n<p><span class=\"nl\">1.1<\/span> Nur nachhaltige Gesch\u00e4ftsmodelle sind zukunftssiche. Unternehmen, mit hohen CO\u2082-Emissionen sehen sich immer st\u00e4rker mit wirtschaftlichen Risiken konfrontiert &#8211; bedingt durch h\u00f6here Verbrauchersensibilit\u00e4t, sich versch\u00e4rfende, politische Vorschriften und grundlegende technologische Fortschritte. Um den CO\u2082-Fu\u00dfabdruck eines Produkts gegen\u00fcber Verbrauchern, Kunden oder Regulierungsbeh\u00f6rden nachzuweisen und mit ihren Lieferanten gezielte Reduktionsma\u00dfnahmen zu initiieren, sind Unternehmen auf genaue Informationen auf Produktebene angewiesen.<\/p>\n<h4>2. Eine gemeinsame L\u00f6sung\u00a0<\/h4>\n<p><span class=\"nl\">2.1<\/span>Ein Gro\u00dfteil produktbezogener CO\u2082-Emissionen, entsteht in der vorgelagerten Lieferkette. In der Zusammenarbeit mit Lieferanten, liegt somit ein Schl\u00fcssel zur Dekarbonisierung. Bisher gibt es jedoch keine effiziente L\u00f6sung, um die Emissionen der einzelnen Stufen in der Wertsch\u00f6pfungskette genau zu bestimmen. Es ist an der Zeit, dass sich die Industrie als einer der Hauptverursacher von Treibhausgasen ihrer Verantwortung stellt und dem Klimawandel aktiv entgegensteuert. Bei der Entwicklung eines effektiven Vorgehens f\u00fcr die Emissionsreduktion, haben wir erkannt, dass es eines kollaborativen Ansatzes bedarf. <\/p>\n<h4>3. Prim\u00e4rdaten statt Sch\u00e4tzwerte\u00a0\u00a0<\/h4>\n<p><span class=\"nl\">3.1<\/span>Ermitteln Sie den genauen CO\u2082-Fu\u00dfabdruck des Produkts, nicht den irgendeines Vergleichsproduktes, war die Aufgabe. Um die Emissionsziele unserer Wertsch\u00f6pfungskette effektiv zu erreichen, sind genaue, handlungsrelevante Daten erforderlich, keine Sch\u00e4tzwerte. Deshalb haben wir eine L\u00f6sung zur effizienten Erfassung von Prim\u00e4rdaten entwickelt. Wir ermitteln mit mehreren hundert Sensoren an allen relevanten Punkten genau, wo Verbesserungen am effizientesten sind. Unsere dynamische Erfassung des CO\u2082-Fu\u00dfabdruckes unserer Produkte wird st\u00e4ndig verbessert und optimiert. Wir wissen aus eigener Erfahrung, dass die Emissionsreduktion eine unternehmens\u00fcbergreifende Aufgabe ist. Deshalb verbessern wir unsere Technologie st\u00e4ndig.<\/p>\n<h4>4. Aktiv\u00a0umsetzen<\/h4>\n<p>Unsere Antwort ist, die Energie innerhalb der Wertsch\u00f6pfungskette selbst und CO\u2082-neutral zu produzieren. Aus diesen Gr\u00fcnden produzieren wir unsere ben\u00f6tigte Energie mit einem Geothermiekraftwerk, das eine Leistung von ca. 52.000 KW\/h rund um die Uhr vorh\u00e4lt und das redundant an drei Turbinen 24\/7\/365 und das v\u00f6llig CO\u2082-neutral. Nat\u00fcrlich sind die Investitionen enorm. F\u00fcr uns ein \u201cmust have\u201c, Energie selbst zu erzeugen und so weit es geht CO\u2082-neutral zu arbeiten und garantiert den 100% gen R\u00fcckbau an der Natur, Boden und Gew\u00e4ssern. <\/p>\n<h6> Das Bild zeigt die Geothermie Turbine die bis zu 70.000 KW\/h liefern kann. Das Bild ist Copyright The-Melats.com  \u00a9 <\/h6>\n<img loading=\"lazy\" decoding=\"async\" src=\"\/wp-content\/uploads\/2021\/10\/The-Metals-09.png\" alt=\"\" width=\"906\" height=\"291\" class=\"alignnone size-full wp-image-1530\" \/>\n","protected":false},"excerpt":{"rendered":"<p>Green Production Print 1. Ein gemeinsames Problem 1.1 Nur nachhaltige Gesch\u00e4ftsmodelle sind zukunftssiche. Unternehmen, mit hohen CO\u2082-Emissionen sehen sich immer st\u00e4rker mit wirtschaftlichen Risiken konfrontiert &#8211; bedingt durch h\u00f6here Verbrauchersensibilit\u00e4t, sich versch\u00e4rfende, politische Vorschriften und grundlegende technologische Fortschritte. Um den CO\u2082-Fu\u00dfabdruck eines Produkts gegen\u00fcber Verbrauchern, Kunden oder Regulierungsbeh\u00f6rden nachzuweisen und mit ihren Lieferanten gezielte Reduktionsma\u00dfnahmen [&#8230;]<\/p>\n","protected":false},"author":2,"featured_media":0,"parent":0,"menu_order":0,"comment_status":"closed","ping_status":"closed","template":"","meta":{"footnotes":""},"class_list":["post-829","page","type-page","status-publish","hentry"],"yoast_head":"<!-- This site is optimized with the Yoast SEO plugin v27.6 - https:\/\/yoast.com\/product\/yoast-seo-wordpress\/ -->\n<title>Green Produktion Print - The Metals<\/title>\n<meta name=\"robots\" content=\"index, follow, max-snippet:-1, max-image-preview:large, max-video-preview:-1\" \/>\n<link rel=\"canonical\" href=\"https:\/\/the-metals.com\/de\/green-print-produktion\/\" \/>\n<meta property=\"og:locale\" content=\"de_DE\" \/>\n<meta property=\"og:type\" content=\"article\" \/>\n<meta property=\"og:title\" content=\"Green Produktion Print - The Metals\" \/>\n<meta property=\"og:description\" content=\"Green Production Print 1. Ein gemeinsames Problem 1.1 Nur nachhaltige Gesch\u00e4ftsmodelle sind zukunftssiche. Unternehmen, mit hohen CO\u2082-Emissionen sehen sich immer st\u00e4rker mit wirtschaftlichen Risiken konfrontiert &#8211; bedingt durch h\u00f6here Verbrauchersensibilit\u00e4t, sich versch\u00e4rfende, politische Vorschriften und grundlegende technologische Fortschritte. Um den CO\u2082-Fu\u00dfabdruck eines Produkts gegen\u00fcber Verbrauchern, Kunden oder Regulierungsbeh\u00f6rden nachzuweisen und mit ihren Lieferanten gezielte Reduktionsma\u00dfnahmen [...]\" \/>\n<meta property=\"og:url\" content=\"https:\/\/the-metals.com\/de\/green-print-produktion\/\" \/>\n<meta property=\"og:site_name\" content=\"The Metals\" \/>\n<meta property=\"article:modified_time\" content=\"2026-03-28T09:29:56+00:00\" \/>\n<meta name=\"twitter:card\" content=\"summary_large_image\" \/>\n<meta name=\"twitter:label1\" content=\"Gesch\u00e4tzte Lesezeit\" \/>\n\t<meta name=\"twitter:data1\" content=\"2\u00a0Minuten\" \/>\n<script type=\"application\/ld+json\" class=\"yoast-schema-graph\">{\"@context\":\"https:\\\/\\\/schema.org\",\"@graph\":[{\"@type\":\"WebPage\",\"@id\":\"https:\\\/\\\/the-metals.com\\\/de\\\/green-print-produktion\\\/\",\"url\":\"https:\\\/\\\/the-metals.com\\\/de\\\/green-print-produktion\\\/\",\"name\":\"Green Produktion Print - The Metals\",\"isPartOf\":{\"@id\":\"https:\\\/\\\/the-metals.com\\\/#website\"},\"datePublished\":\"2022-06-17T17:41:43+00:00\",\"dateModified\":\"2026-03-28T09:29:56+00:00\",\"breadcrumb\":{\"@id\":\"https:\\\/\\\/the-metals.com\\\/de\\\/green-print-produktion\\\/#breadcrumb\"},\"inLanguage\":\"de\",\"potentialAction\":[{\"@type\":\"ReadAction\",\"target\":[\"https:\\\/\\\/the-metals.com\\\/de\\\/green-print-produktion\\\/\"]}]},{\"@type\":\"BreadcrumbList\",\"@id\":\"https:\\\/\\\/the-metals.com\\\/de\\\/green-print-produktion\\\/#breadcrumb\",\"itemListElement\":[{\"@type\":\"ListItem\",\"position\":1,\"name\":\"Startseite\",\"item\":\"https:\\\/\\\/the-metals.com\\\/de\\\/\"},{\"@type\":\"ListItem\",\"position\":2,\"name\":\"Green Produktion Print\"}]},{\"@type\":\"WebSite\",\"@id\":\"https:\\\/\\\/the-metals.com\\\/#website\",\"url\":\"https:\\\/\\\/the-metals.com\\\/\",\"name\":\"The Metals\",\"description\":\"\",\"publisher\":{\"@id\":\"https:\\\/\\\/the-metals.com\\\/#organization\"},\"potentialAction\":[{\"@type\":\"SearchAction\",\"target\":{\"@type\":\"EntryPoint\",\"urlTemplate\":\"https:\\\/\\\/the-metals.com\\\/?s={search_term_string}\"},\"query-input\":{\"@type\":\"PropertyValueSpecification\",\"valueRequired\":true,\"valueName\":\"search_term_string\"}}],\"inLanguage\":\"de\"},{\"@type\":\"Organization\",\"@id\":\"https:\\\/\\\/the-metals.com\\\/#organization\",\"name\":\"The-Metall.com\",\"url\":\"https:\\\/\\\/the-metals.com\\\/\",\"logo\":{\"@type\":\"ImageObject\",\"inLanguage\":\"de\",\"@id\":\"https:\\\/\\\/the-metals.com\\\/#\\\/schema\\\/logo\\\/image\\\/\",\"url\":\"https:\\\/\\\/the-metals.com\\\/wp-content\\\/uploads\\\/2021\\\/10\\\/cropped-The-Metals-icon-2.jpg\",\"contentUrl\":\"https:\\\/\\\/the-metals.com\\\/wp-content\\\/uploads\\\/2021\\\/10\\\/cropped-The-Metals-icon-2.jpg\",\"width\":512,\"height\":512,\"caption\":\"The-Metall.com\"},\"image\":{\"@id\":\"https:\\\/\\\/the-metals.com\\\/#\\\/schema\\\/logo\\\/image\\\/\"}}]}<\/script>\n<!-- \/ Yoast SEO plugin. -->","yoast_head_json":{"title":"Green Produktion Print - The Metals","robots":{"index":"index","follow":"follow","max-snippet":"max-snippet:-1","max-image-preview":"max-image-preview:large","max-video-preview":"max-video-preview:-1"},"canonical":"https:\/\/the-metals.com\/de\/green-print-produktion\/","og_locale":"de_DE","og_type":"article","og_title":"Green Produktion Print - The Metals","og_description":"Green Production Print 1. Ein gemeinsames Problem 1.1 Nur nachhaltige Gesch\u00e4ftsmodelle sind zukunftssiche. Unternehmen, mit hohen CO\u2082-Emissionen sehen sich immer st\u00e4rker mit wirtschaftlichen Risiken konfrontiert &#8211; bedingt durch h\u00f6here Verbrauchersensibilit\u00e4t, sich versch\u00e4rfende, politische Vorschriften und grundlegende technologische Fortschritte. Um den CO\u2082-Fu\u00dfabdruck eines Produkts gegen\u00fcber Verbrauchern, Kunden oder Regulierungsbeh\u00f6rden nachzuweisen und mit ihren Lieferanten gezielte Reduktionsma\u00dfnahmen [...]","og_url":"https:\/\/the-metals.com\/de\/green-print-produktion\/","og_site_name":"The Metals","article_modified_time":"2026-03-28T09:29:56+00:00","twitter_card":"summary_large_image","twitter_misc":{"Gesch\u00e4tzte Lesezeit":"2\u00a0Minuten"},"schema":{"@context":"https:\/\/schema.org","@graph":[{"@type":"WebPage","@id":"https:\/\/the-metals.com\/de\/green-print-produktion\/","url":"https:\/\/the-metals.com\/de\/green-print-produktion\/","name":"Green Produktion Print - The Metals","isPartOf":{"@id":"https:\/\/the-metals.com\/#website"},"datePublished":"2022-06-17T17:41:43+00:00","dateModified":"2026-03-28T09:29:56+00:00","breadcrumb":{"@id":"https:\/\/the-metals.com\/de\/green-print-produktion\/#breadcrumb"},"inLanguage":"de","potentialAction":[{"@type":"ReadAction","target":["https:\/\/the-metals.com\/de\/green-print-produktion\/"]}]},{"@type":"BreadcrumbList","@id":"https:\/\/the-metals.com\/de\/green-print-produktion\/#breadcrumb","itemListElement":[{"@type":"ListItem","position":1,"name":"Startseite","item":"https:\/\/the-metals.com\/de\/"},{"@type":"ListItem","position":2,"name":"Green Produktion Print"}]},{"@type":"WebSite","@id":"https:\/\/the-metals.com\/#website","url":"https:\/\/the-metals.com\/","name":"The Metals","description":"","publisher":{"@id":"https:\/\/the-metals.com\/#organization"},"potentialAction":[{"@type":"SearchAction","target":{"@type":"EntryPoint","urlTemplate":"https:\/\/the-metals.com\/?s={search_term_string}"},"query-input":{"@type":"PropertyValueSpecification","valueRequired":true,"valueName":"search_term_string"}}],"inLanguage":"de"},{"@type":"Organization","@id":"https:\/\/the-metals.com\/#organization","name":"The-Metall.com","url":"https:\/\/the-metals.com\/","logo":{"@type":"ImageObject","inLanguage":"de","@id":"https:\/\/the-metals.com\/#\/schema\/logo\/image\/","url":"https:\/\/the-metals.com\/wp-content\/uploads\/2021\/10\/cropped-The-Metals-icon-2.jpg","contentUrl":"https:\/\/the-metals.com\/wp-content\/uploads\/2021\/10\/cropped-The-Metals-icon-2.jpg","width":512,"height":512,"caption":"The-Metall.com"},"image":{"@id":"https:\/\/the-metals.com\/#\/schema\/logo\/image\/"}}]}},"_links":{"self":[{"href":"https:\/\/the-metals.com\/de\/wp-json\/wp\/v2\/pages\/829","targetHints":{"allow":["GET"]}}],"collection":[{"href":"https:\/\/the-metals.com\/de\/wp-json\/wp\/v2\/pages"}],"about":[{"href":"https:\/\/the-metals.com\/de\/wp-json\/wp\/v2\/types\/page"}],"author":[{"embeddable":true,"href":"https:\/\/the-metals.com\/de\/wp-json\/wp\/v2\/users\/2"}],"replies":[{"embeddable":true,"href":"https:\/\/the-metals.com\/de\/wp-json\/wp\/v2\/comments?post=829"}],"version-history":[{"count":13,"href":"https:\/\/the-metals.com\/de\/wp-json\/wp\/v2\/pages\/829\/revisions"}],"predecessor-version":[{"id":1364,"href":"https:\/\/the-metals.com\/de\/wp-json\/wp\/v2\/pages\/829\/revisions\/1364"}],"wp:attachment":[{"href":"https:\/\/the-metals.com\/de\/wp-json\/wp\/v2\/media?parent=829"}],"curies":[{"name":"wp","href":"https:\/\/api.w.org\/{rel}","templated":true}]}}