{"id":563,"date":"2022-05-28T20:07:08","date_gmt":"2022-05-28T18:07:08","guid":{"rendered":"https:\/\/the-metals.com\/?page_id=563"},"modified":"2026-02-09T19:14:25","modified_gmt":"2026-02-09T18:14:25","slug":"raw-diamonds-from-canada","status":"publish","type":"page","link":"https:\/\/the-metals.com\/de\/raw-diamonds-from-canada\/","title":{"rendered":"Raw Diamonds from Canada"},"content":{"rendered":"<h2>Rohe Diamanten aus der Discovery Gosse Mountain Mine<\/h2>\n<p>Die Discovery Gosse Mountain Mine, zeigt nur rohen Diamanten die nachweislich aus unserer Mine kommen, und mit der modernsten Abbaumethoden nachhaltig abgebaut werden. Mit dem Stand der Technik und GPS vermessen wir alle Clans und k\u00f6nnen so jeden einzelnen rohen Diamanten exakt zuordnen und das auf 1 Qm genau. Exakte Planung und Herkunft der rohen Diamanten ist extrem wichtig f\u00fcr die Wertbestimmung. Anders als in unbestimmten Minen wie in Afrika, k\u00f6nnen wir f\u00fcr die Herkunft bis auf 1 qm je Einzelstein die Bestimmung vornehmen und garantieren. Auch die Reinheit und Farbe wird von uns best\u00e4tigt und kann von <a href=\"https:\/\/www.gia.edu\" rel=\"noopener\" target=\"_blank\">GIA New York<\/a> in einem weiteren Pr\u00fcfungsstand gerne garantiert, werden. <\/p>\n<p>Unsere Pr\u00e4sentation von rohen Diamanten, zeigt nur einen Auszug, der Ware die wir liefern k\u00f6nnen. <\/p>\n<p>Ein Verkauf an mehrere Personen wird von unserem System ausgeschlossen. Modernste Software und Hardware sogt daf\u00fcr, das bei einem Kauf oder Bieter unser System, nur einem zugelassenen K\u00e4ufer authorisierte und somit der  Verkauf an mehrere Bieter v\u00f6llig ausgeschlossen wird. Unser Kunde erh\u00e4lt exakt seinen gekauften Artikel und das garantiert wir. Ihre gekaufte Ware liefern wir zuverl\u00e4ssig per Kurier, mit Brinks oder Malca Amit, weltweit und p\u00fcnktlich aus. <\/p>\n<p>Unsere Distributor liefern Ihre gekaufte Ware diskret und direkt bei Ihnen an, oder direkt in die Freezone am n\u00e4chsten Flughafen.<\/p>\n<hr style=\"border: 0; height: 1px; background-image: linear-gradient(to right, rgba(0, 0, 0, 0), rgba(0, 0, 0, 0.75), rgba(0, 0, 0, 0));\"\/>\n<div class=\"shop\">\n<div class=\"row\">\n<div class=\"col-md-3\"><a href=\"https:\/\/the-metals.com\/wp-content\/uploads\/2021\/10\/Canada-2766-Carat.png\" target=\"_blank\" rel=\"noopener\"><br \/>\n<img decoding=\"async\" class=\"aligncenter size-full wp-image-158\" src=\"https:\/\/the-metals.com\/wp-content\/uploads\/2021\/10\/Canada-2766-Carat.png\" alt=\"shop\" \/><br \/>\n<\/a>\n<\/div>\n<div class=\"col-md-4\">\n<h4>Uncut diamond <\/h4>\n<h4>Weight: <strong>27,66 Carat<\/strong><\/h4>\n<h5>Color: light Green <\/h5>\n<h5>Shape: Doctahedron <\/h5>\n<h5>Cutting Plan:  Galaxy Planer 7,01 GIA<\/h5>\n<h5>Clarity: VS <\/h5>\n<h5>Fluorescence: none<\/h5>\n<h4>Price: <strong>on demand USD<\/strong><\/h4>\n<h5>GPS: <a href=\"https:\/\/www.google.com\/maps\/place\/54\u00b028'54.7%22N+116\u00b016'46.0%22W\/@54.4818489,-116.2839167,534m\/data=!3m2!1e3!4b1!4m14!1m7!3m6!1s0x0:0x5a93bc96c1804bc9!2zNTTCsDI3JzU5LjEiTiAxMTbCsDI0JzI3LjEiVw!3b1!8m2!3d54.4664167!4d-116.4075278!3m5!1s0x0:0xa4870baceaf35bda!7e2!8m2!3d54.4818488!4d-116.2794316\" rel=\"noopener\" target=\"_blank\">54\u00b028&#8217;54.7&#8243;N 116\u00b016&#8217;46.0&#8243;W<\/a><\/a> <\/h5>\n<div class=\"col-md-5\">\n<\/div>\n<\/div>\n<\/div>\n<hr style=\"border: 0; height: 1px; background-image: linear-gradient(to right, rgba(0, 0, 0, 0), rgba(0, 0, 0, 0.75), rgba(0, 0, 0, 0));\"\/>\n<div class=\"shop\">\n<div class=\"row\">\n<div class=\"col-md-3\"><a href=\"https:\/\/the-metals.com\/wp-content\/uploads\/2021\/10\/Unknown-1-1.png\" target=\"_blank\" rel=\"noopener\"><br \/>\n<img decoding=\"async\" class=\"aligncenter size-full wp-image-158\" src=\"https:\/\/the-metals.com\/wp-content\/uploads\/2021\/10\/Unknown-1-1.png\" alt=\"shop\" \/><br \/>\n<\/a>\n<\/div>\n<div class=\"col-md-4\">\n<h4>Uncut diamond <\/h4>\n<h4>Weight: <strong>34,16 Carat<\/strong><\/h4>\n<h5>Color: H <\/h5>\n<h5>Shape: Doctahedron <\/h5>\n<h5>Cutting Plan:  Galaxy Planer 7,01 GIA<\/h5>\n<h5>Clarity: VS <\/h5>\n<h5>Fluorescence: none<\/h5>\n<h4>Price: <strong>on demand USD<\/strong><\/h4>\n<h5>GPS: <a href=\"https:\/\/www.google.com\/maps\/place\/54\u00b028'54.7%22N+116\u00b016'46.0%22W\/@54.4818489,-116.2839167,534m\/data=!3m2!1e3!4b1!4m14!1m7!3m6!1s0x0:0x5a93bc96c1804bc9!2zNTTCsDI3JzU5LjEiTiAxMTbCsDI0JzI3LjEiVw!3b1!8m2!3d54.4664167!4d-116.4075278!3m5!1s0x0:0xa4870baceaf35bda!7e2!8m2!3d54.4818488!4d-116.2794316\" rel=\"noopener\" target=\"_blank\">54\u00b028&#8217;54.7&#8243;N 116\u00b016&#8217;46.0&#8243;W<\/a><\/a> <\/h5>\n<div class=\"col-md-5\">\n<\/div>\n<\/div>\n<\/div>\n<hr style=\"border: 0; height: 1px; background-image: linear-gradient(to right, rgba(0, 0, 0, 0), rgba(0, 0, 0, 0.75), rgba(0, 0, 0, 0));\"\/>\n<div class=\"shop\">\n<div class=\"row\">\n<div class=\"col-md-3\"><a href=\"https:\/\/the-metals.com\/wp-content\/uploads\/2021\/10\/DMC04811100-4215-vivid-green.png\" target=\"_blank\" rel=\"noopener\"><br \/>\n<img decoding=\"async\" class=\"aligncenter size-full wp-image-158\" src=\"https:\/\/the-metals.com\/wp-content\/uploads\/2021\/10\/DMC04811100-4215-vivid-green.png\" alt=\"shop\" \/><br \/>\n<\/a>\n<\/div>\n<div class=\"col-md-4\">\n<h4>Uncut diamond <\/h4>\n<h4>Weight: <strong>42,15 Carat<\/strong><\/h4>\n<h5>Color: vivid green <\/h5>\n<h5>Shape: Doctahedron <\/h5>\n<h5>Cutting Plan:  Galaxy Planer 7,01 GIA<\/h5>\n<h5>Clarity: VSS <\/h5>\n<h5>Fluorescence: none<\/h5>\n<h4>Price: <strong>on demand USD<\/strong><\/h4>\n<h5>GPS: <a href=\"https:\/\/www.google.com\/maps\/place\/54\u00b029'23.1%22N+116\u00b018'54.0%22W\/@54.4897391,-116.3175669,513m\/data=!3m2!1e3!4b1!4m10!1m5!3m4!2zNTTCsDI3JzU5LjEiTiAxMTbCsDI0JzI3LjEiVw!8m2!3d54.4664167!4d-116.4075278!3m3!8m2!3d54.489736!4d-116.314992?entry=ttu&#038;g_ep=EgoyMDI1MDIwNC4wIKXMDSoASAFQAw%3D%3D rel=\"noopener\" target=\"_blank\">54\u00b029&#8217;23.1&#8243;N 116\u00b018&#8217;54.0&#8243;W<\/a><\/a> <\/h5>\n<div class=\"col-md-5\">\n<\/div>\n<\/div>\n<\/div>\n<hr style=\"border: 0; height: 1px; background-image: linear-gradient(to right, rgba(0, 0, 0, 0), rgba(0, 0, 0, 0.75), rgba(0, 0, 0, 0));\"\/>\n<div class=\"shop\">\n<div class=\"row\">\n<div class=\"col-md-3\"><a href=\"https:\/\/the-metals.com\/wp-content\/uploads\/2021\/10\/4782-Carat-E.png\" target=\"_blank\" rel=\"noopener\"><br \/>\n<img decoding=\"async\" class=\"aligncenter size-full wp-image-158\" src=\"https:\/\/the-metals.com\/wp-content\/uploads\/2021\/10\/4782-Carat-E.png\" alt=\"shop\" \/><br \/>\n<\/a>\n<\/div>\n<div class=\"col-md-4\">\n<h4>Uncut diamond <\/h4>\n<h4>Weight: <strong>47,82 Carat<\/strong><\/h4>\n<h5>Color: D <\/h5>\n<h5>Shape: Doctahedron <\/h5>\n<h5>Cutting Plan:  Galaxy Planer 7,01 GIA<\/h5>\n<h5>Clarity: VVS <\/h5>\n<h5>Fluorescence: none<\/h5>\n<h4>Price: <strong>on demand USD<\/strong><\/h4>\n<h5>GPS: <a href=\"https:\/\/www.google.com\/maps\/place\/54\u00b028'54.7%22N+116\u00b016'46.0%22W\/@54.4818489,-116.2839167,534m\/data=!3m2!1e3!4b1!4m14!1m7!3m6!1s0x0:0x5a93bc96c1804bc9!2zNTTCsDI3JzU5LjEiTiAxMTbCsDI0JzI3LjEiVw!3b1!8m2!3d54.4664167!4d-116.4075278!3m5!1s0x0:0xa4870baceaf35bda!7e2!8m2!3d54.4818488!4d-116.2794316\" rel=\"noopener\" target=\"_blank\">54\u00b028&#8217;54.7&#8243;N 116\u00b016&#8217;46.0&#8243;W<\/a><\/a> <\/h5>\n<div class=\"col-md-5\">\n<\/div>\n<\/div>\n<\/div>\n<hr style=\"border: 0; height: 1px; background-image: linear-gradient(to right, rgba(0, 0, 0, 0), rgba(0, 0, 0, 0.75), rgba(0, 0, 0, 0));\"\/>\n<div class=\"shop\">\n<div class=\"row\">\n<div class=\"col-md-3\"><a href=\"https:\/\/the-metals.com\/wp-content\/uploads\/2021\/10\/6272-Carat-E.png\" target=\"_blank\" rel=\"noopener\"><br \/>\n<img decoding=\"async\" class=\"aligncenter size-full wp-image-158\" src=\"https:\/\/the-metals.com\/wp-content\/uploads\/2021\/10\/6272-Carat-E.png\" alt=\"shop\" \/><br \/>\n<\/a>\n<\/div>\n<div class=\"col-md-4\">\n<h4>Uncut diamond <\/h4>\n<h4>Weight: <strong>62,72 Carat<\/strong><\/h4>\n<h5>Color: E <\/h5>\n<h5>Shape: Doctahedron <\/h5>\n<h5>Cutting Plan:  Galaxy Planer 7,01 GIA<\/h5>\n<h5>Clarity: VS <\/h5>\n<h5>Fluorescence: none<\/h5>\n<h4>Price: <strong>on demand USD<\/strong><\/h4>\n<h5>GPS: <a href=\"https:\/\/www.google.com\/maps\/place\/54\u00b028'54.7%22N+116\u00b016'46.0%22W\/@54.4818489,-116.2839167,534m\/data=!3m2!1e3!4b1!4m14!1m7!3m6!1s0x0:0x5a93bc96c1804bc9!2zNTTCsDI3JzU5LjEiTiAxMTbCsDI0JzI3LjEiVw!3b1!8m2!3d54.4664167!4d-116.4075278!3m5!1s0x0:0xa4870baceaf35bda!7e2!8m2!3d54.4818488!4d-116.2794316\" rel=\"noopener\" target=\"_blank\">54\u00b028&#8217;54.7&#8243;N 116\u00b016&#8217;46.0&#8243;W<\/a><\/a> <\/h5>\n<div class=\"col-md-5\">\n<\/div>\n<\/div>\n<\/div>\n<hr style=\"border: 0; height: 1px; background-image: linear-gradient(to right, rgba(0, 0, 0, 0), rgba(0, 0, 0, 0.75), rgba(0, 0, 0, 0));\"\/>\n<div class=\"shop\">\n<div class=\"row\">\n<div class=\"col-md-3\"><a href=\"https:\/\/the-metals.com\/wp-content\/uploads\/2021\/10\/Unknown-2-1.png\" target=\"_blank\" rel=\"noopener\"><br \/>\n<img decoding=\"async\" class=\"aligncenter size-full wp-image-158\" src=\"https:\/\/the-metals.com\/wp-content\/uploads\/2021\/10\/Unknown-2-1.png\" alt=\"shop\" \/><br \/>\n<\/a>\n<\/div>\n<div class=\"col-md-4\">\n<h4>Uncut diamond <\/h4>\n<h4>Weight: <strong>71,03 Carat<\/strong><\/h4>\n<h5>Color: G <\/h5>\n<h5>Shape: irregul\u00e4r <\/h5>\n<h5>Cutting Plan:  Galaxy Planer 7,01 GIA<\/h5>\n<h5>Clarity: VS <\/h5>\n<h5>Fluorescence: none<\/h5>\n<h4>Price: <strong>on demand USD<\/strong><\/h4>\n<h5>GPS: <a href=\"https:\/\/www.google.com\/maps\/place\/54\u00b028'54.7%22N+116\u00b016'46.0%22W\/@54.4818489,-116.2839167,534m\/data=!3m2!1e3!4b1!4m14!1m7!3m6!1s0x0:0x5a93bc96c1804bc9!2zNTTCsDI3JzU5LjEiTiAxMTbCsDI0JzI3LjEiVw!3b1!8m2!3d54.4664167!4d-116.4075278!3m5!1s0x0:0xa4870baceaf35bda!7e2!8m2!3d54.4818488!4d-116.2794316\" rel=\"noopener\" target=\"_blank\">54\u00b028&#8217;54.7&#8243;N 116\u00b016&#8217;46.0&#8243;W<\/a><\/a> <\/h5>\n<div class=\"col-md-5\">\n<\/div>\n<\/div>\n<\/div>\n<hr style=\"border: 0; height: 1px; background-image: linear-gradient(to right, rgba(0, 0, 0, 0), rgba(0, 0, 0, 0.75), rgba(0, 0, 0, 0));\"\/>\n<div class=\"shop\">\n<div class=\"row\">\n<div class=\"col-md-3\"><a href=\"https:\/\/the-metals.com\/wp-content\/uploads\/2021\/10\/89-carat-127335.jpg\" target=\"_blank\" rel=\"noopener\"><br \/>\n<img decoding=\"async\" class=\"aligncenter size-full wp-image-158\" src=\"https:\/\/the-metals.com\/wp-content\/uploads\/2021\/10\/89-carat-127335.jpg\" alt=\"shop\" \/><br \/>\n<\/a>\n<\/div>\n<div class=\"col-md-4\">\n<h4>Uncut diamond <\/h4>\n<h4>Weight: <strong>89,17 Carat<\/strong><\/h4>\n<h5>Color:  Champagner<\/h5>\n<h5>Shape: irregul\u00e4r <\/h5>\n<h5>Cutting Plan:  Galaxy Planer 7,01 GIA<\/h5>\n<h5>Clarity: VSS <\/h5>\n<h5>Fluorescence: none<\/h5>\n<h4>Price: <strong>on demand USD<\/strong><\/h4>\n<h5>GPS: <a href=\"https:\/\/www.google.com\/maps\/place\/54\u00b028'54.7%22N+116\u00b016'46.0%22W\/@54.4818489,-116.2839167,534m\/data=!3m2!1e3!4b1!4m14!1m7!3m6!1s0x0:0x5a93bc96c1804bc9!2zNTTCsDI3JzU5LjEiTiAxMTbCsDI0JzI3LjEiVw!3b1!8m2!3d54.4664167!4d-116.4075278!3m5!1s0x0:0xa4870baceaf35bda!7e2!8m2!3d54.4818488!4d-116.2794316\" rel=\"noopener\" target=\"_blank\">54\u00b028&#8217;54.7&#8243;N 116\u00b016&#8217;46.0&#8243;W<\/a><\/a> <\/h5>\n<div class=\"col-md-5\">\n<\/div>\n<\/div>\n<\/div>\n<hr style=\"border: 0; height: 1px; background-image: linear-gradient(to right, rgba(0, 0, 0, 0), rgba(0, 0, 0, 0.75), rgba(0, 0, 0, 0));\"\/>\n<div class=\"shop\">\n<div class=\"row\">\n<div class=\"col-md-3\"><a href=\"https:\/\/the-metals.com\/wp-content\/uploads\/2021\/10\/DMC04811086-11962-Carat-light-yellow.png\" target=\"_blank\" rel=\"noopener\"><br \/>\n<img decoding=\"async\" class=\"aligncenter size-full wp-image-158\" src=\"https:\/\/the-metals.com\/wp-content\/uploads\/2021\/10\/DMC04811086-11962-Carat-light-yellow.png\" alt=\"shop\" \/><br \/>\n<\/a>\n<\/div>\n<div class=\"col-md-4\">\n<h4>Uncut diamond <\/h4>\n<h4>Weight: <strong>119,62Carat<\/strong><\/h4>\n<h5>Color:  vivid yellow<\/h5>\n<h5>Shape: Oktaeder <\/h5>\n<h5>Cutting Plan:  Galaxy Planer 7,01 GIA<\/h5>\n<h5>Clarity: VSS <\/h5>\n<h5>Fluorescence: none<\/h5>\n<h4>Price: <strong>on demand USD<\/strong><\/h4>\n<h5>GPS: <a href=\"https:\/\/www.google.com\/maps\/place\/54\u00b028'54.7%22N+116\u00b016'46.0%22W\/@54.4818489,-116.2839167,534m\/data=!3m2!1e3!4b1!4m14!1m7!3m6!1s0x0:0x5a93bc96c1804bc9!2zNTTCsDI3JzU5LjEiTiAxMTbCsDI0JzI3LjEiVw!3b1!8m2!3d54.4664167!4d-116.4075278!3m5!1s0x0:0xa4870baceaf35bda!7e2!8m2!3d54.4818488!4d-116.2794316\" rel=\"noopener\" target=\"_blank\">54\u00b028&#8217;54.7&#8243;N 116\u00b016&#8217;46.0&#8243;W<\/a><\/a> <\/h5>\n<div class=\"col-md-5\">\n<\/div>\n<\/div>\n<\/div>\n<hr style=\"border: 0; height: 1px; background-image: linear-gradient(to right, rgba(0, 0, 0, 0), rgba(0, 0, 0, 0.75), rgba(0, 0, 0, 0));\"\/>\n<div class=\"shop\">\n<div class=\"row\">\n<div class=\"col-md-3\"><a href=\"https:\/\/the-metals.com\/wp-content\/uploads\/2021\/10\/221-carat-369304.jpg\" target=\"_blank\" rel=\"noopener\"><br \/>\n<img decoding=\"async\" class=\"aligncenter size-full wp-image-158\" src=\"https:\/\/the-metals.com\/wp-content\/uploads\/2021\/10\/221-carat-369304.jpg\" alt=\"shop\" \/><br \/>\n<\/a>\n<\/div>\n<div class=\"col-md-4\">\n<h4>Uncut diamond <\/h4>\n<h4>Weight: <strong>221,03 Carat<\/strong><\/h4>\n<h5>Color: light Champagner <\/h5>\n<h5>Shape: irregul\u00e4r <\/h5>\n<h5>Cutting Plan:  Galaxy Planer 7,01 GIA<\/h5>\n<h5>Clarity: VS <\/h5>\n<h5>Fluorescence: none<\/h5>\n<h4>Price: <strong>on demand USD<\/strong><\/h4>\n<h5>GPS: <a href=\"https:\/\/www.google.com\/maps\/place\/54\u00b029'44.3%22N+116\u00b017'54.5%22W\/@54.4956491,-116.3010439,513m\/data=!3m2!1e3!4b1!4m10!1m5!3m4!2zNTTCsDI3JzU5LjEiTiAxMTbCsDI0JzI3LjEiVw!8m2!3d54.4664167!4d-116.4075278!3m3!8m2!3d54.495646!4d-116.298469?entry=ttu&#038;g_ep=EgoyMDI1MDIwNC4wIKXMDSoASAFQAw%3D%3D rel=\"noopener\" target=\"_blank\">54\u00b029&#8217;44.3&#8243;N 116\u00b017&#8217;54.5&#8243;W<\/a><\/a> <\/h5>\n<div class=\"col-md-5\">\n<\/div>\n<\/div>\n<\/div>\n<hr style=\"border: 0; height: 1px; background-image: linear-gradient(to right, rgba(0, 0, 0, 0), rgba(0, 0, 0, 0.75), rgba(0, 0, 0, 0));\"\/>\n<div class=\"shop\">\n<div class=\"row\">\n<div class=\"col-md-3\"><a href=\"https:\/\/the-metals.com\/wp-content\/uploads\/2021\/10\/DMC04811088-27211-Carat-light-orange.png\" target=\"_blank\" rel=\"noopener\"><br \/>\n<img decoding=\"async\" class=\"aligncenter size-full wp-image-158\" src=\"https:\/\/the-metals.com\/wp-content\/uploads\/2021\/10\/DMC04811088-27211-Carat-light-orange.png\" alt=\"shop\" \/><br \/>\n<\/a>\n<\/div>\n<div class=\"col-md-4\">\n<h4>Uncut diamond <\/h4>\n<h4>Weight: <strong>272,11 Carat<\/strong><\/h4>\n<h5>Color:  fancy orange<\/h5>\n<h5>Shape: Oktaeder <\/h5>\n<h5>Cutting Plan:  Galaxy Planer 7,01 GIA<\/h5>\n<h5>Clarity: VSS <\/h5>\n<h5>Fluorescence: none<\/h5>\n<h4>Price: <strong>on demand USD<\/strong><\/h4>\n<h5>GPS: <a href=\"https:\/\/www.google.com\/maps\/place\/54\u00b030'26.2%22N+116\u00b021'20.1%22W\/@54.5072821,-116.3581599,513m\/data=!3m2!1e3!4b1!4m4!3m3!8m2!3d54.507279!4d-116.355585?entry=ttu&#038;g_ep=EgoyMDI1MDIwNC4wIKXMDSoASAFQAw%3D%3D\" rel=\"noopener\" target=\"_blank\">54\u00b030&#8217;26.2&#8243;N 116\u00b021&#8217;20.1&#8243;W<\/a><\/a> <\/h5>\n<div class=\"col-md-5\">\n<\/div>\n<\/div>\n<\/div>\n<hr style=\"border: 0; height: 1px; background-image: linear-gradient(to right, rgba(0, 0, 0, 0), rgba(0, 0, 0, 0.75), rgba(0, 0, 0, 0));\"\/>\n<div class=\"shop\">\n<div class=\"row\">\n<div class=\"col-md-3\"><a href=\"https:\/\/the-metals.com\/wp-content\/uploads\/2021\/10\/DMC-31782-Carat-black.png\" target=\"_blank\" rel=\"noopener\"><br \/>\n<img decoding=\"async\" class=\"aligncenter size-full wp-image-158\" src=\"https:\/\/the-metals.com\/wp-content\/uploads\/2021\/10\/DMC-31782-Carat-black.png\" alt=\"shop\" \/><br \/>\n<\/a>\n<\/div>\n<div class=\"col-md-4\">\n<h4>Uncut diamond <\/h4>\n<h4>Weight: <strong>317,82 Carat<\/strong><\/h4>\n<h5>Color:  natural Black<\/h5>\n<h4>Price: <strong>on demand USD<\/strong><\/h4>\n<h5>GPS: <a href=\"https:\/\/www.google.com\/maps\/place\/54\u00b029'13.4%22N+116\u00b014'58.0%22W\/@54.4870681,-116.2520089,514m\/data=!3m2!1e3!4b1!4m10!1m5!3m4!2zNTTCsDI3JzU5LjEiTiAxMTbCsDI0JzI3LjEiVw!8m2!3d54.4664167!4d-116.4075278!3m3!8m2!3d54.487065!4d-116.249434?entry=ttu&#038;g_ep=EgoyMDI1MDIwNC4wIKXMDSoASAFQAw%3D%3D\" rel=\"noopener\" target=\"_blank\">54\u00b029&#8217;13.4&#8243;N 116\u00b014&#8217;58.0&#8243;W<\/a><\/a> <\/h5>\n<div class=\"col-md-5\">\n<\/div>\n<\/div>\n<\/div>\n<hr style=\"border: 0; height: 1px; background-image: linear-gradient(to right, rgba(0, 0, 0, 0), rgba(0, 0, 0, 0.75), rgba(0, 0, 0, 0));\"\/>\n<div class=\"shop\">\n<div class=\"row\">\n<div class=\"col-md-3\"><a href=\"https:\/\/the-metals.com\/wp-content\/uploads\/2021\/10\/341-carat-401246.jpg\" target=\"_blank\" rel=\"noopener\"><br \/>\n<img decoding=\"async\" class=\"aligncenter size-full wp-image-158\" src=\"https:\/\/the-metals.com\/wp-content\/uploads\/2021\/10\/341-carat-401246.jpg\" alt=\"shop\" \/><br \/>\n<\/a>\n<\/div>\n<div class=\"col-md-4\">\n<h4>Uncut diamond <\/h4>\n<h4>Weight: <strong>341,65 Carat<\/strong><\/h4>\n<h5>Color: F <\/h5>\n<h5>Shape: irregul\u00e4r <\/h5>\n<h5>Cutting Plan:  Galaxy Planer 7,01 GIA<\/h5>\n<h5>Clarity: VSS <\/h5>\n<h5>Fluorescence: none<\/h5>\n<h4>Price: <strong>on demand USD<\/strong><\/h4>\n<h5>GPS: <a href=\"https:\/\/www.google.com\/maps\/place\/54\u00b028'02.4%22N+116\u00b024'26.6%22W\/@54.467332,-116.4122679,533m\/data=!3m2!1e3!4b1!4m10!1m5!3m4!2zNTTCsDI3JzU5LjEiTiAxMTbCsDI0JzI3LjEiVw!8m2!3d54.4664167!4d-116.4075278!3m3!8m2!3d54.467329!4d-116.407397?entry=ttu&#038;g_ep=EgoyMDI1MDIwNC4wIKXMDSoASAFQAw%3D%3D rel=\"noopener\" target=\"_blank\">54\u00b028&#8217;02.4&#8243;N 116\u00b024&#8217;26.6&#8243;W<\/a><\/a> <\/h5>\n<div class=\"col-md-5\">\n<\/div>\n<\/div>\n<\/div>\n<hr style=\"border: 0; height: 1px; background-image: linear-gradient(to right, rgba(0, 0, 0, 0), rgba(0, 0, 0, 0.75), rgba(0, 0, 0, 0));\"\/>\n<h6>The images are copyright The-Melats.com \u00a9 <\/h6>\n","protected":false},"excerpt":{"rendered":"<p>Rohe Diamanten aus der Discovery Gosse Mountain Mine Die Discovery Gosse Mountain Mine, zeigt nur rohen Diamanten die nachweislich aus unserer Mine kommen, und mit der modernsten Abbaumethoden nachhaltig abgebaut werden. Mit dem Stand der Technik und GPS vermessen wir alle Clans und k\u00f6nnen so jeden einzelnen rohen Diamanten exakt zuordnen und das auf 1 [&#8230;]<\/p>\n","protected":false},"author":2,"featured_media":0,"parent":0,"menu_order":0,"comment_status":"closed","ping_status":"closed","template":"","meta":{"footnotes":""},"class_list":["post-563","page","type-page","status-publish","hentry"],"yoast_head":"<!-- This site is optimized with the Yoast SEO plugin v27.6 - https:\/\/yoast.com\/product\/yoast-seo-wordpress\/ -->\n<title>Discovery Gosse Mountain Mine<\/title>\n<meta name=\"description\" content=\"Discovery Gosse Mountain Mine, rohe Diamanten, Laser Cut Diamanten\" \/>\n<meta name=\"robots\" content=\"index, follow, max-snippet:-1, max-image-preview:large, max-video-preview:-1\" \/>\n<link rel=\"canonical\" href=\"https:\/\/the-metals.com\/de\/raw-diamonds-from-canada\/\" \/>\n<meta property=\"og:locale\" content=\"de_DE\" \/>\n<meta property=\"og:type\" content=\"article\" \/>\n<meta property=\"og:title\" content=\"Discovery Gosse Mountain Mine\" \/>\n<meta property=\"og:description\" content=\"Discovery Gosse Mountain Mine, rohe Diamanten, Laser Cut Diamanten\" \/>\n<meta property=\"og:url\" content=\"https:\/\/the-metals.com\/de\/raw-diamonds-from-canada\/\" \/>\n<meta property=\"og:site_name\" content=\"The Metals\" \/>\n<meta property=\"article:modified_time\" content=\"2026-02-09T18:14:25+00:00\" \/>\n<meta property=\"og:image\" content=\"https:\/\/the-metals.com\/wp-content\/uploads\/2021\/10\/Canada-2766-Carat.png\" \/>\n<meta name=\"twitter:card\" content=\"summary_large_image\" \/>\n<meta name=\"twitter:label1\" content=\"Gesch\u00e4tzte Lesezeit\" \/>\n\t<meta name=\"twitter:data1\" content=\"2\u00a0Minuten\" \/>\n<script type=\"application\/ld+json\" class=\"yoast-schema-graph\">{\"@context\":\"https:\\\/\\\/schema.org\",\"@graph\":[{\"@type\":\"WebPage\",\"@id\":\"https:\\\/\\\/the-metals.com\\\/de\\\/raw-diamonds-from-canada\\\/\",\"url\":\"https:\\\/\\\/the-metals.com\\\/de\\\/raw-diamonds-from-canada\\\/\",\"name\":\"Discovery Gosse Mountain Mine\",\"isPartOf\":{\"@id\":\"https:\\\/\\\/the-metals.com\\\/#website\"},\"primaryImageOfPage\":{\"@id\":\"https:\\\/\\\/the-metals.com\\\/de\\\/raw-diamonds-from-canada\\\/#primaryimage\"},\"image\":{\"@id\":\"https:\\\/\\\/the-metals.com\\\/de\\\/raw-diamonds-from-canada\\\/#primaryimage\"},\"thumbnailUrl\":\"https:\\\/\\\/the-metals.com\\\/wp-content\\\/uploads\\\/2021\\\/10\\\/Canada-2766-Carat.png\",\"datePublished\":\"2022-05-28T18:07:08+00:00\",\"dateModified\":\"2026-02-09T18:14:25+00:00\",\"description\":\"Discovery Gosse Mountain Mine, rohe Diamanten, Laser Cut Diamanten\",\"breadcrumb\":{\"@id\":\"https:\\\/\\\/the-metals.com\\\/de\\\/raw-diamonds-from-canada\\\/#breadcrumb\"},\"inLanguage\":\"de\",\"potentialAction\":[{\"@type\":\"ReadAction\",\"target\":[\"https:\\\/\\\/the-metals.com\\\/de\\\/raw-diamonds-from-canada\\\/\"]}]},{\"@type\":\"ImageObject\",\"inLanguage\":\"de\",\"@id\":\"https:\\\/\\\/the-metals.com\\\/de\\\/raw-diamonds-from-canada\\\/#primaryimage\",\"url\":\"https:\\\/\\\/the-metals.com\\\/wp-content\\\/uploads\\\/2021\\\/10\\\/Canada-2766-Carat.png\",\"contentUrl\":\"https:\\\/\\\/the-metals.com\\\/wp-content\\\/uploads\\\/2021\\\/10\\\/Canada-2766-Carat.png\"},{\"@type\":\"BreadcrumbList\",\"@id\":\"https:\\\/\\\/the-metals.com\\\/de\\\/raw-diamonds-from-canada\\\/#breadcrumb\",\"itemListElement\":[{\"@type\":\"ListItem\",\"position\":1,\"name\":\"Startseite\",\"item\":\"https:\\\/\\\/the-metals.com\\\/de\\\/\"},{\"@type\":\"ListItem\",\"position\":2,\"name\":\"Raw Diamonds from Canada\"}]},{\"@type\":\"WebSite\",\"@id\":\"https:\\\/\\\/the-metals.com\\\/#website\",\"url\":\"https:\\\/\\\/the-metals.com\\\/\",\"name\":\"The Metals\",\"description\":\"\",\"publisher\":{\"@id\":\"https:\\\/\\\/the-metals.com\\\/#organization\"},\"potentialAction\":[{\"@type\":\"SearchAction\",\"target\":{\"@type\":\"EntryPoint\",\"urlTemplate\":\"https:\\\/\\\/the-metals.com\\\/?s={search_term_string}\"},\"query-input\":{\"@type\":\"PropertyValueSpecification\",\"valueRequired\":true,\"valueName\":\"search_term_string\"}}],\"inLanguage\":\"de\"},{\"@type\":\"Organization\",\"@id\":\"https:\\\/\\\/the-metals.com\\\/#organization\",\"name\":\"The-Metall.com\",\"url\":\"https:\\\/\\\/the-metals.com\\\/\",\"logo\":{\"@type\":\"ImageObject\",\"inLanguage\":\"de\",\"@id\":\"https:\\\/\\\/the-metals.com\\\/#\\\/schema\\\/logo\\\/image\\\/\",\"url\":\"https:\\\/\\\/the-metals.com\\\/wp-content\\\/uploads\\\/2021\\\/10\\\/cropped-The-Metals-icon-2.jpg\",\"contentUrl\":\"https:\\\/\\\/the-metals.com\\\/wp-content\\\/uploads\\\/2021\\\/10\\\/cropped-The-Metals-icon-2.jpg\",\"width\":512,\"height\":512,\"caption\":\"The-Metall.com\"},\"image\":{\"@id\":\"https:\\\/\\\/the-metals.com\\\/#\\\/schema\\\/logo\\\/image\\\/\"}}]}<\/script>\n<!-- \/ Yoast SEO plugin. -->","yoast_head_json":{"title":"Discovery Gosse Mountain Mine","description":"Discovery Gosse Mountain Mine, rohe Diamanten, Laser Cut Diamanten","robots":{"index":"index","follow":"follow","max-snippet":"max-snippet:-1","max-image-preview":"max-image-preview:large","max-video-preview":"max-video-preview:-1"},"canonical":"https:\/\/the-metals.com\/de\/raw-diamonds-from-canada\/","og_locale":"de_DE","og_type":"article","og_title":"Discovery Gosse Mountain Mine","og_description":"Discovery Gosse Mountain Mine, rohe Diamanten, Laser Cut Diamanten","og_url":"https:\/\/the-metals.com\/de\/raw-diamonds-from-canada\/","og_site_name":"The Metals","article_modified_time":"2026-02-09T18:14:25+00:00","og_image":[{"url":"https:\/\/the-metals.com\/wp-content\/uploads\/2021\/10\/Canada-2766-Carat.png","type":"","width":"","height":""}],"twitter_card":"summary_large_image","twitter_misc":{"Gesch\u00e4tzte Lesezeit":"2\u00a0Minuten"},"schema":{"@context":"https:\/\/schema.org","@graph":[{"@type":"WebPage","@id":"https:\/\/the-metals.com\/de\/raw-diamonds-from-canada\/","url":"https:\/\/the-metals.com\/de\/raw-diamonds-from-canada\/","name":"Discovery Gosse Mountain Mine","isPartOf":{"@id":"https:\/\/the-metals.com\/#website"},"primaryImageOfPage":{"@id":"https:\/\/the-metals.com\/de\/raw-diamonds-from-canada\/#primaryimage"},"image":{"@id":"https:\/\/the-metals.com\/de\/raw-diamonds-from-canada\/#primaryimage"},"thumbnailUrl":"https:\/\/the-metals.com\/wp-content\/uploads\/2021\/10\/Canada-2766-Carat.png","datePublished":"2022-05-28T18:07:08+00:00","dateModified":"2026-02-09T18:14:25+00:00","description":"Discovery Gosse Mountain Mine, rohe Diamanten, Laser Cut Diamanten","breadcrumb":{"@id":"https:\/\/the-metals.com\/de\/raw-diamonds-from-canada\/#breadcrumb"},"inLanguage":"de","potentialAction":[{"@type":"ReadAction","target":["https:\/\/the-metals.com\/de\/raw-diamonds-from-canada\/"]}]},{"@type":"ImageObject","inLanguage":"de","@id":"https:\/\/the-metals.com\/de\/raw-diamonds-from-canada\/#primaryimage","url":"https:\/\/the-metals.com\/wp-content\/uploads\/2021\/10\/Canada-2766-Carat.png","contentUrl":"https:\/\/the-metals.com\/wp-content\/uploads\/2021\/10\/Canada-2766-Carat.png"},{"@type":"BreadcrumbList","@id":"https:\/\/the-metals.com\/de\/raw-diamonds-from-canada\/#breadcrumb","itemListElement":[{"@type":"ListItem","position":1,"name":"Startseite","item":"https:\/\/the-metals.com\/de\/"},{"@type":"ListItem","position":2,"name":"Raw Diamonds from Canada"}]},{"@type":"WebSite","@id":"https:\/\/the-metals.com\/#website","url":"https:\/\/the-metals.com\/","name":"The Metals","description":"","publisher":{"@id":"https:\/\/the-metals.com\/#organization"},"potentialAction":[{"@type":"SearchAction","target":{"@type":"EntryPoint","urlTemplate":"https:\/\/the-metals.com\/?s={search_term_string}"},"query-input":{"@type":"PropertyValueSpecification","valueRequired":true,"valueName":"search_term_string"}}],"inLanguage":"de"},{"@type":"Organization","@id":"https:\/\/the-metals.com\/#organization","name":"The-Metall.com","url":"https:\/\/the-metals.com\/","logo":{"@type":"ImageObject","inLanguage":"de","@id":"https:\/\/the-metals.com\/#\/schema\/logo\/image\/","url":"https:\/\/the-metals.com\/wp-content\/uploads\/2021\/10\/cropped-The-Metals-icon-2.jpg","contentUrl":"https:\/\/the-metals.com\/wp-content\/uploads\/2021\/10\/cropped-The-Metals-icon-2.jpg","width":512,"height":512,"caption":"The-Metall.com"},"image":{"@id":"https:\/\/the-metals.com\/#\/schema\/logo\/image\/"}}]}},"_links":{"self":[{"href":"https:\/\/the-metals.com\/de\/wp-json\/wp\/v2\/pages\/563","targetHints":{"allow":["GET"]}}],"collection":[{"href":"https:\/\/the-metals.com\/de\/wp-json\/wp\/v2\/pages"}],"about":[{"href":"https:\/\/the-metals.com\/de\/wp-json\/wp\/v2\/types\/page"}],"author":[{"embeddable":true,"href":"https:\/\/the-metals.com\/de\/wp-json\/wp\/v2\/users\/2"}],"replies":[{"embeddable":true,"href":"https:\/\/the-metals.com\/de\/wp-json\/wp\/v2\/comments?post=563"}],"version-history":[{"count":46,"href":"https:\/\/the-metals.com\/de\/wp-json\/wp\/v2\/pages\/563\/revisions"}],"predecessor-version":[{"id":1296,"href":"https:\/\/the-metals.com\/de\/wp-json\/wp\/v2\/pages\/563\/revisions\/1296"}],"wp:attachment":[{"href":"https:\/\/the-metals.com\/de\/wp-json\/wp\/v2\/media?parent=563"}],"curies":[{"name":"wp","href":"https:\/\/api.w.org\/{rel}","templated":true}]}}