{"id":461,"date":"2022-05-28T16:33:14","date_gmt":"2022-05-28T14:33:14","guid":{"rendered":"https:\/\/the-metals.com\/?page_id=461"},"modified":"2026-02-09T19:13:47","modified_gmt":"2026-02-09T18:13:47","slug":"nuggets-from-the-mining","status":"publish","type":"page","link":"https:\/\/the-metals.com\/de\/nuggets-from-the-mining\/","title":{"rendered":"Nuggets from the Mining"},"content":{"rendered":"<h4> Nuggets from our Mining <\/h4>\n<p>Durch den t\u00e4glichen Abbau von edlen Metallen und seltenen Erden, sind wir in der Lage auch exklusive und sehr seltene Nuggets unseren Kunden und Sammlern anbieten zu k\u00f6nnen. Unser Nuggets haben ein Zertifikat und bekommen ein GEO Print mit den exakten GPS Daten f\u00fcr jedes Nugget. Unsere Transparenz zeichnet sich dadurch aus, alle Koordinaten zu ver\u00f6ffentlichen:<\/p>\n<h5> Die geografische L\u00e4nge \u03bb <\/h5>\n<p>Die geografische L\u00e4nge eines Ortes ist der Winkel an der Erdachse zum Nullmeridian. (Man stelle sich hierzu die Erde als Apfel vor, schneide ihn in der \u201e\u00c4quatormitte\u201c durch, suche den Nullmeridian auf der \u00c4quatorlinie und bestimme den Winkel zum Meridian des gesuchten Punktes.)<\/p>\n<h5> Die geografische Breite \u03c6 <\/h5>\n<p>Die Breitenkreise verlaufen parallel zum \u00c4quator. Man z\u00e4hlt nach Norden und S\u00fcden je 90 Breitenkreise und spricht somit von n\u00f6rdlicher und s\u00fcdlicher Breite. Ihr Umfang nimmt mit zunehmender Breite zu den Polen hin ab. Die geografische Breite eines Punktes ist nichts anders als der Winkel am Erdmittelpunkt zwischen der \u00c4quatorebene und der Geraden zum Punkt auf der Erdoberfl\u00e4che. H\u00f6rt sich kompliziert an, ist es aber nicht. <\/p>\n<div class=\"promo-box \">\n<div class=\"promo-text\">\n<h4> Jeder Findling \/ Nugget erh\u00e4lt den GEO Print und wird in Canada registriert. <\/p>\n<\/h5>\n<p> Alle Preise sind ohne MwSt, ohne Versandkosten und Versicherungskosten. <\/h5>\n<\/div>\n<\/div>\n<h4 style=\"color:#ff; background:#d8d8d8; padding:5px\">Gold Nuggets from our Mine <\/h4>\n<hr>\n<hr style=\"border: 0; height: 1px; background-image: linear-gradient(to right, rgba(0, 0, 0, 0), rgba(0, 0, 0, 0.75), rgba(0, 0, 0, 0));\"\/>\n<div class=\"shop\">\n<div class=\"row\">\n<div class=\"col-md-3\">\n<a href=\"https:\/\/the-metals.com\/wp-content\/uploads\/2021\/10\/Canada-Nuget-5711-Gramm.png\" target=\"_blank\" rel=\"noopener\"><br \/>\n<img decoding=\"async\" class=\"aligncenter size-full wp-image-158\" src=\"https:\/\/the-metals.com\/wp-content\/uploads\/2021\/10\/Canada-Nuget-5711-Gramm.png\" alt=\"shop\"\/><br \/>\n<\/a>\n<\/div>\n<div class=\"col-md-4\">\n<h5>Gold Nugget <strong> AU<\/strong> <\/h5>\n<h5>Purity: 99,28% <\/h5>\n<h5>Qualit\u00e4t: 57,11 Gramm <\/h5>\n<h5>Form: Nugget <\/h5>\n<h5>GPS: <a href=\"https:\/\/www.google.com\/maps\/place\/54\u00b027'59.1%22N+116\u00b024'27.1%22W\/@54.466421,-116.4086113,267m\/data=!3m2!1e3!4b1!4m14!1m7!3m6!1s0x5398932472766fd9:0x797ca64844bd1aa8!2sSwan+Hills,+Alberta+T0G+2C0,+Kanada!3b1!8m2!3d54.7166944!4d-115.4027919!3m5!1s0x0:0x9eb1a3a06cdc6568!7e2!8m2!3d54.466421!4d-116.4075172\" rel=\"noopener\" target=\"_blank\">54\u00b027&#8217;59.1&#8243;N 116\u00b024&#8217;27.1&#8243;W<\/a> <\/h5>\n<h5>Delivery Time: Two weeks <\/h5>\n<h5>Packed up: PE\/PET 100my<\/h5>\n<h5>Delivery: Worldwide<\/h5>\n<h5>Report: Yes<\/h5>\n<h5> <\/h5>\n<\/div>\n<div class=\"col-md-5\">\n<h4 class=\"price\">Price <strong> 10.280 <\/strong> USD total<\/h4>\n<\/div>\n<\/div>\n<\/div>\n<hr style=\"border: 0; height: 1px; background-image: linear-gradient(to right, rgba(0, 0, 0, 0), rgba(0, 0, 0, 0.75), rgba(0, 0, 0, 0));\"\/>\n<div class=\"shop\">\n<div class=\"row\">\n<div class=\"col-md-3\">\n<a href=\"https:\/\/the-metals.com\/wp-content\/uploads\/2021\/10\/Nugget-6682-Gramm.png\" target=\"_blank\" rel=\"noopener\"><br \/>\n<img decoding=\"async\" class=\"aligncenter size-full wp-image-158\" src=\"https:\/\/the-metals.com\/wp-content\/uploads\/2021\/10\/Nugget-6682-Gramm.png\" alt=\"shop\"\/><br \/>\n<\/a>\n<\/div>\n<div class=\"col-md-4\">\n<h5>Gold Nugget <strong> AU<\/strong> <\/h5>\n<h5>Purity: 99,83% <\/h5>\n<h5>Qualit\u00e4t: 66,82 Gramm <\/h5>\n<h5>Form: Nugget <\/h5>\n<h5>GPS: <a href=\"https:\/\/www.google.com\/maps\/place\/54\u00b027'59.1%22N+116\u00b024'27.1%22W\/@54.466421,-116.4086113,267m\/data=!3m2!1e3!4b1!4m14!1m7!3m6!1s0x5398932472766fd9:0x797ca64844bd1aa8!2sSwan+Hills,+Alberta+T0G+2C0,+Kanada!3b1!8m2!3d54.7166944!4d-115.4027919!3m5!1s0x0:0x9eb1a3a06cdc6568!7e2!8m2!3d54.466421!4d-116.4075172\" rel=\"noopener\" target=\"_blank\">54\u00b027&#8217;59.1&#8243;N 116\u00b024&#8217;27.1&#8243;W<\/a> <\/h5>\n<h5>Delivery Time: Two weeks <\/h5>\n<h5>Packed up: PE\/PET 100my<\/h5>\n<h5>Delivery: Worldwide<\/h5>\n<h5>Report: Yes<\/h5>\n<h5> <\/h5>\n<\/div>\n<div class=\"col-md-5\">\n<h4 class=\"price\">Price <strong> 12.024 <\/strong> USD total<\/h4>\n<\/div>\n<\/div>\n<\/div>\n<hr style=\"border: 0; height: 1px; background-image: linear-gradient(to right, rgba(0, 0, 0, 0), rgba(0, 0, 0, 0.75), rgba(0, 0, 0, 0));\"\/>\n<div class=\"shop\">\n<div class=\"row\">\n<div class=\"col-md-3\">\n<a href=\"https:\/\/the-metals.com\/wp-content\/uploads\/2021\/10\/Canada-Nuget-8711-Gramm.png\" target=\"_blank\" rel=\"noopener\"><br \/>\n<img decoding=\"async\" class=\"aligncenter size-full wp-image-158\" src=\"https:\/\/the-metals.com\/wp-content\/uploads\/2021\/10\/Canada-Nuget-8711-Gramm.png\" alt=\"shop\"\/><br \/>\n<\/a>\n<\/div>\n<div class=\"col-md-4\">\n<h5>Gold Nugget <strong> AU<\/strong> <\/h5>\n<h5>Purity: 99,21% <\/h5>\n<h5>Qualit\u00e4t: 87,11 Gramm <\/h5>\n<h5>Form: Nugget <\/h5>\n<h5>GPS: <a href=\"https:\/\/www.google.com\/maps\/place\/54\u00b027'53.4%22N+116\u00b024'27.4%22W\/@54.464716,-116.4072919,240m\/data=!3m1!1e3!4m5!3m4!1s0x0:0xd1b04d91e5043a9f!8m2!3d54.4648333!4d-116.4076111\" rel=\"noopener\" target=\"_blank\">54\u00b028&#8217;00.7&#8243;N 116\u00b024&#8217;25.5&#8243;W<\/a><\/a> <\/h5>\n<h5>Delivery Time: Two weeks <\/h5>\n<h5>Packed up: PE\/PET 100my<\/h5>\n<h5>Delivery: Worldwide<\/h5>\n<h5>Report: Yes<\/h5>\n<h5> <\/h5>\n<\/div>\n<div class=\"col-md-5\">\n<h4 class=\"price\">Price <strong> 15.680 <\/strong> USD total<\/h4>\n<\/div>\n<\/div>\n<\/div>\n<hr style=\"border: 0; height: 1px; background-image: linear-gradient(to right, rgba(0, 0, 0, 0), rgba(0, 0, 0, 0.75), rgba(0, 0, 0, 0));\"\/>\n<div class=\"shop\">\n<div class=\"row\">\n<div class=\"col-md-3\">\n<a href=\"https:\/\/the-metals.com\/wp-content\/uploads\/2021\/10\/Canada-Nuget-9141-Gramm.png\" target=\"_blank\" rel=\"noopener\"><br \/>\n<img decoding=\"async\" class=\"aligncenter size-full wp-image-158\" src=\"https:\/\/the-metals.com\/wp-content\/uploads\/2021\/10\/Canada-Nuget-9141-Gramm.png\" alt=\"shop\"\/><br \/>\n<\/a>\n<\/div>\n<div class=\"col-md-4\">\n<h5>Gold Nugget <strong> AU<\/strong> <\/h5>\n<h5>Purity: 99,43% <\/h5>\n<h5>Qualit\u00e4t: 91,41 Gramm <\/h5>\n<h5>Form: Nugget <\/h5>\n<h5>GPS: <a href=\"https:\/\/www.google.com\/maps\/place\/54\u00b028'00.7%22N+116\u00b024'25.5%22W\/@54.4668611,-116.409272,465m\/data=!3m2!1e3!4b1!4m5!3m4!1s0x0:0x985ef0d6e21c5bec!8m2!3d54.4668611!4d-116.4070833\" rel=\"noopener\" target=\"_blank\">54\u00b028&#8217;00.7&#8243;N 116\u00b024&#8217;25.5&#8243;W<\/a><\/a> <\/h5>\n<h5>Delivery Time: Two weeks <\/h5>\n<h5>Packed up: PE\/PET 100my<\/h5>\n<h5>Delivery: Worldwide<\/h5>\n<h5>Report: Yes<\/h5>\n<h5> <\/h5>\n<\/div>\n<div class=\"col-md-5\">\n<h4 class=\"price\">Price <strong>16.454 <\/strong> USD total<\/h4>\n<\/div>\n<\/div>\n<\/div>\n<hr style=\"border: 0; height: 1px; background-image: linear-gradient(to right, rgba(0, 0, 0, 0), rgba(0, 0, 0, 0.75), rgba(0, 0, 0, 0));\"\/>\n<div class=\"shop\">\n<div class=\"row\">\n<div class=\"col-md-3\">\n<a href=\"https:\/\/the-metals.com\/wp-content\/uploads\/2021\/10\/Canada-Nuget-9151-Gramm.png\" target=\"_blank\" rel=\"noopener\"><br \/>\n<img decoding=\"async\" class=\"aligncenter size-full wp-image-158\" src=\"https:\/\/the-metals.com\/wp-content\/uploads\/2021\/10\/Canada-Nuget-9151-Gramm.png\" alt=\"shop\"\/><br \/>\n<\/a>\n<\/div>\n<div class=\"col-md-4\">\n<h5>Gold Nugget <strong> AU<\/strong> <\/h5>\n<h5>Purity: 99,28% <\/h5>\n<h5>Qualit\u00e4t: 91,51 Gramm <\/h5>\n<h5>Form: Nugget <\/h5>\n<h5>GPS: <a href=\"https:\/\/www.google.com\/maps\/place\/54\u00b027'54.5%22N+116\u00b024'28.0%22W\/@54.4651389,-116.4099665,465m\/data=!3m2!1e3!4b1!4m5!3m4!1s0x0:0x9fdec37f3d526596!8m2!3d54.4651389!4d-116.4077778\" rel=\"noopener\" target=\"_blank\">54\u00b027&#8217;54.5&#8243;N 116\u00b024&#8217;28.0&#8243;W<\/a><\/a> <\/h5>\n<h5>Delivery Time: Two weeks <\/h5>\n<h5>Packed up: PE\/PET 100my<\/h5>\n<h5>Delivery: Worldwide<\/h5>\n<h5>Report: Yes<\/h5>\n<h5> <\/h5>\n<\/div>\n<div class=\"col-md-5\">\n<h4 class=\"price\">Price <strong> 16.472 <\/strong> USD total<\/h4>\n<\/div>\n<\/div>\n<\/div>\n<hr style=\"border: 0; height: 1px; background-image: linear-gradient(to right, rgba(0, 0, 0, 0), rgba(0, 0, 0, 0.75), rgba(0, 0, 0, 0));\"\/>\n<div class=\"shop\">\n<div class=\"row\">\n<div class=\"col-md-3\">\n<a href=\"https:\/\/the-metals.com\/wp-content\/uploads\/2021\/10\/Canada-Nuget-9783-Gramm.png\" target=\"_blank\" rel=\"noopener\"><br \/>\n<img decoding=\"async\" class=\"aligncenter size-full wp-image-158\" src=\"https:\/\/the-metals.com\/wp-content\/uploads\/2021\/10\/Canada-Nuget-9783-Gramm.png\" alt=\"shop\"\/><br \/>\n<\/a>\n<\/div>\n<div class=\"col-md-4\">\n<h5>Gold Nugget <strong> AU<\/strong> <\/h5>\n<h5>Purity: 99,61% <\/h5>\n<h5>Qualit\u00e4t: 112,93 Gramm <\/h5>\n<h5>Form: Nugget <\/h5>\n<h5>GPS: <a href=\"https:\/\/www.google.com\/maps\/place\/54\u00b028'01.0%22N+116\u00b024'29.1%22W\/@54.4669444,-116.410272,465m\/data=!3m2!1e3!4b1!4m5!3m4!1s0x0:0x6fa28bb96fa595f3!8m2!3d54.4669444!4d-116.4080833\" rel=\"noopener\" target=\"_blank\">54\u00b028&#8217;01.0&#8243;N 116\u00b024&#8217;29.1&#8243;W<\/a><\/a> <\/h5>\n<h5>Delivery Time: Two weeks <\/h5>\n<h5>Packed up: PE\/PET 100my<\/h5>\n<h5>Delivery: Worldwide<\/h5>\n<h5>Report: Yes<\/h5>\n<h5> <\/h5>\n<\/div>\n<div class=\"col-md-5\">\n<h4 class=\"price\">Price <strong>20.327 <\/strong> USD total<\/h4>\n<\/div>\n<\/div>\n<\/div>\n<hr style=\"border: 0; height: 1px; background-image: linear-gradient(to right, rgba(0, 0, 0, 0), rgba(0, 0, 0, 0.75), rgba(0, 0, 0, 0));\"\/>\n<div class=\"shop\">\n<div class=\"row\">\n<div class=\"col-md-3\">\n<a href=\"https:\/\/the-metals.com\/wp-content\/uploads\/2021\/10\/Canada-Nuget-16221-Gramm.png\" target=\"_blank\" rel=\"noopener\"><br \/>\n<img decoding=\"async\" class=\"aligncenter size-full wp-image-158\" src=\"https:\/\/the-metals.com\/wp-content\/uploads\/2021\/10\/Canada-Nuget-16221-Gramm.png\" alt=\"shop\"\/><br \/>\n<\/a>\n<\/div>\n<div class=\"col-md-4\">\n<h5>Gold Nugget <strong> AU<\/strong> <\/h5>\n<h5>Purity: 99,21% <\/h5>\n<h5>Qualit\u00e4t: 162,21 Gramm <\/h5>\n<h5>Form: Nugget <\/h5>\n<h5>GPS: <a href=\"https:\/\/www.google.com\/maps\/place\/54\u00b028'01.8%22N+116\u00b024'21.3%22W\/@54.4671667,-116.4081054,465m\/data=!3m2!1e3!4b1!4m5!3m4!1s0x0:0xfaffb6e0ecaaad8a!8m2!3d54.4671667!4d-116.4059167\" rel=\"noopener\" target=\"_blank\">54\u00b028&#8217;01.8&#8243;N 116\u00b024&#8217;21.3&#8243;W<\/a><\/a> <\/h5>\n<h5>Delivery Time: Two weeks <\/h5>\n<h5>Packed up: PE\/PET 100my<\/h5>\n<h5>Delivery: Worldwide<\/h5>\n<h5>Report: Yes<\/h5>\n<h5> <\/h5>\n<\/div>\n<div class=\"col-md-5\">\n<h4 class=\"price\">Price <strong> 29.198 <\/strong> USD total<\/h4>\n<\/div>\n<\/div>\n<\/div>\n<hr style=\"border: 0; height: 1px; background-image: linear-gradient(to right, rgba(0, 0, 0, 0), rgba(0, 0, 0, 0.75), rgba(0, 0, 0, 0));\"\/>\n<div class=\"shop\">\n<div class=\"row\">\n<div class=\"col-md-3\">\n<a href=\"https:\/\/the-metals.com\/wp-content\/uploads\/2021\/10\/gold-nugget-2.11983-Gramm.png\" target=\"_blank\" rel=\"noopener\"><br \/>\n<img decoding=\"async\" class=\"aligncenter size-full wp-image-158\" src=\"https:\/\/the-metals.com\/wp-content\/uploads\/2021\/10\/gold-nugget-2.11983-Gramm.png\" alt=\"shop\"\/><br \/>\n<\/a>\n<\/div>\n<div class=\"col-md-4\">\n<h5>Gold Nugget <strong> AU<\/strong> <\/h5>\n<h5>Purity: 99,71% <\/h5>\n<h5>Qualit\u00e4t: 2.119,83 Gramm <\/h5>\n<h5>Form: Nugget <\/h5>\n<h5>GPS: <a href=\"https:\/\/www.google.com\/maps\/place\/54\u00b025'44.7%22N+116\u00b016'19.9%22W\/@54.428072,-116.2837923,2411m\/data=!3m1!1e3!4m4!3m3!8m2!3d54.429085!4d-116.272197?entry=ttu&#038;g_ep=EgoyMDI1MDIwNC4wIKXMDSoASAFQAw%3D%3D\" rel=\"noopener\" target=\"_blank\">54\u00b025&#8217;44.7&#8243;N 116\u00b016&#8217;19.9&#8243;W<\/a><\/a> <\/h5>\n<h5>Delivery Time: Two weeks <\/h5>\n<h5>Packed up: PE\/PET 100my<\/h5>\n<h5>Delivery: Worldwide<\/h5>\n<h5>Report: Yes<\/h5>\n<h5> <\/h5>\n<\/div>\n<div class=\"col-md-5\">\n<h4 class=\"price\">Price <strong> 381.570 <\/strong> USD total<\/h4>\n<\/div>\n<\/div>\n<\/div>\n<hr style=\"border: 0; height: 1px; background-image: linear-gradient(to right, rgba(0, 0, 0, 0), rgba(0, 0, 0, 0.75), rgba(0, 0, 0, 0));\"\/>\n<h6>The images are copyright The-Melats.com \u00a9 <\/h6>\n","protected":false},"excerpt":{"rendered":"<p>Nuggets from our Mining Durch den t\u00e4glichen Abbau von edlen Metallen und seltenen Erden, sind wir in der Lage auch exklusive und sehr seltene Nuggets unseren Kunden und Sammlern anbieten zu k\u00f6nnen. Unser Nuggets haben ein Zertifikat und bekommen ein GEO Print mit den exakten GPS Daten f\u00fcr jedes Nugget. Unsere Transparenz zeichnet sich dadurch [&#8230;]<\/p>\n","protected":false},"author":2,"featured_media":0,"parent":0,"menu_order":0,"comment_status":"closed","ping_status":"closed","template":"","meta":{"footnotes":""},"class_list":["post-461","page","type-page","status-publish","hentry"],"yoast_head":"<!-- This site is optimized with the Yoast SEO plugin v27.6 - https:\/\/yoast.com\/product\/yoast-seo-wordpress\/ -->\n<title>Nuggets from the Mining - The Metals<\/title>\n<meta name=\"robots\" content=\"index, follow, max-snippet:-1, max-image-preview:large, max-video-preview:-1\" \/>\n<link rel=\"canonical\" href=\"https:\/\/the-metals.com\/de\/nuggets-from-the-mining\/\" \/>\n<meta property=\"og:locale\" content=\"de_DE\" \/>\n<meta property=\"og:type\" content=\"article\" \/>\n<meta property=\"og:title\" content=\"Nuggets from the Mining - The Metals\" \/>\n<meta property=\"og:description\" content=\"Nuggets from our Mining Durch den t\u00e4glichen Abbau von edlen Metallen und seltenen Erden, sind wir in der Lage auch exklusive und sehr seltene Nuggets unseren Kunden und Sammlern anbieten zu k\u00f6nnen. Unser Nuggets haben ein Zertifikat und bekommen ein GEO Print mit den exakten GPS Daten f\u00fcr jedes Nugget. Unsere Transparenz zeichnet sich dadurch [...]\" \/>\n<meta property=\"og:url\" content=\"https:\/\/the-metals.com\/de\/nuggets-from-the-mining\/\" \/>\n<meta property=\"og:site_name\" content=\"The Metals\" \/>\n<meta property=\"article:modified_time\" content=\"2026-02-09T18:13:47+00:00\" \/>\n<meta property=\"og:image\" content=\"https:\/\/the-metals.com\/wp-content\/uploads\/2021\/10\/Canada-Nuget-5711-Gramm.png\" \/>\n<meta name=\"twitter:card\" content=\"summary_large_image\" \/>\n<meta name=\"twitter:label1\" content=\"Gesch\u00e4tzte Lesezeit\" \/>\n\t<meta name=\"twitter:data1\" content=\"2\u00a0Minuten\" \/>\n<script type=\"application\/ld+json\" class=\"yoast-schema-graph\">{\"@context\":\"https:\\\/\\\/schema.org\",\"@graph\":[{\"@type\":\"WebPage\",\"@id\":\"https:\\\/\\\/the-metals.com\\\/de\\\/nuggets-from-the-mining\\\/\",\"url\":\"https:\\\/\\\/the-metals.com\\\/de\\\/nuggets-from-the-mining\\\/\",\"name\":\"Nuggets from the Mining - The Metals\",\"isPartOf\":{\"@id\":\"https:\\\/\\\/the-metals.com\\\/#website\"},\"primaryImageOfPage\":{\"@id\":\"https:\\\/\\\/the-metals.com\\\/de\\\/nuggets-from-the-mining\\\/#primaryimage\"},\"image\":{\"@id\":\"https:\\\/\\\/the-metals.com\\\/de\\\/nuggets-from-the-mining\\\/#primaryimage\"},\"thumbnailUrl\":\"https:\\\/\\\/the-metals.com\\\/wp-content\\\/uploads\\\/2021\\\/10\\\/Canada-Nuget-5711-Gramm.png\",\"datePublished\":\"2022-05-28T14:33:14+00:00\",\"dateModified\":\"2026-02-09T18:13:47+00:00\",\"breadcrumb\":{\"@id\":\"https:\\\/\\\/the-metals.com\\\/de\\\/nuggets-from-the-mining\\\/#breadcrumb\"},\"inLanguage\":\"de\",\"potentialAction\":[{\"@type\":\"ReadAction\",\"target\":[\"https:\\\/\\\/the-metals.com\\\/de\\\/nuggets-from-the-mining\\\/\"]}]},{\"@type\":\"ImageObject\",\"inLanguage\":\"de\",\"@id\":\"https:\\\/\\\/the-metals.com\\\/de\\\/nuggets-from-the-mining\\\/#primaryimage\",\"url\":\"https:\\\/\\\/the-metals.com\\\/wp-content\\\/uploads\\\/2021\\\/10\\\/Canada-Nuget-5711-Gramm.png\",\"contentUrl\":\"https:\\\/\\\/the-metals.com\\\/wp-content\\\/uploads\\\/2021\\\/10\\\/Canada-Nuget-5711-Gramm.png\"},{\"@type\":\"BreadcrumbList\",\"@id\":\"https:\\\/\\\/the-metals.com\\\/de\\\/nuggets-from-the-mining\\\/#breadcrumb\",\"itemListElement\":[{\"@type\":\"ListItem\",\"position\":1,\"name\":\"Startseite\",\"item\":\"https:\\\/\\\/the-metals.com\\\/de\\\/\"},{\"@type\":\"ListItem\",\"position\":2,\"name\":\"Nuggets from the Mining\"}]},{\"@type\":\"WebSite\",\"@id\":\"https:\\\/\\\/the-metals.com\\\/#website\",\"url\":\"https:\\\/\\\/the-metals.com\\\/\",\"name\":\"The Metals\",\"description\":\"\",\"publisher\":{\"@id\":\"https:\\\/\\\/the-metals.com\\\/#organization\"},\"potentialAction\":[{\"@type\":\"SearchAction\",\"target\":{\"@type\":\"EntryPoint\",\"urlTemplate\":\"https:\\\/\\\/the-metals.com\\\/?s={search_term_string}\"},\"query-input\":{\"@type\":\"PropertyValueSpecification\",\"valueRequired\":true,\"valueName\":\"search_term_string\"}}],\"inLanguage\":\"de\"},{\"@type\":\"Organization\",\"@id\":\"https:\\\/\\\/the-metals.com\\\/#organization\",\"name\":\"The-Metall.com\",\"url\":\"https:\\\/\\\/the-metals.com\\\/\",\"logo\":{\"@type\":\"ImageObject\",\"inLanguage\":\"de\",\"@id\":\"https:\\\/\\\/the-metals.com\\\/#\\\/schema\\\/logo\\\/image\\\/\",\"url\":\"https:\\\/\\\/the-metals.com\\\/wp-content\\\/uploads\\\/2021\\\/10\\\/cropped-The-Metals-icon-2.jpg\",\"contentUrl\":\"https:\\\/\\\/the-metals.com\\\/wp-content\\\/uploads\\\/2021\\\/10\\\/cropped-The-Metals-icon-2.jpg\",\"width\":512,\"height\":512,\"caption\":\"The-Metall.com\"},\"image\":{\"@id\":\"https:\\\/\\\/the-metals.com\\\/#\\\/schema\\\/logo\\\/image\\\/\"}}]}<\/script>\n<!-- \/ Yoast SEO plugin. -->","yoast_head_json":{"title":"Nuggets from the Mining - The Metals","robots":{"index":"index","follow":"follow","max-snippet":"max-snippet:-1","max-image-preview":"max-image-preview:large","max-video-preview":"max-video-preview:-1"},"canonical":"https:\/\/the-metals.com\/de\/nuggets-from-the-mining\/","og_locale":"de_DE","og_type":"article","og_title":"Nuggets from the Mining - The Metals","og_description":"Nuggets from our Mining Durch den t\u00e4glichen Abbau von edlen Metallen und seltenen Erden, sind wir in der Lage auch exklusive und sehr seltene Nuggets unseren Kunden und Sammlern anbieten zu k\u00f6nnen. Unser Nuggets haben ein Zertifikat und bekommen ein GEO Print mit den exakten GPS Daten f\u00fcr jedes Nugget. Unsere Transparenz zeichnet sich dadurch [...]","og_url":"https:\/\/the-metals.com\/de\/nuggets-from-the-mining\/","og_site_name":"The Metals","article_modified_time":"2026-02-09T18:13:47+00:00","og_image":[{"url":"https:\/\/the-metals.com\/wp-content\/uploads\/2021\/10\/Canada-Nuget-5711-Gramm.png","type":"","width":"","height":""}],"twitter_card":"summary_large_image","twitter_misc":{"Gesch\u00e4tzte Lesezeit":"2\u00a0Minuten"},"schema":{"@context":"https:\/\/schema.org","@graph":[{"@type":"WebPage","@id":"https:\/\/the-metals.com\/de\/nuggets-from-the-mining\/","url":"https:\/\/the-metals.com\/de\/nuggets-from-the-mining\/","name":"Nuggets from the Mining - The Metals","isPartOf":{"@id":"https:\/\/the-metals.com\/#website"},"primaryImageOfPage":{"@id":"https:\/\/the-metals.com\/de\/nuggets-from-the-mining\/#primaryimage"},"image":{"@id":"https:\/\/the-metals.com\/de\/nuggets-from-the-mining\/#primaryimage"},"thumbnailUrl":"https:\/\/the-metals.com\/wp-content\/uploads\/2021\/10\/Canada-Nuget-5711-Gramm.png","datePublished":"2022-05-28T14:33:14+00:00","dateModified":"2026-02-09T18:13:47+00:00","breadcrumb":{"@id":"https:\/\/the-metals.com\/de\/nuggets-from-the-mining\/#breadcrumb"},"inLanguage":"de","potentialAction":[{"@type":"ReadAction","target":["https:\/\/the-metals.com\/de\/nuggets-from-the-mining\/"]}]},{"@type":"ImageObject","inLanguage":"de","@id":"https:\/\/the-metals.com\/de\/nuggets-from-the-mining\/#primaryimage","url":"https:\/\/the-metals.com\/wp-content\/uploads\/2021\/10\/Canada-Nuget-5711-Gramm.png","contentUrl":"https:\/\/the-metals.com\/wp-content\/uploads\/2021\/10\/Canada-Nuget-5711-Gramm.png"},{"@type":"BreadcrumbList","@id":"https:\/\/the-metals.com\/de\/nuggets-from-the-mining\/#breadcrumb","itemListElement":[{"@type":"ListItem","position":1,"name":"Startseite","item":"https:\/\/the-metals.com\/de\/"},{"@type":"ListItem","position":2,"name":"Nuggets from the Mining"}]},{"@type":"WebSite","@id":"https:\/\/the-metals.com\/#website","url":"https:\/\/the-metals.com\/","name":"The Metals","description":"","publisher":{"@id":"https:\/\/the-metals.com\/#organization"},"potentialAction":[{"@type":"SearchAction","target":{"@type":"EntryPoint","urlTemplate":"https:\/\/the-metals.com\/?s={search_term_string}"},"query-input":{"@type":"PropertyValueSpecification","valueRequired":true,"valueName":"search_term_string"}}],"inLanguage":"de"},{"@type":"Organization","@id":"https:\/\/the-metals.com\/#organization","name":"The-Metall.com","url":"https:\/\/the-metals.com\/","logo":{"@type":"ImageObject","inLanguage":"de","@id":"https:\/\/the-metals.com\/#\/schema\/logo\/image\/","url":"https:\/\/the-metals.com\/wp-content\/uploads\/2021\/10\/cropped-The-Metals-icon-2.jpg","contentUrl":"https:\/\/the-metals.com\/wp-content\/uploads\/2021\/10\/cropped-The-Metals-icon-2.jpg","width":512,"height":512,"caption":"The-Metall.com"},"image":{"@id":"https:\/\/the-metals.com\/#\/schema\/logo\/image\/"}}]}},"_links":{"self":[{"href":"https:\/\/the-metals.com\/de\/wp-json\/wp\/v2\/pages\/461","targetHints":{"allow":["GET"]}}],"collection":[{"href":"https:\/\/the-metals.com\/de\/wp-json\/wp\/v2\/pages"}],"about":[{"href":"https:\/\/the-metals.com\/de\/wp-json\/wp\/v2\/types\/page"}],"author":[{"embeddable":true,"href":"https:\/\/the-metals.com\/de\/wp-json\/wp\/v2\/users\/2"}],"replies":[{"embeddable":true,"href":"https:\/\/the-metals.com\/de\/wp-json\/wp\/v2\/comments?post=461"}],"version-history":[{"count":64,"href":"https:\/\/the-metals.com\/de\/wp-json\/wp\/v2\/pages\/461\/revisions"}],"predecessor-version":[{"id":1295,"href":"https:\/\/the-metals.com\/de\/wp-json\/wp\/v2\/pages\/461\/revisions\/1295"}],"wp:attachment":[{"href":"https:\/\/the-metals.com\/de\/wp-json\/wp\/v2\/media?parent=461"}],"curies":[{"name":"wp","href":"https:\/\/api.w.org\/{rel}","templated":true}]}}