{"id":2,"date":"2021-10-31T07:37:06","date_gmt":"2021-10-31T06:37:06","guid":{"rendered":"http:\/\/the-metals.com\/?page_id=2"},"modified":"2026-04-11T19:36:07","modified_gmt":"2026-04-11T17:36:07","slug":"metal-and-diamond-mining-of-canada","status":"publish","type":"page","link":"https:\/\/the-metals.com\/de\/","title":{"rendered":"Home"},"content":{"rendered":"<h2> The Metal Miners<\/h2>\n<p>The Metal Miners \/ besteht aus mehreren, erworbenen Gebieten (zwischen Big Lake Country und Maskwak Lake in den Woodlands County) die aus Teilen des \u201c Gosse Mountain \u201c  ca. 200 km nordwestlich von Edmonton bestehen. Die <a href=\"https:\/\/www.google.com\/maps\/place\/The-Metals.com\/@54.7384375,-117.455964,11z\/data=!4m9!1m2!2m1!1sthe-metals.com!3m5!1s0x53998f1a7bb389a3:0x19f22d6e9891041c!8m2!3d54.7384375!4d-117.1758126!15sCg50aGUtbWV0YWxzLmNvbZIBBG1pbmU\" rel=\"noopener\" target=\"_blank\">Discovery Gosse Mountain Mining<\/a>, hat in der Vergangenheit \u00fcber 5 Millionen Unzen Gold, aus den Minen der \u201cthe Metal Miners\u201c gef\u00f6rdert. Die <a href=\"https:\/\/the-metals.com\/history\/\">Discovery Gosse Mountain Mining<\/a>, haben dort mit einem Durchschnittsgehalt von 28 g\/t Gold produziert, das war bereits 1927. <\/p>\n<p>Gold, war Jahrzehnte lang eines der wertvollsten Edelmetalle der Erde und auch eines der begehrtesten, die Situation in 2022 ist eine v\u00f6llig andere und Gold verliert in seiner Anwendung und Investment immer mehr als Anlageform. Die verarbeitende Industrie hat daf\u00fcr kaum Verwendung. In den Focus kommen in den letzten Jahren immer weiter die \u201cseltenen Erden\u201c und strategische Metalle, wie Brohm, Gallium, Arsenid, Barium und viele andere sehe seltenen strategische Metalle. Gold wird heute als Anlageverm\u00f6gen immer noch an Position 1 gehandelt. Investoren investieren in den letzten Jahren weniger in Gold und konzentrieren sich auf strategische Metalle.<\/p>\n<p>In den Jahren 1897 und 1898 arbeiteten sich zehntausende Frauen und M\u00e4nnern die Bergp\u00e4sse des <a href=\"https:\/\/thecanadianencyclopedia.ca\/en\/article\/yukon-river\" target=\"_blank\">Yukon River<\/a> hinauf und hinunter nach Dawson City. Ihr Ziel war Gold zu finden. Die Wenigsten waren erfahrene Bergleute. Sehr viele Arbeiter wurden vor Ort von den ans\u00e4ssigen Kaufleuten \u00fcbervorteilt. Die Bergleute kamen mit wenig und die Meisten, sind mit noch weniger von dort wieder weggezogen. <\/p>\n<p>Die <a href=\"https:\/\/www.bankofcanada.ca\" target=\"_blank\">Bank of Canada<\/a> Museum pr\u00e4sentierte, die  \u201c<a href=\"https:\/\/the-metals.com\/history\/\">Mining the Miners<\/a>\u201c, in einer Ausstellung im Museum der <a href=\"https:\/\/www.bankofcanada.ca\" target=\"_blank\">Bank of Canada<\/a>. Hier wurde der boomenden Wirtschaft mit himmelhohen Preisen und schwindelerregenden Gewinnen ein Traum vorgegaukelt, das nach kurzer Zeit, zum total Verlust f\u00fchrte. Viele Miners pr\u00e4sentierten in einem wundersch\u00f6n, detaillierten Diorama, Originale im <a href=\"https:\/\/www.bankofcanadamuseum.ca\/explore\/exhibitions\/past-exhibitions\/temporary-exhibition-mining-the-miners\/\" target=\"_blank\">Dawson-Geb\u00e4ude<\/a>. Dort wird bis heute das Drama pr\u00e4sentiert und die Ausstellung erkl\u00e4rt, wie die Gewinne in diese Grenzmetropole wirklich erwirtschaftet wurden. <\/p>\n<p>W\u00e4hrend dieser Ausstellung erf\u00e4hrt der Besucher, wie sich die Geldscheine f\u00fcr den Goldrausch und verschiedene menschliche Laster in Luft aufl\u00f6sten. Aus der Historie heraus, arbeiten wir seit vielen Jahrzehnten sehr verantwortungsvoll mit der Regierung, Landschaftsschutz und Tierschutz eng zusammen. Seit den Anf\u00e4ngen aus 1927 arbeitet unsere Familie daran, Land im Vorbau zu bearbeiten und im R\u00fcckbau zu rekultivieren und das seit fast 100 Jahren. <\/p>\n<p>The Metals Miners, ist global aufgestellt und arbeitet mit Regierungen und Beh\u00f6rden fast t\u00e4glich zusammen. Unsere Experten im Bereich Geologie, \u00d6kotrofologie, Naturwissenschaftler oder \u00c4rzte, kennen die Herausforderung seit Jahren und kennen die Wege zu Beh\u00f6rden in den L\u00e4ndern. Der Abbau von Materialien erfordert extremen und sehr engen Kontakt zu Beh\u00f6rden und Diplomaten, die wir seit Jahrzehnten pflegen.<\/p>\n<p>In 2025 wurde die Biodiversit\u00e4t\u00a0weltweit diskutiert, ohne jeglichen Grundsatz. Wie, die <a href=\"https:\/\/www.google.com\/maps\/place\/The-Metals.com\/@54.7384375,-117.455964,11z\/data=!4m9!1m2!2m1!1sthe-metals.com!3m5!1s0x53998f1a7bb389a3:0x19f22d6e9891041c!8m2!3d54.7384375!4d-117.1758126!15sCg50aGUtbWV0YWxzLmNvbZIBBG1pbmU\" rel=\"noopener\" target=\"_blank\">Discovery Gosse Mountain Mining<\/a>, und die The Metals und Discovery Gosse Mountain Mining haben uns freiwillig verpflichtet, alles f\u00fcr die Rekultivierung der <a href=\"https:\/\/the-metals.com\/biosphaere\/\">Bison<\/a> umzusetzen. Das Government vernachl\u00e4ssigte das Ziel aus Gr\u00fcnden der Wirtschaftlichkeit. F\u00fcr uns und dem Lang gegen\u00fcber sehen wird das aus prioth\u00e4re Aufgabe an, die Weiden der Bisons zu rekultivieren und das ohne das Government. <\/p>\n<p>Bedingt durch die geographische Lage f\u00f6rdern wir auch rohe Diamanten. Diese bieten wir in unserem <a href=\"https:\/\/the-metals.com\/raw-diamonds-from-canada\/\">Shop<\/a> zum Verkauf an und planen daraus ein Investment f\u00fcr unsere Kunden. <\/p>\n<img loading=\"lazy\" decoding=\"async\" src=\"\/wp-content\/uploads\/2021\/10\/DMC004566532.png\" alt=\"\" width=\"906\" height=\"201\" class=\"alignnone size-full wp-image-1530\" \/>\n<h6>Alle Bilder sind Copyright The-Melats.com  \u00a9 <\/h6>\n","protected":false},"excerpt":{"rendered":"<p>The Metal Miners The Metal Miners \/ besteht aus mehreren, erworbenen Gebieten (zwischen Big Lake Country und Maskwak Lake in den Woodlands County) die aus Teilen des \u201c Gosse Mountain \u201c ca. 200 km nordwestlich von Edmonton bestehen. Die Discovery Gosse Mountain Mining, hat in der Vergangenheit \u00fcber 5 Millionen Unzen Gold, aus den Minen [&#8230;]<\/p>\n","protected":false},"author":1,"featured_media":0,"parent":0,"menu_order":0,"comment_status":"closed","ping_status":"closed","template":"","meta":{"footnotes":""},"class_list":["post-2","page","type-page","status-publish","hentry"],"yoast_head":"<!-- This site is optimized with the Yoast SEO plugin v27.6 - https:\/\/yoast.com\/product\/yoast-seo-wordpress\/ -->\n<title>Discovery Gosse Mountain Mining<\/title>\n<meta name=\"description\" content=\"The Metals Mining in Canada, wir bauen Metalle, seltene Erden und Lithium ab. Wir verkaufen nur unsere selbst abgebauten und verarbeiteten Rohstoffe.\" \/>\n<meta name=\"robots\" content=\"index, follow, max-snippet:-1, max-image-preview:large, max-video-preview:-1\" \/>\n<link rel=\"canonical\" href=\"https:\/\/the-metals.com\/de\/\" \/>\n<meta property=\"og:locale\" content=\"de_DE\" \/>\n<meta property=\"og:type\" content=\"article\" \/>\n<meta property=\"og:title\" content=\"Discovery Gosse Mountain Mining\" \/>\n<meta property=\"og:description\" content=\"The Metals Mining in Canada, wir bauen Metalle, seltene Erden und Lithium ab. Wir verkaufen nur unsere selbst abgebauten und verarbeiteten Rohstoffe.\" \/>\n<meta property=\"og:url\" content=\"https:\/\/the-metals.com\/de\/\" \/>\n<meta property=\"og:site_name\" content=\"The Metals\" \/>\n<meta property=\"article:modified_time\" content=\"2026-04-11T17:36:07+00:00\" \/>\n<meta name=\"twitter:card\" content=\"summary_large_image\" \/>\n<meta name=\"twitter:label1\" content=\"Gesch\u00e4tzte Lesezeit\" \/>\n\t<meta name=\"twitter:data1\" content=\"3\u00a0Minuten\" \/>\n<script type=\"application\/ld+json\" class=\"yoast-schema-graph\">{\"@context\":\"https:\\\/\\\/schema.org\",\"@graph\":[{\"@type\":\"WebPage\",\"@id\":\"https:\\\/\\\/the-metals.com\\\/de\\\/\",\"url\":\"https:\\\/\\\/the-metals.com\\\/de\\\/\",\"name\":\"Discovery Gosse Mountain Mining\",\"isPartOf\":{\"@id\":\"https:\\\/\\\/the-metals.com\\\/#website\"},\"datePublished\":\"2021-10-31T06:37:06+00:00\",\"dateModified\":\"2026-04-11T17:36:07+00:00\",\"description\":\"The Metals Mining in Canada, wir bauen Metalle, seltene Erden und Lithium ab. Wir verkaufen nur unsere selbst abgebauten und verarbeiteten Rohstoffe.\",\"breadcrumb\":{\"@id\":\"https:\\\/\\\/the-metals.com\\\/de\\\/#breadcrumb\"},\"inLanguage\":\"de\",\"potentialAction\":[{\"@type\":\"ReadAction\",\"target\":[\"https:\\\/\\\/the-metals.com\\\/de\\\/\"]}]},{\"@type\":\"BreadcrumbList\",\"@id\":\"https:\\\/\\\/the-metals.com\\\/de\\\/#breadcrumb\",\"itemListElement\":[{\"@type\":\"ListItem\",\"position\":1,\"name\":\"Startseite\",\"item\":\"https:\\\/\\\/the-metals.com\\\/de\\\/\"},{\"@type\":\"ListItem\",\"position\":2,\"name\":\"Home\"}]},{\"@type\":\"WebSite\",\"@id\":\"https:\\\/\\\/the-metals.com\\\/#website\",\"url\":\"https:\\\/\\\/the-metals.com\\\/\",\"name\":\"The Metals\",\"description\":\"\",\"publisher\":{\"@id\":\"https:\\\/\\\/the-metals.com\\\/#organization\"},\"potentialAction\":[{\"@type\":\"SearchAction\",\"target\":{\"@type\":\"EntryPoint\",\"urlTemplate\":\"https:\\\/\\\/the-metals.com\\\/?s={search_term_string}\"},\"query-input\":{\"@type\":\"PropertyValueSpecification\",\"valueRequired\":true,\"valueName\":\"search_term_string\"}}],\"inLanguage\":\"de\"},{\"@type\":\"Organization\",\"@id\":\"https:\\\/\\\/the-metals.com\\\/#organization\",\"name\":\"The-Metall.com\",\"url\":\"https:\\\/\\\/the-metals.com\\\/\",\"logo\":{\"@type\":\"ImageObject\",\"inLanguage\":\"de\",\"@id\":\"https:\\\/\\\/the-metals.com\\\/#\\\/schema\\\/logo\\\/image\\\/\",\"url\":\"https:\\\/\\\/the-metals.com\\\/wp-content\\\/uploads\\\/2021\\\/10\\\/cropped-The-Metals-icon-2.jpg\",\"contentUrl\":\"https:\\\/\\\/the-metals.com\\\/wp-content\\\/uploads\\\/2021\\\/10\\\/cropped-The-Metals-icon-2.jpg\",\"width\":512,\"height\":512,\"caption\":\"The-Metall.com\"},\"image\":{\"@id\":\"https:\\\/\\\/the-metals.com\\\/#\\\/schema\\\/logo\\\/image\\\/\"}}]}<\/script>\n<!-- \/ Yoast SEO plugin. -->","yoast_head_json":{"title":"Discovery Gosse Mountain Mining","description":"The Metals Mining in Canada, wir bauen Metalle, seltene Erden und Lithium ab. Wir verkaufen nur unsere selbst abgebauten und verarbeiteten Rohstoffe.","robots":{"index":"index","follow":"follow","max-snippet":"max-snippet:-1","max-image-preview":"max-image-preview:large","max-video-preview":"max-video-preview:-1"},"canonical":"https:\/\/the-metals.com\/de\/","og_locale":"de_DE","og_type":"article","og_title":"Discovery Gosse Mountain Mining","og_description":"The Metals Mining in Canada, wir bauen Metalle, seltene Erden und Lithium ab. Wir verkaufen nur unsere selbst abgebauten und verarbeiteten Rohstoffe.","og_url":"https:\/\/the-metals.com\/de\/","og_site_name":"The Metals","article_modified_time":"2026-04-11T17:36:07+00:00","twitter_card":"summary_large_image","twitter_misc":{"Gesch\u00e4tzte Lesezeit":"3\u00a0Minuten"},"schema":{"@context":"https:\/\/schema.org","@graph":[{"@type":"WebPage","@id":"https:\/\/the-metals.com\/de\/","url":"https:\/\/the-metals.com\/de\/","name":"Discovery Gosse Mountain Mining","isPartOf":{"@id":"https:\/\/the-metals.com\/#website"},"datePublished":"2021-10-31T06:37:06+00:00","dateModified":"2026-04-11T17:36:07+00:00","description":"The Metals Mining in Canada, wir bauen Metalle, seltene Erden und Lithium ab. Wir verkaufen nur unsere selbst abgebauten und verarbeiteten Rohstoffe.","breadcrumb":{"@id":"https:\/\/the-metals.com\/de\/#breadcrumb"},"inLanguage":"de","potentialAction":[{"@type":"ReadAction","target":["https:\/\/the-metals.com\/de\/"]}]},{"@type":"BreadcrumbList","@id":"https:\/\/the-metals.com\/de\/#breadcrumb","itemListElement":[{"@type":"ListItem","position":1,"name":"Startseite","item":"https:\/\/the-metals.com\/de\/"},{"@type":"ListItem","position":2,"name":"Home"}]},{"@type":"WebSite","@id":"https:\/\/the-metals.com\/#website","url":"https:\/\/the-metals.com\/","name":"The Metals","description":"","publisher":{"@id":"https:\/\/the-metals.com\/#organization"},"potentialAction":[{"@type":"SearchAction","target":{"@type":"EntryPoint","urlTemplate":"https:\/\/the-metals.com\/?s={search_term_string}"},"query-input":{"@type":"PropertyValueSpecification","valueRequired":true,"valueName":"search_term_string"}}],"inLanguage":"de"},{"@type":"Organization","@id":"https:\/\/the-metals.com\/#organization","name":"The-Metall.com","url":"https:\/\/the-metals.com\/","logo":{"@type":"ImageObject","inLanguage":"de","@id":"https:\/\/the-metals.com\/#\/schema\/logo\/image\/","url":"https:\/\/the-metals.com\/wp-content\/uploads\/2021\/10\/cropped-The-Metals-icon-2.jpg","contentUrl":"https:\/\/the-metals.com\/wp-content\/uploads\/2021\/10\/cropped-The-Metals-icon-2.jpg","width":512,"height":512,"caption":"The-Metall.com"},"image":{"@id":"https:\/\/the-metals.com\/#\/schema\/logo\/image\/"}}]}},"_links":{"self":[{"href":"https:\/\/the-metals.com\/de\/wp-json\/wp\/v2\/pages\/2","targetHints":{"allow":["GET"]}}],"collection":[{"href":"https:\/\/the-metals.com\/de\/wp-json\/wp\/v2\/pages"}],"about":[{"href":"https:\/\/the-metals.com\/de\/wp-json\/wp\/v2\/types\/page"}],"author":[{"embeddable":true,"href":"https:\/\/the-metals.com\/de\/wp-json\/wp\/v2\/users\/1"}],"replies":[{"embeddable":true,"href":"https:\/\/the-metals.com\/de\/wp-json\/wp\/v2\/comments?post=2"}],"version-history":[{"count":73,"href":"https:\/\/the-metals.com\/de\/wp-json\/wp\/v2\/pages\/2\/revisions"}],"predecessor-version":[{"id":1377,"href":"https:\/\/the-metals.com\/de\/wp-json\/wp\/v2\/pages\/2\/revisions\/1377"}],"wp:attachment":[{"href":"https:\/\/the-metals.com\/de\/wp-json\/wp\/v2\/media?parent=2"}],"curies":[{"name":"wp","href":"https:\/\/api.w.org\/{rel}","templated":true}]}}