{"id":142,"date":"2021-11-02T18:38:20","date_gmt":"2021-11-02T17:38:20","guid":{"rendered":"https:\/\/the-metals.com\/?page_id=142"},"modified":"2026-02-09T19:13:22","modified_gmt":"2026-02-09T18:13:22","slug":"strategische-metalle","status":"publish","type":"page","link":"https:\/\/the-metals.com\/de\/strategische-metalle\/","title":{"rendered":"Strategische Metalle"},"content":{"rendered":"<p>Die Metal Miners produziert aus dem Abraum im Tagebau auch verschiedenste edle Metalle, wie Gold, Silber, Platin, Palladium, Rhodium, Wismut und Osmium und weitere seltene Metalle. Wir sind in der Lage auch gr\u00f6ssere Mengen an seltenen Rohstoffen zuverl\u00e4ssig und dauerhaft liefern zu k\u00f6nnen. Die Metal Miners verf\u00fcgt \u00fcber eine enorme Abbaufl\u00e4che und kann grosse Mengen von seltenen Erden und Metallen. Eine dauerhafte Lieferung von unseren Materialien wird zuverl\u00e4ssig und p\u00fcnktlich ausgef\u00fchrt. Die Metal Miners unterliegt internationaler Beschr\u00e4nkungen zur Lieferung von strategischem Metallen. Die Metal Miners arbeitet nach ein Compliance Management System, kurz CMS. <\/p>\n<p>Das ist die Gesamtheit der in einer Organisation eingerichteten Ma\u00dfnahmen, Strukturen und Prozesse, um Regelkonformit\u00e4t sicherzustellen, worunter rechtsverbindliche und ethische Regeln fallen k\u00f6nnen. Ohne eine Due-Diligence-Pr\u00fcfung, wird kein Neukunde oder Bieter aufgenommen und ohne bestandene Due-Diligence-Pr\u00fcfung wird ein Kauf von Diamanten oder strategischem Material bei uns ausgeschlossen. <\/p>\n<div class=\"promo-box \">\n<div class=\"promo-text\">\n<h4> Alle Preise sind ohne MwSt, ohne Versandkosten und Versicherungskosten. <\/h4>\n<\/div>\n<\/div>\n<h4 style=\"color:#ff; background:#d8d8d8; padding:5px\">Strategische Metalle <\/h4>\n<hr>\n<hr style=\"border: 0; height: 1px; background-image: linear-gradient(to right, rgba(0, 0, 0, 0), rgba(0, 0, 0, 0.75), rgba(0, 0, 0, 0));\"\/>\n<div class=\"shop\">\n<div class=\"row\">\n<div class=\"col-md-3\">\n<a href=\"https:\/\/the-metals.com\/wp-content\/uploads\/2021\/10\/Cobalt-1.png\" target=\"_blank\" rel=\"noopener\"><br \/>\n<img decoding=\"async\" class=\"aligncenter size-full wp-image-158\" src=\"https:\/\/the-metals.com\/wp-content\/uploads\/2021\/10\/Cobalt-1.png\n\" alt=\"shop\"\/><br \/>\n<\/a>\n<\/div>\n<div class=\"col-md-4\">\n<h5>Werkstoff: Cobalt <strong> Co<\/strong> <\/h5>\n<h5>Reinheit: >99,99999% <\/h5>\n<h5>Qualit\u00e4t: 1000 Gramm <\/h5>\n<h5>Form: Ingods<\/h5>\n<h5>Lieferung: Free Zone Airport <\/h5>\n<h5>Lieferzeit: zwei Wochen <\/h5>\n<h5>Verpackt: PE\/PET 100my<\/h5>\n<h5>Box: Metall<\/h5>\n<h5>Airtransportbox: Atlas Containers<\/h5>\n<h5>Report: ja<\/h5>\n<h5> <\/h5>\n<\/div>\n<div class=\"col-md-5\">\n<h4 class=\"preis\">Preis <strong> 890 <\/strong> USD \/ je Kg<\/h4>\n<\/div>\n<\/div>\n<\/div>\n<hr style=\"border: 0; height: 1px; background-image: linear-gradient(to right, rgba(0, 0, 0, 0), rgba(0, 0, 0, 0.75), rgba(0, 0, 0, 0));\"\/>\n<div class=\"shop\">\n<div class=\"row\">\n<div class=\"col-md-3\">\n<a href=\"https:\/\/the-metals.com\/wp-content\/uploads\/2022\/06\/Lithium-1.png\" target=\"_blank\" rel=\"noopener\"><br \/>\n<img decoding=\"async\" class=\"aligncenter size-full wp-image-158\" src=\"https:\/\/the-metals.com\/wp-content\/uploads\/2022\/06\/Lithium-1.png\" alt=\"shop\"\/><br \/>\n<\/a>\n<\/div>\n<div class=\"col-md-4\">\n<h5>Werkstoff: Lithium<strong> Li<\/strong> <\/h5>\n<h5>Reinheit: >99,99999% <\/h5>\n<h5>Qualit\u00e4t: 1000 Gramm <\/h5>\n<h5>Form: Ingods<\/h5>\n<h5>Lieferung: Free Zone Airport <\/h5>\n<h5>Lieferzeit: zwei Wochen <\/h5>\n<h5>Verpackt: PE\/PET 100my<\/h5>\n<h5>Box: Metall<\/h5>\n<h5>Airtransportbox: Atlas Containers<\/h5>\n<h5>Report: ja<\/h5>\n<h5> <\/h5>\n<\/div>\n<div class=\"col-md-5\">\n<h4 class=\"preis\">Preis <strong> 980 <\/strong> USD \/ je Kg<\/h4>\n<\/div>\n<\/div>\n<\/div>\n<hr style=\"border: 0; height: 1px; background-image: linear-gradient(to right, rgba(0, 0, 0, 0), rgba(0, 0, 0, 0.75), rgba(0, 0, 0, 0));\"\/>\n<div class=\"shop\">\n<div class=\"row\">\n<div class=\"col-md-3\">\n<a href=\"https:\/\/the-metals.com\/wp-content\/uploads\/2021\/10\/Bismut.png\" target=\"_blank\" rel=\"noopener\"><br \/>\n<img decoding=\"async\" class=\"aligncenter size-full wp-image-158\" src=\"https:\/\/the-metals.com\/wp-content\/uploads\/2021\/10\/Bismut.png\" alt=\"shop\"\/><br \/>\n<\/a>\n<\/div>\n<div class=\"col-md-4\">\n<h5>Werkstoff: Bismut <strong> Bi<\/strong> <\/h5>\n<h5>Reinheit: >99,99999% <\/h5>\n<h5>Qualit\u00e4t: 1000 Gramm <\/h5>\n<h5>Form: Ingods<\/h5>\n<h5>Lieferung: Free Zone Airport <\/h5>\n<h5>Lieferzeit: zwei Wochen <\/h5>\n<h5>Verpackt: PE\/PET 100my<\/h5>\n<h5>Box: Metall<\/h5>\n<h5>Airtransportbox: Atlas Containers<\/h5>\n<h5>Report: ja<\/h5>\n<h5> <\/h5>\n<\/div>\n<div class=\"col-md-5\">\n<h4 class=\"preis\">Preis <strong> 1.580 <\/strong> USD \/ je Kg<\/h4>\n<\/div>\n<\/div>\n<\/div>\n<hr style=\"border: 0; height: 1px; background-image: linear-gradient(to right, rgba(0, 0, 0, 0), rgba(0, 0, 0, 0.75), rgba(0, 0, 0, 0));\"\/>\n<div class=\"shop\">\n<div class=\"row\">\n<div class=\"col-md-3\">\n<a href=\"https:\/\/the-metals.com\/wp-content\/uploads\/2021\/10\/Indium-1.jpeg\" target=\"_blank\" rel=\"noopener\"><br \/>\n<img decoding=\"async\" class=\"aligncenter size-full wp-image-158\" src=\"https:\/\/the-metals.com\/wp-content\/uploads\/2021\/10\/Indium-1.jpeg\" alt=\"shop\"\/><br \/>\n<\/a>\n<\/div>\n<div class=\"col-md-4\">\n<h5>Werkstoff: Indium<strong> In<\/strong> <\/h5>\n<h5>Reinheit: >99,99999% <\/h5>\n<h5>Qualit\u00e4t: 1000 Gramm <\/h5>\n<h5>Form: Ingods<\/h5>\n<h5>Lieferung: Free Zone Airport <\/h5>\n<h5>Lieferzeit: zwei Wochen <\/h5>\n<h5>Verpackt: PE\/PET 100my<\/h5>\n<h5>Box: Metall<\/h5>\n<h5>Airtransportbox: Atlas Containers<\/h5>\n<h5>Report: ja<\/h5>\n<h5> <\/h5>\n<\/div>\n<div class=\"col-md-5\">\n<h4 class=\"preis\">Preis <strong> 2.230 <\/strong> USD \/ je Kg<\/h4>\n<\/div>\n<\/div>\n<\/div>\n<hr style=\"border: 0; height: 1px; background-image: linear-gradient(to right, rgba(0, 0, 0, 0), rgba(0, 0, 0, 0.75), rgba(0, 0, 0, 0));\"\/>\n<div class=\"shop\">\n<div class=\"row\">\n<div class=\"col-md-3\">\n<a href=\"https:\/\/the-metals.com\/wp-content\/uploads\/2021\/10\/Gallium-1.jpg\" target=\"_blank\" rel=\"noopener\"><br \/>\n<img decoding=\"async\" class=\"aligncenter size-full wp-image-158\" src=\"https:\/\/the-metals.com\/wp-content\/uploads\/2021\/10\/Gallium-1.jpg\" alt=\"shop\"\/><br \/>\n<\/a>\n<\/div>\n<div class=\"col-md-4\">\n<h5>Werkstoff: Gallium<strong> Ga<\/strong> <\/h5>\n<h5>Reinheit: >99,99999% <\/h5>\n<h5>Qualit\u00e4t: 1000 Gramm <\/h5>\n<h5>Form: Ingods<\/h5>\n<h5>Lieferung: Free Zone Airport <\/h5>\n<h5>Lieferzeit: zwei Wochen <\/h5>\n<h5>Verpackt: PE\/PET 100my<\/h5>\n<h5>Box: Metall<\/h5>\n<h5>Airtransportbox: Atlas Containers<\/h5>\n<h5>Report: ja<\/h5>\n<h5> <\/h5>\n<\/div>\n<div class=\"col-md-5\">\n<h4 class=\"preis\">Preis <strong> 2.550 <\/strong> USD \/ je Kg<\/h4>\n<\/div>\n<\/div>\n<\/div>\n<hr style=\"border: 0; height: 1px; background-image: linear-gradient(to right, rgba(0, 0, 0, 0), rgba(0, 0, 0, 0.75), rgba(0, 0, 0, 0));\"\/>\n<div class=\"shop\">\n<div class=\"row\">\n<div class=\"col-md-3\">\n<a href=\"https:\/\/the-metals.com\/wp-content\/uploads\/2021\/10\/Europium.png\" target=\"_blank\" rel=\"noopener\"><br \/>\n<img decoding=\"async\" class=\"aligncenter size-full wp-image-158\" src=\"https:\/\/the-metals.com\/wp-content\/uploads\/2021\/10\/Europium.png\" alt=\"shop\"\/><br \/>\n<\/a>\n<\/div>\n<div class=\"col-md-4\">\n<h5>Werkstoff: Europium<strong> Eu<\/strong> <\/h5>\n<h5>Reinheit: >99,99999% <\/h5>\n<h5>Qualit\u00e4t: 1000 Gramm <\/h5>\n<h5>Form: Ingods<\/h5>\n<h5>Lieferung: Free Zone Airport <\/h5>\n<h5>Lieferzeit: zwei Wochen <\/h5>\n<h5>Verpackt: PE\/PET 100my<\/h5>\n<h5>Box: Metall<\/h5>\n<h5>Airtransportbox: Atlas Containers<\/h5>\n<h5>Report: ja<\/h5>\n<h5> <\/h5>\n<\/div>\n<div class=\"col-md-5\">\n<h4 class=\"preis\">Preis <strong> 6.500 <\/strong> USD \/ je Kg<\/h4>\n<\/div>\n<\/div>\n<\/div>\n<hr style=\"border: 0; height: 1px; background-image: linear-gradient(to right, rgba(0, 0, 0, 0), rgba(0, 0, 0, 0.75), rgba(0, 0, 0, 0));\"\/>\n<div class=\"shop\">\n<div class=\"row\">\n<div class=\"col-md-3\">\n<a href=\"https:\/\/the-metals.com\/wp-content\/uploads\/2022\/06\/rhenium.png\" target=\"_blank\" rel=\"noopener\"><br \/>\n<img decoding=\"async\" class=\"aligncenter size-full wp-image-158\" src=\"https:\/\/the-metals.com\/wp-content\/uploads\/2022\/06\/rhenium.png\" alt=\"shop\"\/><br \/>\n<\/a>\n<\/div>\n<div class=\"col-md-4\">\n<h5>Werkstoff: Rhenium<strong> Re<\/strong> <\/h5>\n<h5>Reinheit: >99,99999% <\/h5>\n<h5>Qualit\u00e4t: 1000 Gramm <\/h5>\n<h5>Form: Ingods<\/h5>\n<h5>Lieferung: Free Zone Airport <\/h5>\n<h5>Lieferzeit: zwei Wochen <\/h5>\n<h5>Verpackt: PE\/PET 100my<\/h5>\n<h5>Box: Metall<\/h5>\n<h5>Airtransportbox: Atlas Containers<\/h5>\n<h5>Report: ja<\/h5>\n<h5> <\/h5>\n<\/div>\n<div class=\"col-md-5\">\n<h4 class=\"preis\">Preis <strong> 8.050 <\/strong> USD \/ je Kg<\/h4>\n<\/div>\n<\/div>\n<\/div>\n<hr style=\"border: 0; height: 1px; background-image: linear-gradient(to right, rgba(0, 0, 0, 0), rgba(0, 0, 0, 0.75), rgba(0, 0, 0, 0));\"\/>\n<div class=\"shop\">\n<div class=\"row\">\n<div class=\"col-md-3\">\n<a href=\"https:\/\/the-metals.com\/wp-content\/uploads\/2021\/10\/Hafnium-1.png\" target=\"_blank\" rel=\"noopener\"><br \/>\n<img decoding=\"async\" class=\"aligncenter size-full wp-image-158\" src=\"https:\/\/the-metals.com\/wp-content\/uploads\/2021\/10\/Hafnium-1.png\n\" alt=\"shop\"\/><br \/>\n<\/a>\n<\/div>\n<div class=\"col-md-4\">\n<h5>Werkstoff: Hafnium<strong> Hf<\/strong> <\/h5>\n<h5>Reinheit: >99,99999% <\/h5>\n<h5>Qualit\u00e4t: 1000 Gramm <\/h5>\n<h5>Form: Ingods<\/h5>\n<h5>Lieferung: Free Zone Airport <\/h5>\n<h5>Lieferzeit: zwei Wochen <\/h5>\n<h5>Verpackt: PE\/PET 100my<\/h5>\n<h5>Box: Metall<\/h5>\n<h5>Airtransportbox: Atlas Containers<\/h5>\n<h5>Report: ja<\/h5>\n<h5> <\/h5>\n<\/div>\n<div class=\"col-md-5\">\n<h4 class=\"preis\">Preis <strong> 12.300 <\/strong> USD \/ je Kg<\/h4>\n<\/div>\n<\/div>\n<\/div>\n<hr style=\"border: 0; height: 1px; background-image: linear-gradient(to right, rgba(0, 0, 0, 0), rgba(0, 0, 0, 0.75), rgba(0, 0, 0, 0));\"\/>\n<div class=\"shop\">\n<div class=\"row\">\n<div class=\"col-md-3\">\n<a href=\"https:\/\/the-metals.com\/wp-content\/uploads\/2021\/10\/GaAs-1.png\" target=\"_blank\" rel=\"noopener\"><br \/>\n<img decoding=\"async\" class=\"aligncenter size-full wp-image-158\" src=\"https:\/\/the-metals.com\/wp-content\/uploads\/2021\/10\/GaAs-1.png\" alt=\"shop\"\/><br \/>\n<\/a>\n<\/div>\n<div class=\"col-md-4\">\n<h5>Werkstoff: Gallium Arsenid<strong> GaAs<\/strong> <\/h5>\n<h5>Reinheit: >99,99999% <\/h5>\n<h5>Qualit\u00e4t: 1.000 Gramm <\/h5>\n<h5>Form: Ingods<\/h5>\n<h5>Lieferung: Free Zone Airport <\/h5>\n<h5>Lieferzeit: zwei Wochen <\/h5>\n<h5>Verpackt: PE\/PET 100my<\/h5>\n<h5>Box: Metall<\/h5>\n<h5>Airtransportbox: Atlas Containers<\/h5>\n<h5>Report: ja<\/h5>\n<h5> <\/h5>\n<\/div>\n<div class=\"col-md-5\">\n<h4 class=\"preis\">Preis <strong> 49.100 <\/strong> USD \/ je Kg<\/h4>\n<\/div>\n<\/div>\n<\/div>\n<hr style=\"border: 0; height: 1px; background-image: linear-gradient(to right, rgba(0, 0, 0, 0), rgba(0, 0, 0, 0.75), rgba(0, 0, 0, 0));\"\/>\n<div class=\"shop\">\n<div class=\"row\">\n<div class=\"col-md-3\">\n<a href=\"https:\/\/the-metals.com\/wp-content\/uploads\/2021\/10\/AL7N.png\" target=\"_blank\" rel=\"noopener\"><br \/>\n<img decoding=\"async\" class=\"aligncenter size-full wp-image-158\" src=\"https:\/\/the-metals.com\/wp-content\/uploads\/2021\/10\/AL7N.png\" alt=\"shop\"\/><br \/>\n<\/a>\n<\/div>\n<div class=\"col-md-4\">\n<h5>Werkstoff: Aluminium kristallin<strong> Al7N<\/strong> <\/h5>\n<h5>Reinheit: >99,99999% <\/h5>\n<h5>Qualit\u00e4t: 2.800 Gramm <\/h5>\n<h5>Form: Ingods<\/h5>\n<h5>Lieferung: Free Zone Airport <\/h5>\n<h5>Lieferzeit: zwei Wochen <\/h5>\n<h5>Verpackt: PE\/PET 100my<\/h5>\n<h5>Box: Metall<\/h5>\n<h5>Airtransportbox: Atlas Containers<\/h5>\n<h5>Report: ja<\/h5>\n<h5> <\/h5>\n<\/div>\n<div class=\"col-md-5\">\n<h4 class=\"preis\">Preis <strong> 278.600 <\/strong> USD \/ Kg<\/h4>\n<\/div>\n<\/div>\n<\/div>\n<hr style=\"border: 0; height: 1px; background-image: linear-gradient(to right, rgba(0, 0, 0, 0), rgba(0, 0, 0, 0.75), rgba(0, 0, 0, 0));\"\/>\n<div class=\"shop\">\n<div class=\"row\">\n<div class=\"col-md-3\">\n<a href=\"https:\/\/the-metals.com\/wp-content\/uploads\/2022\/06\/Rhodium-RH45.png\" target=\"_blank\" rel=\"noopener\"><br \/>\n<img decoding=\"async\" class=\"aligncenter size-full wp-image-158\" src=\"https:\/\/the-metals.com\/wp-content\/uploads\/2022\/06\/Rhodium-RH45.png\" alt=\"shop\"\/><br \/>\n<\/a>\n<\/div>\n<div class=\"col-md-4\">\n<h5>Werkstoff: Rhodium <strong> Rh <\/strong> <\/h5>\n<h5>Reinheit: >99,99999% <\/h5>\n<h5>Qualit\u00e4t: 1.000 Gramm <\/h5>\n<h5>Form: Ingods<\/h5>\n<h5>Lieferung: Free Zone Airport <\/h5>\n<h5>Lieferzeit: zwei Wochen <\/h5>\n<h5>Verpackt: PE\/PET 100my<\/h5>\n<h5>Box: Metall<\/h5>\n<h5>Airtransportbox: Atlas Containers<\/h5>\n<h5>Report: ja<\/h5>\n<h5> <\/h5>\n<\/div>\n<div class=\"col-md-5\">\n<h4 class=\"preis\">Preis <strong> 340.000 <\/strong> USD \/ je Kg<\/h4>\n<\/div>\n<\/div>\n<\/div>\n<hr style=\"border: 0; height: 1px; background-image: linear-gradient(to right, rgba(0, 0, 0, 0), rgba(0, 0, 0, 0.75), rgba(0, 0, 0, 0));\"\/>\n<div class=\"shop\">\n<div class=\"row\">\n<div class=\"col-md-3\">\n<a href=\"https:\/\/the-metals.com\/wp-content\/uploads\/2021\/10\/AL7N.png\" target=\"_blank\" rel=\"noopener\"><br \/>\n<img decoding=\"async\" class=\"aligncenter size-full wp-image-158\" src=\"https:\/\/the-metals.com\/wp-content\/uploads\/2021\/10\/AL7N.png\" alt=\"shop\"\/><br \/>\n<\/a>\n<\/div>\n<div class=\"col-md-4\">\n<h5>Werkstoff: Aluminium kristallin<strong> Al9N<\/strong> <\/h5>\n<h5>Reinheit: >99,9999999% <\/h5>\n<h5>Qualit\u00e4t: 2.800 Gramm <\/h5>\n<h5>Form: Ingods<\/h5>\n<h5>Lieferung: Free Zone Airport <\/h5>\n<h5>Lieferzeit: zwei Wochen <\/h5>\n<h5>Verpackt: PE\/PET 100my<\/h5>\n<h5>Box: Metall<\/h5>\n<h5>Airtransportbox: Atlas Containers<\/h5>\n<h5>Report: ja<\/h5>\n<h5> <\/h5>\n<\/div>\n<div class=\"col-md-5\">\n<h4 class=\"preis\">Preis <strong> 451.200<\/strong> USD \/ Kg<\/h4>\n<\/div>\n<\/div>\n<\/div>\n<hr style=\"border: 0; height: 1px; background-image: linear-gradient(to right, rgba(0, 0, 0, 0), rgba(0, 0, 0, 0.75), rgba(0, 0, 0, 0));\"\/>\n<div class=\"shop\">\n<div class=\"row\">\n<div class=\"col-md-3\">\n<a href=\"https:\/\/the-metals.com\/wp-content\/uploads\/2021\/10\/AL7N.png\" target=\"_blank\" rel=\"noopener\"><br \/>\n<img decoding=\"async\" class=\"aligncenter size-full wp-image-158\" src=\"https:\/\/the-metals.com\/wp-content\/uploads\/2021\/10\/AL7N.png\" alt=\"shop\"\/><br \/>\n<\/a>\n<\/div>\n<div class=\"col-md-4\">\n<h5>Werkstoff: Aluminium kristallin<strong> Al11N<\/strong> <\/h5>\n<h5>Reinheit: >99,999999999% <\/h5>\n<h5>Qualit\u00e4t: 2.800 Gramm <\/h5>\n<h5>Form: Ingods<\/h5>\n<h5>Lieferung: Free Zone Airport <\/h5>\n<h5>Lieferzeit: zwei Wochen <\/h5>\n<h5>Verpackt: PE\/PET 100my<\/h5>\n<h5>Box: Metall<\/h5>\n<h5>Airtransportbox: Atlas Containers<\/h5>\n<h5>Report: ja<\/h5>\n<h5> <\/h5>\n<\/div>\n<div class=\"col-md-5\">\n<h4 class=\"preis\">Preis <strong> 656.000<\/strong> USD \/ Kg<\/h4>\n<\/div>\n<\/div>\n<\/div>\n<hr style=\"border: 0; height: 1px; background-image: linear-gradient(to right, rgba(0, 0, 0, 0), rgba(0, 0, 0, 0.75), rgba(0, 0, 0, 0));\"\/>\n<div class=\"shop\">\n<div class=\"row\">\n<div class=\"col-md-3\">\n<a href=\"https:\/\/the-metals.com\/wp-content\/uploads\/2021\/10\/Osmium-1.png\" target=\"_blank\" rel=\"noopener\"><br \/>\n<img decoding=\"async\" class=\"aligncenter size-full wp-image-158\" src=\"https:\/\/the-metals.com\/wp-content\/uploads\/2021\/10\/Osmium-1.png\" alt=\"shop\"\/><br \/>\n<\/a>\n<\/div>\n<div class=\"col-md-4\">\n<h5>Werkstoff: Osmium<strong> Os <\/strong> <\/h5>\n<h5>Reinheit: >99,99999% <\/h5>\n<h5>Qualit\u00e4t: 100 Gramm <\/h5>\n<h5>Form: Ingods<\/h5>\n<h5>Lieferung: Free Zone Airport <\/h5>\n<h5>Lieferzeit: zwei Wochen <\/h5>\n<h5>Verpackt: PE\/PET 100my<\/h5>\n<h5>Box: Metall<\/h5>\n<h5>Airtransportbox: Atlas Containers<\/h5>\n<h5>Report: ja<\/h5>\n<h5> <\/h5>\n<\/div>\n<div class=\"col-md-5\">\n<h4 class=\"preis\">Preis <strong> 2.580.000 <\/strong> USD \/ je Kg<\/h4>\n<\/div>\n<\/div>\n<\/div>\n<hr style=\"border: 0; height: 1px; background-image: linear-gradient(to right, rgba(0, 0, 0, 0), rgba(0, 0, 0, 0.75), rgba(0, 0, 0, 0));\"\/>\n<h6>The images are copyright The-Melats.com \u00a9 <\/h6>\n","protected":false},"excerpt":{"rendered":"<p>Die Metal Miners produziert aus dem Abraum im Tagebau auch verschiedenste edle Metalle, wie Gold, Silber, Platin, Palladium, Rhodium, Wismut und Osmium und weitere seltene Metalle. Wir sind in der Lage auch gr\u00f6ssere Mengen an seltenen Rohstoffen zuverl\u00e4ssig und dauerhaft liefern zu k\u00f6nnen. Die Metal Miners verf\u00fcgt \u00fcber eine enorme Abbaufl\u00e4che und kann grosse Mengen [&#8230;]<\/p>\n","protected":false},"author":2,"featured_media":0,"parent":0,"menu_order":0,"comment_status":"closed","ping_status":"closed","template":"","meta":{"footnotes":""},"class_list":["post-142","page","type-page","status-publish","hentry"],"yoast_head":"<!-- This site is optimized with the Yoast SEO plugin v27.6 - https:\/\/yoast.com\/product\/yoast-seo-wordpress\/ -->\n<title>Strategische Metalle - The Metals<\/title>\n<meta name=\"description\" content=\"Strategische Metalle steigen st\u00e4ndig im Wert, die gezeigten Preise sind tagesabh\u00e4ngig.\" \/>\n<meta name=\"robots\" content=\"index, follow, max-snippet:-1, max-image-preview:large, max-video-preview:-1\" \/>\n<link rel=\"canonical\" href=\"https:\/\/the-metals.com\/de\/strategische-metalle\/\" \/>\n<meta property=\"og:locale\" content=\"de_DE\" \/>\n<meta property=\"og:type\" content=\"article\" \/>\n<meta property=\"og:title\" content=\"Strategische Metalle - The Metals\" \/>\n<meta property=\"og:description\" content=\"Strategische Metalle steigen st\u00e4ndig im Wert, die gezeigten Preise sind tagesabh\u00e4ngig.\" \/>\n<meta property=\"og:url\" content=\"https:\/\/the-metals.com\/de\/strategische-metalle\/\" \/>\n<meta property=\"og:site_name\" content=\"The Metals\" \/>\n<meta property=\"article:modified_time\" content=\"2026-02-09T18:13:22+00:00\" \/>\n<meta property=\"og:image\" content=\"https:\/\/the-metals.com\/wp-content\/uploads\/2022\/06\/Lithium-1.png\" \/>\n<meta name=\"twitter:card\" content=\"summary_large_image\" \/>\n<meta name=\"twitter:label1\" content=\"Gesch\u00e4tzte Lesezeit\" \/>\n\t<meta name=\"twitter:data1\" content=\"3\u00a0Minuten\" \/>\n<script type=\"application\/ld+json\" class=\"yoast-schema-graph\">{\"@context\":\"https:\\\/\\\/schema.org\",\"@graph\":[{\"@type\":\"WebPage\",\"@id\":\"https:\\\/\\\/the-metals.com\\\/de\\\/strategische-metalle\\\/\",\"url\":\"https:\\\/\\\/the-metals.com\\\/de\\\/strategische-metalle\\\/\",\"name\":\"Strategische Metalle - The Metals\",\"isPartOf\":{\"@id\":\"https:\\\/\\\/the-metals.com\\\/#website\"},\"primaryImageOfPage\":{\"@id\":\"https:\\\/\\\/the-metals.com\\\/de\\\/strategische-metalle\\\/#primaryimage\"},\"image\":{\"@id\":\"https:\\\/\\\/the-metals.com\\\/de\\\/strategische-metalle\\\/#primaryimage\"},\"thumbnailUrl\":\"https:\\\/\\\/the-metals.com\\\/wp-content\\\/uploads\\\/2022\\\/06\\\/Lithium-1.png\",\"datePublished\":\"2021-11-02T17:38:20+00:00\",\"dateModified\":\"2026-02-09T18:13:22+00:00\",\"description\":\"Strategische Metalle steigen st\u00e4ndig im Wert, die gezeigten Preise sind tagesabh\u00e4ngig.\",\"breadcrumb\":{\"@id\":\"https:\\\/\\\/the-metals.com\\\/de\\\/strategische-metalle\\\/#breadcrumb\"},\"inLanguage\":\"de\",\"potentialAction\":[{\"@type\":\"ReadAction\",\"target\":[\"https:\\\/\\\/the-metals.com\\\/de\\\/strategische-metalle\\\/\"]}]},{\"@type\":\"ImageObject\",\"inLanguage\":\"de\",\"@id\":\"https:\\\/\\\/the-metals.com\\\/de\\\/strategische-metalle\\\/#primaryimage\",\"url\":\"https:\\\/\\\/the-metals.com\\\/wp-content\\\/uploads\\\/2022\\\/06\\\/Lithium-1.png\",\"contentUrl\":\"https:\\\/\\\/the-metals.com\\\/wp-content\\\/uploads\\\/2022\\\/06\\\/Lithium-1.png\"},{\"@type\":\"BreadcrumbList\",\"@id\":\"https:\\\/\\\/the-metals.com\\\/de\\\/strategische-metalle\\\/#breadcrumb\",\"itemListElement\":[{\"@type\":\"ListItem\",\"position\":1,\"name\":\"Startseite\",\"item\":\"https:\\\/\\\/the-metals.com\\\/de\\\/\"},{\"@type\":\"ListItem\",\"position\":2,\"name\":\"Strategische Metalle\"}]},{\"@type\":\"WebSite\",\"@id\":\"https:\\\/\\\/the-metals.com\\\/#website\",\"url\":\"https:\\\/\\\/the-metals.com\\\/\",\"name\":\"The Metals\",\"description\":\"\",\"publisher\":{\"@id\":\"https:\\\/\\\/the-metals.com\\\/#organization\"},\"potentialAction\":[{\"@type\":\"SearchAction\",\"target\":{\"@type\":\"EntryPoint\",\"urlTemplate\":\"https:\\\/\\\/the-metals.com\\\/?s={search_term_string}\"},\"query-input\":{\"@type\":\"PropertyValueSpecification\",\"valueRequired\":true,\"valueName\":\"search_term_string\"}}],\"inLanguage\":\"de\"},{\"@type\":\"Organization\",\"@id\":\"https:\\\/\\\/the-metals.com\\\/#organization\",\"name\":\"The-Metall.com\",\"url\":\"https:\\\/\\\/the-metals.com\\\/\",\"logo\":{\"@type\":\"ImageObject\",\"inLanguage\":\"de\",\"@id\":\"https:\\\/\\\/the-metals.com\\\/#\\\/schema\\\/logo\\\/image\\\/\",\"url\":\"https:\\\/\\\/the-metals.com\\\/wp-content\\\/uploads\\\/2021\\\/10\\\/cropped-The-Metals-icon-2.jpg\",\"contentUrl\":\"https:\\\/\\\/the-metals.com\\\/wp-content\\\/uploads\\\/2021\\\/10\\\/cropped-The-Metals-icon-2.jpg\",\"width\":512,\"height\":512,\"caption\":\"The-Metall.com\"},\"image\":{\"@id\":\"https:\\\/\\\/the-metals.com\\\/#\\\/schema\\\/logo\\\/image\\\/\"}}]}<\/script>\n<!-- \/ Yoast SEO plugin. -->","yoast_head_json":{"title":"Strategische Metalle - The Metals","description":"Strategische Metalle steigen st\u00e4ndig im Wert, die gezeigten Preise sind tagesabh\u00e4ngig.","robots":{"index":"index","follow":"follow","max-snippet":"max-snippet:-1","max-image-preview":"max-image-preview:large","max-video-preview":"max-video-preview:-1"},"canonical":"https:\/\/the-metals.com\/de\/strategische-metalle\/","og_locale":"de_DE","og_type":"article","og_title":"Strategische Metalle - The Metals","og_description":"Strategische Metalle steigen st\u00e4ndig im Wert, die gezeigten Preise sind tagesabh\u00e4ngig.","og_url":"https:\/\/the-metals.com\/de\/strategische-metalle\/","og_site_name":"The Metals","article_modified_time":"2026-02-09T18:13:22+00:00","og_image":[{"url":"https:\/\/the-metals.com\/wp-content\/uploads\/2022\/06\/Lithium-1.png","type":"","width":"","height":""}],"twitter_card":"summary_large_image","twitter_misc":{"Gesch\u00e4tzte Lesezeit":"3\u00a0Minuten"},"schema":{"@context":"https:\/\/schema.org","@graph":[{"@type":"WebPage","@id":"https:\/\/the-metals.com\/de\/strategische-metalle\/","url":"https:\/\/the-metals.com\/de\/strategische-metalle\/","name":"Strategische Metalle - The Metals","isPartOf":{"@id":"https:\/\/the-metals.com\/#website"},"primaryImageOfPage":{"@id":"https:\/\/the-metals.com\/de\/strategische-metalle\/#primaryimage"},"image":{"@id":"https:\/\/the-metals.com\/de\/strategische-metalle\/#primaryimage"},"thumbnailUrl":"https:\/\/the-metals.com\/wp-content\/uploads\/2022\/06\/Lithium-1.png","datePublished":"2021-11-02T17:38:20+00:00","dateModified":"2026-02-09T18:13:22+00:00","description":"Strategische Metalle steigen st\u00e4ndig im Wert, die gezeigten Preise sind tagesabh\u00e4ngig.","breadcrumb":{"@id":"https:\/\/the-metals.com\/de\/strategische-metalle\/#breadcrumb"},"inLanguage":"de","potentialAction":[{"@type":"ReadAction","target":["https:\/\/the-metals.com\/de\/strategische-metalle\/"]}]},{"@type":"ImageObject","inLanguage":"de","@id":"https:\/\/the-metals.com\/de\/strategische-metalle\/#primaryimage","url":"https:\/\/the-metals.com\/wp-content\/uploads\/2022\/06\/Lithium-1.png","contentUrl":"https:\/\/the-metals.com\/wp-content\/uploads\/2022\/06\/Lithium-1.png"},{"@type":"BreadcrumbList","@id":"https:\/\/the-metals.com\/de\/strategische-metalle\/#breadcrumb","itemListElement":[{"@type":"ListItem","position":1,"name":"Startseite","item":"https:\/\/the-metals.com\/de\/"},{"@type":"ListItem","position":2,"name":"Strategische Metalle"}]},{"@type":"WebSite","@id":"https:\/\/the-metals.com\/#website","url":"https:\/\/the-metals.com\/","name":"The Metals","description":"","publisher":{"@id":"https:\/\/the-metals.com\/#organization"},"potentialAction":[{"@type":"SearchAction","target":{"@type":"EntryPoint","urlTemplate":"https:\/\/the-metals.com\/?s={search_term_string}"},"query-input":{"@type":"PropertyValueSpecification","valueRequired":true,"valueName":"search_term_string"}}],"inLanguage":"de"},{"@type":"Organization","@id":"https:\/\/the-metals.com\/#organization","name":"The-Metall.com","url":"https:\/\/the-metals.com\/","logo":{"@type":"ImageObject","inLanguage":"de","@id":"https:\/\/the-metals.com\/#\/schema\/logo\/image\/","url":"https:\/\/the-metals.com\/wp-content\/uploads\/2021\/10\/cropped-The-Metals-icon-2.jpg","contentUrl":"https:\/\/the-metals.com\/wp-content\/uploads\/2021\/10\/cropped-The-Metals-icon-2.jpg","width":512,"height":512,"caption":"The-Metall.com"},"image":{"@id":"https:\/\/the-metals.com\/#\/schema\/logo\/image\/"}}]}},"_links":{"self":[{"href":"https:\/\/the-metals.com\/de\/wp-json\/wp\/v2\/pages\/142","targetHints":{"allow":["GET"]}}],"collection":[{"href":"https:\/\/the-metals.com\/de\/wp-json\/wp\/v2\/pages"}],"about":[{"href":"https:\/\/the-metals.com\/de\/wp-json\/wp\/v2\/types\/page"}],"author":[{"embeddable":true,"href":"https:\/\/the-metals.com\/de\/wp-json\/wp\/v2\/users\/2"}],"replies":[{"embeddable":true,"href":"https:\/\/the-metals.com\/de\/wp-json\/wp\/v2\/comments?post=142"}],"version-history":[{"count":60,"href":"https:\/\/the-metals.com\/de\/wp-json\/wp\/v2\/pages\/142\/revisions"}],"predecessor-version":[{"id":1294,"href":"https:\/\/the-metals.com\/de\/wp-json\/wp\/v2\/pages\/142\/revisions\/1294"}],"wp:attachment":[{"href":"https:\/\/the-metals.com\/de\/wp-json\/wp\/v2\/media?parent=142"}],"curies":[{"name":"wp","href":"https:\/\/api.w.org\/{rel}","templated":true}]}}