{"id":140,"date":"2021-11-02T18:34:11","date_gmt":"2021-11-02T17:34:11","guid":{"rendered":"https:\/\/the-metals.com\/?page_id=140"},"modified":"2026-02-09T19:12:50","modified_gmt":"2026-02-09T18:12:50","slug":"lbma-metals","status":"publish","type":"page","link":"https:\/\/the-metals.com\/de\/lbma-metals\/","title":{"rendered":"LBMA Metals"},"content":{"rendered":"<p>Die Metal Miners produziert aus dem Abraum im Tagebau auch verschiedenste edle Metalle, wie Gold, Silber, Platin, Palladium, Rhodium, Wismut und Osmium und weitere seltene Metalle. Wir sind in der Lage auch gr\u00f6ssere Mengen an seltenen Rohstoffen zuverl\u00e4ssig und dauerhaft liefern zu k\u00f6nnen. Die Metal Miners verf\u00fcgt \u00fcber eine enorme Abbaufl\u00e4che und kann grosse Mengen von seltenen Erden und Metallen. Eine dauerhafte Lieferung von unseren Materialien wird zuverl\u00e4ssig und p\u00fcnktlich ausgef\u00fchrt. Die Metal Miners unterliegt internationaler Beschr\u00e4nkungen zur Lieferung von strategischem Metallen. Die Metal Miners arbeitet nach ein Compliance Management System, kurz CMS. <\/p>\n<p>Das ist die Gesamtheit der in einer Organisation eingerichteten Ma\u00dfnahmen, Strukturen und Prozesse, um Regelkonformit\u00e4t sicherzustellen, worunter rechtsverbindliche und ethische Regeln fallen k\u00f6nnen. Ohne eine Due-Diligence-Pr\u00fcfung, wird kein Neukunde oder Bieter aufgenommen und ohne bestandene Due-Diligence-Pr\u00fcfung wird ein Kauf von Diamanten oder strategischem Material bei uns ausgeschlossen. <\/p>\n<div class=\"promo-box \">\n<div class=\"promo-text\">\n<h4> Alle Preise sind ohne MwSt, ohne Versandkosten und Versicherungskosten. <\/h4>\n<\/div>\n<\/div>\n<h4 style=\"color:#ff; background:#d8d8d8; padding:5px\">Edelmetall Granulate <\/h4>\n<hr>\n<div class=\"shop\">\n<div class=\"row\">\n<div class=\"col-md-3\"><img decoding=\"async\" class=\"aligncenter size-full wp-image-158\" src=\"https:\/\/the-metals.com\/wp-content\/uploads\/2021\/10\/Gold-Granulat.png\" alt=\"shop\" \/><\/div>\n<div class=\"col-md-4\">\n<h5>Gold Granulate <strong>bis 5,0 mm<\/strong> <\/h5>\n<h5>Reinheit: >99,2% <\/h5>\n<h5>Qualit\u00e4t: 1.000 Gramm <\/h5>\n<h5>Lieferung: Free Zone Airport <\/h5>\n<h5>Lieferzeit: zwei Wochen <\/h5>\n<h5>Verpackt: PE\/PET 100my<\/h5>\n<h5>Box: Metall<\/h5>\n<h5>Airtransportbox: Atlas Containers<\/h5>\n<h5>Report: ja<\/h5>\n<\/div>\n<div class=\"col-md-5\">\n<h4 class=\"preis\">Preis <strong> LBMA<\/strong> USD<\/h4>\n<\/div>\n<\/div>\n<\/div>\n<hr style=\"border: 0; height: 1px; background-image: linear-gradient(to right, rgba(0, 0, 0, 0), rgba(0, 0, 0, 0.75), rgba(0, 0, 0, 0));\"\/>\n<div class=\"shop\">\n<div class=\"row\">\n<div class=\"col-md-3\"><img decoding=\"async\" class=\"aligncenter size-full wp-image-158\" src=\"https:\/\/the-metals.com\/wp-content\/uploads\/2021\/10\/Platin-granulat.jpeg\" alt=\"shop\" \/><\/div>\n<div class=\"col-md-4\">\n<h5>Silber Granulate <strong>bis 5,0 mm<\/strong> <\/h5>\n<h5>Reinheit: >99,2% <\/h5>\n<h5>Qualit\u00e4t: 1.000 Gramm <\/h5>\n<h5>Lieferung: Free Zone Airport <\/h5>\n<h5>Lieferzeit: zwei Wochen <\/h5>\n<h5>Verpackt: PE\/PET 100my<\/h5>\n<h5>Box: Metall<\/h5>\n<h5>Airtransportbox: Atlas Containers<\/h5>\n<h5>Report: ja<\/h5>\n<\/div>\n<div class=\"col-md-5\">\n<h4 class=\"preis\">Preis <strong> LBMA<\/strong> USD<\/h4>\n<\/div>\n<\/div>\n<\/div>\n<hr style=\"border: 0; height: 1px; background-image: linear-gradient(to right, rgba(0, 0, 0, 0), rgba(0, 0, 0, 0.75), rgba(0, 0, 0, 0));\"\/>\n<div class=\"shop\">\n<div class=\"row\">\n<div class=\"col-md-3\"><img decoding=\"async\" class=\"aligncenter size-full wp-image-158\" src=\"https:\/\/the-metals.com\/wp-content\/uploads\/2021\/10\/Platin-granulat.jpeg\" alt=\"shop\" \/><\/div>\n<div class=\"col-md-4\">\n<h5>Platin Granulate <strong>bis 5,0 mm<\/strong> <\/h5>\n<h5>Reinheit: >99,2% <\/h5>\n<h5>Qualit\u00e4t: 1.000 Gramm <\/h5>\n<h5>Lieferung: Free Zone Airport <\/h5>\n<h5>Lieferzeit: zwei Wochen <\/h5>\n<h5>Verpackt: PE\/PET 100my<\/h5>\n<h5>Box: Metall<\/h5>\n<h5>Airtransportbox: Atlas Containers<\/h5>\n<h5>Report: ja<\/h5>\n<\/div>\n<div class=\"col-md-5\">\n<h4 class=\"preis\">Preis <strong> LBMA<\/strong> USD<\/h4>\n<\/div>\n<\/div>\n<\/div>\n<hr style=\"border: 0; height: 1px; background-image: linear-gradient(to right, rgba(0, 0, 0, 0), rgba(0, 0, 0, 0.75), rgba(0, 0, 0, 0));\"\/>\n<div class=\"shop\">\n<div class=\"row\">\n<div class=\"col-md-3\"><img decoding=\"async\" class=\"aligncenter size-full wp-image-158\" src=\"https:\/\/the-metals.com\/wp-content\/uploads\/2021\/10\/Platin-granulat.jpeg\" alt=\"shop\" \/><\/div>\n<div class=\"col-md-4\">\n<h5>Paladium Granulate <strong>bis 5,0 mm<\/strong> <\/h5>\n<h5>Reinheit: >99,2% <\/h5>\n<h5>Qualit\u00e4t: 1.000 Gramm <\/h5>\n<h5>Lieferung: Free Zone Airport <\/h5>\n<h5>Lieferzeit: zwei Wochen <\/h5>\n<h5>Verpackt: PE\/PET 100my<\/h5>\n<h5>Box: Metall<\/h5>\n<h5>Airtransportbox: Atlas Containers<\/h5>\n<h5>Report: ja<\/h5>\n<\/div>\n<div class=\"col-md-5\">\n<h4 class=\"preis\">Preis <strong> LBMA<\/strong> USD<\/h4>\n<\/div>\n<\/div>\n<\/div>\n<hr style=\"border: 0; height: 1px; background-image: linear-gradient(to right, rgba(0, 0, 0, 0), rgba(0, 0, 0, 0.75), rgba(0, 0, 0, 0));\"\/>\n<div class=\"shop\">\n<div class=\"row\">\n<div class=\"col-md-3\"><img decoding=\"async\" class=\"aligncenter size-full wp-image-158\" src=\"https:\/\/the-metals.com\/wp-content\/uploads\/2021\/10\/Platin-granulat.jpeg\" alt=\"shop\" \/><\/div>\n<div class=\"col-md-4\">\n<h5>Rhodium Granulate <strong>bis 5,0 mm<\/strong> <\/h5>\n<h5>Reinheit: >99,2% <\/h5>\n<h5>Qualit\u00e4t: 1.000 Gramm <\/h5>\n<h5>Lieferung: Free Zone Airport <\/h5>\n<h5>Lieferzeit: zwei Wochen <\/h5>\n<h5>Verpackt: PE\/PET 100my<\/h5>\n<h5>Box: Metall<\/h5>\n<h5>Airtransportbox: Atlas Containers<\/h5>\n<h5>Report: ja<\/h5>\n<\/div>\n<div class=\"col-md-5\">\n<h4 class=\"preis\">Preis <strong> LBMA<\/strong> USD<\/h4>\n<\/div>\n<\/div>\n<\/div>\n<hr style=\"border: 0; height: 1px; background-image: linear-gradient(to right, rgba(0, 0, 0, 0), rgba(0, 0, 0, 0.75), rgba(0, 0, 0, 0));\"\/>\n<h6>The images are copyright The-Melats.com \u00a9 <\/h6>\n","protected":false},"excerpt":{"rendered":"<p>Die Metal Miners produziert aus dem Abraum im Tagebau auch verschiedenste edle Metalle, wie Gold, Silber, Platin, Palladium, Rhodium, Wismut und Osmium und weitere seltene Metalle. Wir sind in der Lage auch gr\u00f6ssere Mengen an seltenen Rohstoffen zuverl\u00e4ssig und dauerhaft liefern zu k\u00f6nnen. Die Metal Miners verf\u00fcgt \u00fcber eine enorme Abbaufl\u00e4che und kann grosse Mengen [&#8230;]<\/p>\n","protected":false},"author":2,"featured_media":0,"parent":0,"menu_order":0,"comment_status":"closed","ping_status":"closed","template":"","meta":{"footnotes":""},"class_list":["post-140","page","type-page","status-publish","hentry"],"yoast_head":"<!-- This site is optimized with the Yoast SEO plugin v27.6 - https:\/\/yoast.com\/product\/yoast-seo-wordpress\/ -->\n<title>LBMA Metals - The Metals<\/title>\n<meta name=\"robots\" content=\"index, follow, max-snippet:-1, max-image-preview:large, max-video-preview:-1\" \/>\n<link rel=\"canonical\" href=\"https:\/\/the-metals.com\/de\/lbma-metals\/\" \/>\n<meta property=\"og:locale\" content=\"de_DE\" \/>\n<meta property=\"og:type\" content=\"article\" \/>\n<meta property=\"og:title\" content=\"LBMA Metals - The Metals\" \/>\n<meta property=\"og:description\" content=\"Die Metal Miners produziert aus dem Abraum im Tagebau auch verschiedenste edle Metalle, wie Gold, Silber, Platin, Palladium, Rhodium, Wismut und Osmium und weitere seltene Metalle. Wir sind in der Lage auch gr\u00f6ssere Mengen an seltenen Rohstoffen zuverl\u00e4ssig und dauerhaft liefern zu k\u00f6nnen. Die Metal Miners verf\u00fcgt \u00fcber eine enorme Abbaufl\u00e4che und kann grosse Mengen [...]\" \/>\n<meta property=\"og:url\" content=\"https:\/\/the-metals.com\/de\/lbma-metals\/\" \/>\n<meta property=\"og:site_name\" content=\"The Metals\" \/>\n<meta property=\"article:modified_time\" content=\"2026-02-09T18:12:50+00:00\" \/>\n<meta property=\"og:image\" content=\"https:\/\/the-metals.com\/wp-content\/uploads\/2021\/10\/Gold-Granulat.png\" \/>\n<meta name=\"twitter:card\" content=\"summary_large_image\" \/>\n<meta name=\"twitter:label1\" content=\"Gesch\u00e4tzte Lesezeit\" \/>\n\t<meta name=\"twitter:data1\" content=\"2\u00a0Minuten\" \/>\n<script type=\"application\/ld+json\" class=\"yoast-schema-graph\">{\"@context\":\"https:\\\/\\\/schema.org\",\"@graph\":[{\"@type\":\"WebPage\",\"@id\":\"https:\\\/\\\/the-metals.com\\\/de\\\/lbma-metals\\\/\",\"url\":\"https:\\\/\\\/the-metals.com\\\/de\\\/lbma-metals\\\/\",\"name\":\"LBMA Metals - The Metals\",\"isPartOf\":{\"@id\":\"https:\\\/\\\/the-metals.com\\\/#website\"},\"primaryImageOfPage\":{\"@id\":\"https:\\\/\\\/the-metals.com\\\/de\\\/lbma-metals\\\/#primaryimage\"},\"image\":{\"@id\":\"https:\\\/\\\/the-metals.com\\\/de\\\/lbma-metals\\\/#primaryimage\"},\"thumbnailUrl\":\"https:\\\/\\\/the-metals.com\\\/wp-content\\\/uploads\\\/2021\\\/10\\\/Gold-Granulat.png\",\"datePublished\":\"2021-11-02T17:34:11+00:00\",\"dateModified\":\"2026-02-09T18:12:50+00:00\",\"breadcrumb\":{\"@id\":\"https:\\\/\\\/the-metals.com\\\/de\\\/lbma-metals\\\/#breadcrumb\"},\"inLanguage\":\"de\",\"potentialAction\":[{\"@type\":\"ReadAction\",\"target\":[\"https:\\\/\\\/the-metals.com\\\/de\\\/lbma-metals\\\/\"]}]},{\"@type\":\"ImageObject\",\"inLanguage\":\"de\",\"@id\":\"https:\\\/\\\/the-metals.com\\\/de\\\/lbma-metals\\\/#primaryimage\",\"url\":\"https:\\\/\\\/the-metals.com\\\/wp-content\\\/uploads\\\/2021\\\/10\\\/Gold-Granulat.png\",\"contentUrl\":\"https:\\\/\\\/the-metals.com\\\/wp-content\\\/uploads\\\/2021\\\/10\\\/Gold-Granulat.png\"},{\"@type\":\"BreadcrumbList\",\"@id\":\"https:\\\/\\\/the-metals.com\\\/de\\\/lbma-metals\\\/#breadcrumb\",\"itemListElement\":[{\"@type\":\"ListItem\",\"position\":1,\"name\":\"Startseite\",\"item\":\"https:\\\/\\\/the-metals.com\\\/de\\\/\"},{\"@type\":\"ListItem\",\"position\":2,\"name\":\"LBMA Metals\"}]},{\"@type\":\"WebSite\",\"@id\":\"https:\\\/\\\/the-metals.com\\\/#website\",\"url\":\"https:\\\/\\\/the-metals.com\\\/\",\"name\":\"The Metals\",\"description\":\"\",\"publisher\":{\"@id\":\"https:\\\/\\\/the-metals.com\\\/#organization\"},\"potentialAction\":[{\"@type\":\"SearchAction\",\"target\":{\"@type\":\"EntryPoint\",\"urlTemplate\":\"https:\\\/\\\/the-metals.com\\\/?s={search_term_string}\"},\"query-input\":{\"@type\":\"PropertyValueSpecification\",\"valueRequired\":true,\"valueName\":\"search_term_string\"}}],\"inLanguage\":\"de\"},{\"@type\":\"Organization\",\"@id\":\"https:\\\/\\\/the-metals.com\\\/#organization\",\"name\":\"The-Metall.com\",\"url\":\"https:\\\/\\\/the-metals.com\\\/\",\"logo\":{\"@type\":\"ImageObject\",\"inLanguage\":\"de\",\"@id\":\"https:\\\/\\\/the-metals.com\\\/#\\\/schema\\\/logo\\\/image\\\/\",\"url\":\"https:\\\/\\\/the-metals.com\\\/wp-content\\\/uploads\\\/2021\\\/10\\\/cropped-The-Metals-icon-2.jpg\",\"contentUrl\":\"https:\\\/\\\/the-metals.com\\\/wp-content\\\/uploads\\\/2021\\\/10\\\/cropped-The-Metals-icon-2.jpg\",\"width\":512,\"height\":512,\"caption\":\"The-Metall.com\"},\"image\":{\"@id\":\"https:\\\/\\\/the-metals.com\\\/#\\\/schema\\\/logo\\\/image\\\/\"}}]}<\/script>\n<!-- \/ Yoast SEO plugin. -->","yoast_head_json":{"title":"LBMA Metals - The Metals","robots":{"index":"index","follow":"follow","max-snippet":"max-snippet:-1","max-image-preview":"max-image-preview:large","max-video-preview":"max-video-preview:-1"},"canonical":"https:\/\/the-metals.com\/de\/lbma-metals\/","og_locale":"de_DE","og_type":"article","og_title":"LBMA Metals - The Metals","og_description":"Die Metal Miners produziert aus dem Abraum im Tagebau auch verschiedenste edle Metalle, wie Gold, Silber, Platin, Palladium, Rhodium, Wismut und Osmium und weitere seltene Metalle. Wir sind in der Lage auch gr\u00f6ssere Mengen an seltenen Rohstoffen zuverl\u00e4ssig und dauerhaft liefern zu k\u00f6nnen. Die Metal Miners verf\u00fcgt \u00fcber eine enorme Abbaufl\u00e4che und kann grosse Mengen [...]","og_url":"https:\/\/the-metals.com\/de\/lbma-metals\/","og_site_name":"The Metals","article_modified_time":"2026-02-09T18:12:50+00:00","og_image":[{"url":"https:\/\/the-metals.com\/wp-content\/uploads\/2021\/10\/Gold-Granulat.png","type":"","width":"","height":""}],"twitter_card":"summary_large_image","twitter_misc":{"Gesch\u00e4tzte Lesezeit":"2\u00a0Minuten"},"schema":{"@context":"https:\/\/schema.org","@graph":[{"@type":"WebPage","@id":"https:\/\/the-metals.com\/de\/lbma-metals\/","url":"https:\/\/the-metals.com\/de\/lbma-metals\/","name":"LBMA Metals - The Metals","isPartOf":{"@id":"https:\/\/the-metals.com\/#website"},"primaryImageOfPage":{"@id":"https:\/\/the-metals.com\/de\/lbma-metals\/#primaryimage"},"image":{"@id":"https:\/\/the-metals.com\/de\/lbma-metals\/#primaryimage"},"thumbnailUrl":"https:\/\/the-metals.com\/wp-content\/uploads\/2021\/10\/Gold-Granulat.png","datePublished":"2021-11-02T17:34:11+00:00","dateModified":"2026-02-09T18:12:50+00:00","breadcrumb":{"@id":"https:\/\/the-metals.com\/de\/lbma-metals\/#breadcrumb"},"inLanguage":"de","potentialAction":[{"@type":"ReadAction","target":["https:\/\/the-metals.com\/de\/lbma-metals\/"]}]},{"@type":"ImageObject","inLanguage":"de","@id":"https:\/\/the-metals.com\/de\/lbma-metals\/#primaryimage","url":"https:\/\/the-metals.com\/wp-content\/uploads\/2021\/10\/Gold-Granulat.png","contentUrl":"https:\/\/the-metals.com\/wp-content\/uploads\/2021\/10\/Gold-Granulat.png"},{"@type":"BreadcrumbList","@id":"https:\/\/the-metals.com\/de\/lbma-metals\/#breadcrumb","itemListElement":[{"@type":"ListItem","position":1,"name":"Startseite","item":"https:\/\/the-metals.com\/de\/"},{"@type":"ListItem","position":2,"name":"LBMA Metals"}]},{"@type":"WebSite","@id":"https:\/\/the-metals.com\/#website","url":"https:\/\/the-metals.com\/","name":"The Metals","description":"","publisher":{"@id":"https:\/\/the-metals.com\/#organization"},"potentialAction":[{"@type":"SearchAction","target":{"@type":"EntryPoint","urlTemplate":"https:\/\/the-metals.com\/?s={search_term_string}"},"query-input":{"@type":"PropertyValueSpecification","valueRequired":true,"valueName":"search_term_string"}}],"inLanguage":"de"},{"@type":"Organization","@id":"https:\/\/the-metals.com\/#organization","name":"The-Metall.com","url":"https:\/\/the-metals.com\/","logo":{"@type":"ImageObject","inLanguage":"de","@id":"https:\/\/the-metals.com\/#\/schema\/logo\/image\/","url":"https:\/\/the-metals.com\/wp-content\/uploads\/2021\/10\/cropped-The-Metals-icon-2.jpg","contentUrl":"https:\/\/the-metals.com\/wp-content\/uploads\/2021\/10\/cropped-The-Metals-icon-2.jpg","width":512,"height":512,"caption":"The-Metall.com"},"image":{"@id":"https:\/\/the-metals.com\/#\/schema\/logo\/image\/"}}]}},"_links":{"self":[{"href":"https:\/\/the-metals.com\/de\/wp-json\/wp\/v2\/pages\/140","targetHints":{"allow":["GET"]}}],"collection":[{"href":"https:\/\/the-metals.com\/de\/wp-json\/wp\/v2\/pages"}],"about":[{"href":"https:\/\/the-metals.com\/de\/wp-json\/wp\/v2\/types\/page"}],"author":[{"embeddable":true,"href":"https:\/\/the-metals.com\/de\/wp-json\/wp\/v2\/users\/2"}],"replies":[{"embeddable":true,"href":"https:\/\/the-metals.com\/de\/wp-json\/wp\/v2\/comments?post=140"}],"version-history":[{"count":9,"href":"https:\/\/the-metals.com\/de\/wp-json\/wp\/v2\/pages\/140\/revisions"}],"predecessor-version":[{"id":1293,"href":"https:\/\/the-metals.com\/de\/wp-json\/wp\/v2\/pages\/140\/revisions\/1293"}],"wp:attachment":[{"href":"https:\/\/the-metals.com\/de\/wp-json\/wp\/v2\/media?parent=140"}],"curies":[{"name":"wp","href":"https:\/\/api.w.org\/{rel}","templated":true}]}}