{"id":115,"date":"2021-11-02T17:50:22","date_gmt":"2021-11-02T16:50:22","guid":{"rendered":"https:\/\/the-metals.com\/?page_id=115"},"modified":"2026-02-21T10:45:41","modified_gmt":"2026-02-21T09:45:41","slug":"history","status":"publish","type":"page","link":"https:\/\/the-metals.com\/de\/history\/","title":{"rendered":"History"},"content":{"rendered":"<h2>Die Ausbeutung der Bergleute<\/h2>\n<p>Im Jahr 1846 lag der Erfolg nicht im Abbau der Metalle wie Gold sondern daran, dass \u201cdie Miners\u201c daran glauben sollten. <\/p>\n<h4>Die wahre Geschichte ist!<\/h4>\n<p>In Anlehnung von <a href=\"https:\/\/de.wikipedia.org\/wiki\/Samuel_Brannan\" rel=\"noopener\" target=\"_blank\">Samuel Brannan<\/a> und Berichten der Bank of Canada!<\/p>\n<p>Die wirkliche Chance f\u00fcr den Erfolg im Goldrausch lag nicht im Abbau des Goldes,  sondern im Abbau durch die Bergleut. W\u00e4hrend des Goldrauschs in Canada, verdiente Samuel Brannan nicht durch den Abbau der Bergleute sein Geld, sondern dadurch den Miners Ausr\u00fcstung zu stellen und teilweise zu vermieten. Die Bergleute mussten einen Gro\u00dfteil ihres Geldes und ihres Goldes f\u00fcr n\u00fctzliche Bergbauwerkzeuge aufwenden um ihre Aussenst\u00e4nde zu bezahlen. Sein Gesch\u00e4ft lag genau zwischen San Francisco und den Goldfeldern. Samuel Brannan bereicherte sich dadurch, Dienstleistungen und Ger\u00e4te zu verkaufen und wurde dadurch extrem verm\u00f6gend, ohne jemals einen Fu\u00df in die Goldminen setzen zu m\u00fcssen. Samuel wurde durch alle seien Eink\u00e4ufe des Bergmanns in seinem florierenden Gesch\u00e4ft Californiens erster Million\u00e4r in dieser Zeit.<\/p>\n<p>Zuerst begann Samuel Brannan nach einem Ort in Californien zu suchen um sich niederzulassen. Er kam 1846 mit 238 anderen Einwanderern in einem Schiff nach Californien in der Hoffnung sein Gl\u00fcck zu finden. Anstatt wie viele M\u00e4nner auf die Minenfelder zu gehen, gr\u00fcndete Samuel Brannan eine eigene Gesellschaft die alles f\u00fcr die Minenbetreiber beschaffte. In der N\u00e4he von Sutter\u2019s Mill erkannte er bald, das sein Land reich an Gesch\u00e4ftspartnern war die immer neue Waren nachfragten. Nachdem er erkannt hatte, das sein Gebiet wohl reich an Minengr\u00fcndern war, gr\u00fcndete er schlie\u00dflich ein Gesellschaft <a href=\"https:\/\/stlukesexpandingwest.weebly.com\/mining-the-miners.html\" rel=\"noopener\" target=\"_blank\">Mining The Miners<\/a>, die heute uns geh\u00f6rt. <\/p>\n<p>Diese Minengr\u00fcnder ben\u00f6tigten enormes Equipment und hofften auf ein gro\u00dfes Einkommen, das aus dem extremen Bergbau und den Lebensnotwendigkeiten wie Pfannen und Spitzhacken begr\u00fcndet war. <\/p>\n<p>Samuel sah seine Chance und nutzte die Zeit f\u00fcr sich, auf die Felder zu gehen. Er versuchte, jede Spitzhacke, Schaufel und Pfanne in ganz Californien zu verkaufen, was ihn zum ersten Million\u00e4r in ganz Californien machte. Als die Bergleute aus allen Richtungen eintrafen, hatte Samuel ein gro\u00dfes und lukratives Gesch\u00e4ft aufgebaut. Er baute das erste Monopol auf. Zu dieser Zeit war Samuel Brannan bekannt daf\u00fcr, dass er durch die Stra\u00dfen von San Francisco lief und \u201eGold, Gold, Gold from the American River!\u201c rief. <\/p>\n<p>Diese Aussage f\u00fchrte dazu, dass sehr viele Menschen mit dem Gedanken Gold zu finden und diese Region gezogen sind. Menschen aus der ganzen US-Stadt machten sich auf den weg Ihr Gl\u00fcck zu finden und Gold zu sch\u00fcrfen. Kurz danach stiegen die Preise f\u00fcr Schaufeln und Gold Mining Produkte ins unermessliche. <\/p>\n<p>Manche sagten, Samuel sei ein gieriger Schurke gewesen. Er hat sich mit Gesch\u00e4ftspartner mit Brigham Young verbunden und nutzte seine Macht in der Kirche. Zu dieser Zeit war das eine enorme Macht. Er begann, allen Bergleuten, die jung und erfolgreich waren den Zehnt anzubieten, sie w\u00fcrden dadurch zur kirchlichen Gemeinschaft geh\u00f6ren und h\u00e4tten Schutz.<\/p>\n<p>Die Bergleute sahen bereits nach sehr kurzer Zeit, dass Samuel das Geld nicht der Kirche gegeben hat und nur zu seinen Zwecken verwendet hatte. Brigham Young h\u00f6rte, dass Samuel viel Geld verdiente und den Zehnt f\u00fcr die Kirchengemeinde nicht bezahlte. <\/p>\n","protected":false},"excerpt":{"rendered":"<p>Die Ausbeutung der Bergleute Im Jahr 1846 lag der Erfolg nicht im Abbau der Metalle wie Gold sondern daran, dass \u201cdie Miners\u201c daran glauben sollten. Die wahre Geschichte ist! In Anlehnung von Samuel Brannan und Berichten der Bank of Canada! Die wirkliche Chance f\u00fcr den Erfolg im Goldrausch lag nicht im Abbau des Goldes, sondern [&#8230;]<\/p>\n","protected":false},"author":2,"featured_media":0,"parent":0,"menu_order":0,"comment_status":"closed","ping_status":"closed","template":"","meta":{"footnotes":""},"class_list":["post-115","page","type-page","status-publish","hentry"],"yoast_head":"<!-- This site is optimized with the Yoast SEO plugin v27.6 - https:\/\/yoast.com\/product\/yoast-seo-wordpress\/ -->\n<title>History - The Metals<\/title>\n<meta name=\"description\" content=\"The Metal Miners. Wir bauen in unsere Minenur verschiedenste Metalle, seltenen Erden und Salze wie Lithium ab.\" \/>\n<meta name=\"robots\" content=\"index, follow, max-snippet:-1, max-image-preview:large, max-video-preview:-1\" \/>\n<link rel=\"canonical\" href=\"https:\/\/the-metals.com\/de\/history\/\" \/>\n<meta property=\"og:locale\" content=\"de_DE\" \/>\n<meta property=\"og:type\" content=\"article\" \/>\n<meta property=\"og:title\" content=\"History - The Metals\" \/>\n<meta property=\"og:description\" content=\"The Metal Miners. Wir bauen in unsere Minenur verschiedenste Metalle, seltenen Erden und Salze wie Lithium ab.\" \/>\n<meta property=\"og:url\" content=\"https:\/\/the-metals.com\/de\/history\/\" \/>\n<meta property=\"og:site_name\" content=\"The Metals\" \/>\n<meta property=\"article:modified_time\" content=\"2026-02-21T09:45:41+00:00\" \/>\n<meta name=\"twitter:card\" content=\"summary_large_image\" \/>\n<meta name=\"twitter:label1\" content=\"Gesch\u00e4tzte Lesezeit\" \/>\n\t<meta name=\"twitter:data1\" content=\"3\u00a0Minuten\" \/>\n<script type=\"application\/ld+json\" class=\"yoast-schema-graph\">{\"@context\":\"https:\\\/\\\/schema.org\",\"@graph\":[{\"@type\":\"WebPage\",\"@id\":\"https:\\\/\\\/the-metals.com\\\/de\\\/history\\\/\",\"url\":\"https:\\\/\\\/the-metals.com\\\/de\\\/history\\\/\",\"name\":\"History - The Metals\",\"isPartOf\":{\"@id\":\"https:\\\/\\\/the-metals.com\\\/#website\"},\"datePublished\":\"2021-11-02T16:50:22+00:00\",\"dateModified\":\"2026-02-21T09:45:41+00:00\",\"description\":\"The Metal Miners. Wir bauen in unsere Minenur verschiedenste Metalle, seltenen Erden und Salze wie Lithium ab.\",\"breadcrumb\":{\"@id\":\"https:\\\/\\\/the-metals.com\\\/de\\\/history\\\/#breadcrumb\"},\"inLanguage\":\"de\",\"potentialAction\":[{\"@type\":\"ReadAction\",\"target\":[\"https:\\\/\\\/the-metals.com\\\/de\\\/history\\\/\"]}]},{\"@type\":\"BreadcrumbList\",\"@id\":\"https:\\\/\\\/the-metals.com\\\/de\\\/history\\\/#breadcrumb\",\"itemListElement\":[{\"@type\":\"ListItem\",\"position\":1,\"name\":\"Startseite\",\"item\":\"https:\\\/\\\/the-metals.com\\\/de\\\/\"},{\"@type\":\"ListItem\",\"position\":2,\"name\":\"History\"}]},{\"@type\":\"WebSite\",\"@id\":\"https:\\\/\\\/the-metals.com\\\/#website\",\"url\":\"https:\\\/\\\/the-metals.com\\\/\",\"name\":\"The Metals\",\"description\":\"\",\"publisher\":{\"@id\":\"https:\\\/\\\/the-metals.com\\\/#organization\"},\"potentialAction\":[{\"@type\":\"SearchAction\",\"target\":{\"@type\":\"EntryPoint\",\"urlTemplate\":\"https:\\\/\\\/the-metals.com\\\/?s={search_term_string}\"},\"query-input\":{\"@type\":\"PropertyValueSpecification\",\"valueRequired\":true,\"valueName\":\"search_term_string\"}}],\"inLanguage\":\"de\"},{\"@type\":\"Organization\",\"@id\":\"https:\\\/\\\/the-metals.com\\\/#organization\",\"name\":\"The-Metall.com\",\"url\":\"https:\\\/\\\/the-metals.com\\\/\",\"logo\":{\"@type\":\"ImageObject\",\"inLanguage\":\"de\",\"@id\":\"https:\\\/\\\/the-metals.com\\\/#\\\/schema\\\/logo\\\/image\\\/\",\"url\":\"https:\\\/\\\/the-metals.com\\\/wp-content\\\/uploads\\\/2021\\\/10\\\/cropped-The-Metals-icon-2.jpg\",\"contentUrl\":\"https:\\\/\\\/the-metals.com\\\/wp-content\\\/uploads\\\/2021\\\/10\\\/cropped-The-Metals-icon-2.jpg\",\"width\":512,\"height\":512,\"caption\":\"The-Metall.com\"},\"image\":{\"@id\":\"https:\\\/\\\/the-metals.com\\\/#\\\/schema\\\/logo\\\/image\\\/\"}}]}<\/script>\n<!-- \/ Yoast SEO plugin. -->","yoast_head_json":{"title":"History - The Metals","description":"The Metal Miners. Wir bauen in unsere Minenur verschiedenste Metalle, seltenen Erden und Salze wie Lithium ab.","robots":{"index":"index","follow":"follow","max-snippet":"max-snippet:-1","max-image-preview":"max-image-preview:large","max-video-preview":"max-video-preview:-1"},"canonical":"https:\/\/the-metals.com\/de\/history\/","og_locale":"de_DE","og_type":"article","og_title":"History - The Metals","og_description":"The Metal Miners. Wir bauen in unsere Minenur verschiedenste Metalle, seltenen Erden und Salze wie Lithium ab.","og_url":"https:\/\/the-metals.com\/de\/history\/","og_site_name":"The Metals","article_modified_time":"2026-02-21T09:45:41+00:00","twitter_card":"summary_large_image","twitter_misc":{"Gesch\u00e4tzte Lesezeit":"3\u00a0Minuten"},"schema":{"@context":"https:\/\/schema.org","@graph":[{"@type":"WebPage","@id":"https:\/\/the-metals.com\/de\/history\/","url":"https:\/\/the-metals.com\/de\/history\/","name":"History - The Metals","isPartOf":{"@id":"https:\/\/the-metals.com\/#website"},"datePublished":"2021-11-02T16:50:22+00:00","dateModified":"2026-02-21T09:45:41+00:00","description":"The Metal Miners. Wir bauen in unsere Minenur verschiedenste Metalle, seltenen Erden und Salze wie Lithium ab.","breadcrumb":{"@id":"https:\/\/the-metals.com\/de\/history\/#breadcrumb"},"inLanguage":"de","potentialAction":[{"@type":"ReadAction","target":["https:\/\/the-metals.com\/de\/history\/"]}]},{"@type":"BreadcrumbList","@id":"https:\/\/the-metals.com\/de\/history\/#breadcrumb","itemListElement":[{"@type":"ListItem","position":1,"name":"Startseite","item":"https:\/\/the-metals.com\/de\/"},{"@type":"ListItem","position":2,"name":"History"}]},{"@type":"WebSite","@id":"https:\/\/the-metals.com\/#website","url":"https:\/\/the-metals.com\/","name":"The Metals","description":"","publisher":{"@id":"https:\/\/the-metals.com\/#organization"},"potentialAction":[{"@type":"SearchAction","target":{"@type":"EntryPoint","urlTemplate":"https:\/\/the-metals.com\/?s={search_term_string}"},"query-input":{"@type":"PropertyValueSpecification","valueRequired":true,"valueName":"search_term_string"}}],"inLanguage":"de"},{"@type":"Organization","@id":"https:\/\/the-metals.com\/#organization","name":"The-Metall.com","url":"https:\/\/the-metals.com\/","logo":{"@type":"ImageObject","inLanguage":"de","@id":"https:\/\/the-metals.com\/#\/schema\/logo\/image\/","url":"https:\/\/the-metals.com\/wp-content\/uploads\/2021\/10\/cropped-The-Metals-icon-2.jpg","contentUrl":"https:\/\/the-metals.com\/wp-content\/uploads\/2021\/10\/cropped-The-Metals-icon-2.jpg","width":512,"height":512,"caption":"The-Metall.com"},"image":{"@id":"https:\/\/the-metals.com\/#\/schema\/logo\/image\/"}}]}},"_links":{"self":[{"href":"https:\/\/the-metals.com\/de\/wp-json\/wp\/v2\/pages\/115","targetHints":{"allow":["GET"]}}],"collection":[{"href":"https:\/\/the-metals.com\/de\/wp-json\/wp\/v2\/pages"}],"about":[{"href":"https:\/\/the-metals.com\/de\/wp-json\/wp\/v2\/types\/page"}],"author":[{"embeddable":true,"href":"https:\/\/the-metals.com\/de\/wp-json\/wp\/v2\/users\/2"}],"replies":[{"embeddable":true,"href":"https:\/\/the-metals.com\/de\/wp-json\/wp\/v2\/comments?post=115"}],"version-history":[{"count":36,"href":"https:\/\/the-metals.com\/de\/wp-json\/wp\/v2\/pages\/115\/revisions"}],"predecessor-version":[{"id":1312,"href":"https:\/\/the-metals.com\/de\/wp-json\/wp\/v2\/pages\/115\/revisions\/1312"}],"wp:attachment":[{"href":"https:\/\/the-metals.com\/de\/wp-json\/wp\/v2\/media?parent=115"}],"curies":[{"name":"wp","href":"https:\/\/api.w.org\/{rel}","templated":true}]}}