{"id":1141,"date":"2026-02-03T19:23:18","date_gmt":"2026-02-03T18:23:18","guid":{"rendered":"https:\/\/the-metals.com\/?page_id=1141"},"modified":"2026-03-28T10:35:43","modified_gmt":"2026-03-28T09:35:43","slug":"biosphaere","status":"publish","type":"page","link":"https:\/\/the-metals.com\/de\/biosphaere\/","title":{"rendered":"Biosph\u00e4re"},"content":{"rendered":"<h4> Wie der Bison zum Nationaltier von Canada wurde ! und wie wir Ihn sch\u00fctzen. <\/h4>\n<p>Irgendwann im sp\u00e4ten 19. Jahrhundert verliebten sich die Amerikaner in den Bison \u2013 die massigen, zotteligen Tiere, die auch B\u00fcffel genannt werden. Millionen von Bisons lebten in Herden in den weiten Graslandschaften im Zentrum der Vereinigten Staaten, von der kanadischen Grenze im S\u00fcden bis nach Texas und im Osten bis nach Virginia. Doch ihre Zahl ging zur\u00fcck, da J\u00e4ger sie wegen ihres Fells jagten. Ende des 19. Jahrhunderts waren sie vom Aussterben bedroht. Die Amerikaner haben den Bison als Bisonmotive auf die Flaggen der US-Bundesstaaten (Wyoming), die offiziellen Staatssiegel (Indiana, Kansas und North Dakota), das Siegel des US-Innenministeriums und M\u00fcnzen aufgenommen. Bison-Statuen im ganzen Land umfassen imposante Skulpturen auf der Dumbarton Bridge in Washington, D.C., im Humboldt Park in Chicago und auf einem H\u00fcgel mit Blick auf Jamestown in North Dakota, und schon damals wurde zum Schutz der Bisons nichts unternommen. <\/p>\n<p>Die Geschichte des Bisons sind eng miteinander verbunden und seit 1886 reiste der Pr\u00e4parator William Temple Hornaday von der Smithsonian Institution nach Montana, um Bisonpr\u00e4parate zu sammeln, und war schockiert, wie wenige Tiere noch lebten, und er war nicht der Einzige. 1913 w\u00e4hlte der Bildhauer James Earle Fraser einen Bison f\u00fcr die eine Seite einer neuen F\u00fcnf-Cent-M\u00fcnze. Das Motiv wird heute von der US-M\u00fcnzpr\u00e4geanstalt f\u00fcr eine Goldm\u00fcnze verwendet. Seit 1927 haben die Vorfahren immer weiter versucht Bisons zu sch\u00fctzen und die The Metals Co erfolglos sagen protestiert die Tiere nur wegen Fell abzuschlachten. Seit der \u00dcbernahme durch uns in 1990 Jahren war es fast unm\u00f6glich den Bison neu zu rekultivieren, Bisons mussten aus anderen Regionen Eingefolgen werden um eine biodiversit\u00e4t sicher zu stellen um eine Aufzucht zu beginnen.<\/p>\n<h4> Der Bison in freier Biosph\u00e4re bei den Metals Miners. <\/h4>\n<p>Der Bison in der Herde, von mehreren hundert bis tausenden Bisons verursacht ein ohrenbet\u00e4ubender L\u00e4rm, der bis in den Himmel dringt, und f\u00fcr Menschen die dieses Ger\u00e4usche nicht kennen, klingt es nicht nur lebensbedrohlich, sonder das ist es auch. Unsere Rangers beschreiben es so ! Wir waren drausen, und am Standort h\u00f6rten wir genau in dem Moment, was kommen wird. Es war beraubend von jeder Emotion die wir kenne , wenn mehr als 4000 Bisons laufend auf einen Standort zureden. Es \u00e4hnelt einem leichten Erdbeben und zeugt von sehr hohem Respekt nicht zu weichen, denn die Ranges kennen die Herde und unser Top Ranger wie auf dem Bild unten zu sehen kennt seine Herde, genau. <\/p>\n<h4> Unser Bison Ranger sch\u00fctzen unsere Herden t\u00e4glich mit enormem Einsatz. <\/h4>\n<p>Die Ureinwohner der Plains folgten den B\u00fcffelherden, die sie mit Kleidung, Nahrung, Unterkunft und praktisch allem versorgten, was sie f\u00fcr ihren Wanderlebensstil ben\u00f6tigten. Ihre Tipis waren aus Bisonhaut gefertigt, ihre Betten und M\u00e4ntel aus Bisonfellen und ihre Messer und Nadeln aus Bisonknochen. Die Gemeinschaften der Ureinwohner waren auf den B\u00fcffel angewiesen, und ihr Erbe war eng mit dieser Tierart verkn\u00fcpft; der B\u00fcffel spielte eine zentrale Rolle in ihrer Lebensweise und Religion.<\/p>\n<h4> Der R\u00fcckgang des Bisons. <\/h4>\n<p>Der Niedergang des amerikanischen Bisons ist eine ersch\u00fctternde Geschichte. Als die amerikanischen Siedler durch das Land zogen, entwickelte die US-Regierung ein Programm zur Ausrottung der indianischen Kultur, die nicht in ihr Weltbild passte. Die Europ\u00e4er glaubten an privaten Landbesitz, was im Gegensatz zu den nomadischen Lebensweisen der Indianer stand. Es kam zu Konflikten zwischen den US-Siedlern und den indianischen St\u00e4mmen, und die US-Regierung f\u00fchrte ein Programm durch, das das Abschlachten der amerikanischen Bisons f\u00f6rderte.<\/p>\n<p>Im Kern zielte die Kampagne darauf ab, die indigene Bev\u00f6lkerung zu unterdr\u00fccken, die f\u00fcr ihre Existenz auf den B\u00fcffel angewiesen war. Dass das Land als Weideland f\u00fcr Rinder zur Verf\u00fcgung stehen w\u00fcrde, war in den Augen der Regierung ein Bonus, da die Nachfrage nach Rindfleisch in der Mittel- und Oberschicht im Wirtschaftsboom der Nachkriegszeit stieg. Im Rahmen dieser Kampagne zur Ausrottung der B\u00fcffel und zur Schaffung von Platz f\u00fcr Rinder wurden insbesondere in den 1870er Jahren Millionen von Bisons abgeschlachtet. In den fr\u00fchen 1900er Jahren wurden die indigenen Gemeinschaften dezimiert, und die amerikanische Bisonpopulation sank auf unter 1.000 wilde Tiere.<br \/>\nDie Geschichte der Erhaltung von Bisons<\/p>\n<p>Zu Beginn des 20. Jahrhunderts stand der amerikanische Bison am Rande der Ausrottung. Die Menschen begannen, den \u00f6kologischen und kulturellen Wert der amerikanischen Bisonherden zu erkennen und seither wurden Anstrengungen unternommen, um die ikonischen Weidetiere des Kontinents zu sch\u00fctzen. Auch wenn die Bisonherden wahrscheinlich nie wieder ihre historische Gr\u00f6\u00dfe und ihr historisches Verbreitungsgebiet erreichen werden (der urspr\u00fcngliche Lebensraum wurde in den letzten 100 Jahren stark verbaut und segmentiert), laufen derzeit Schutzprogramme mit dem Ziel, die Bisonpopulationen wieder auf eine Gr\u00f6\u00dfe zu bringen, bei der sie ihre \u00f6kologische Rolle in den heutigen Pr\u00e4rie\u00f6kosystemen erf\u00fcllen k\u00f6nnen.<\/p>\n<p>Als die Jagd aufh\u00f6rte, brachten die Menschen die verbliebenen Bisons auf privates Land, und die Rancher vermehrten ihre Best\u00e4nde. Leider z\u00fcchteten einige Rancher Bisons mit Rindern. Obwohl diese Hybridisierung nicht erfolgreich war, stammten die meisten Bisons, die seither f\u00fcr die Erhaltungszucht verwendet werden, aus diesen privaten Herden, so dass einige Rindergene in das genetische Material der Bisons \u00fcbergegangen sind. Amerikanische Bisons wurden in den fr\u00fchen 1900er Jahren in verschiedenen privaten, isolierten Programmen gez\u00fcchtet. Eine frei lebende Population wurde auch im Yellowstone-Nationalpark angesiedelt.<\/p>\n<h4> Die Evolution des Bisons bei The Metal Miners. <\/h4>\n<p>Entgegen der Geschichte, das Bisons nicht frei leben k\u00f6nnen, haben wir einen Wildpark von \u00fcber 4.790 Bisons aufgebaut, die v\u00f6llig frei leben d\u00fcrfen, und das lebenslang. Das garantieren wir.  <\/p>\n<img loading=\"lazy\" decoding=\"async\" src=\"\/wp-content\/uploads\/2021\/10\/Imag-11.jpg\" alt=\"\" width=\"906\" height=\"201\" class=\"alignnone size-full wp-image-1530\" \/>\n<h6>The images are copyright The-Melats.com \u00a9 <\/h6>\n","protected":false},"excerpt":{"rendered":"<p>Wie der Bison zum Nationaltier von Canada wurde ! und wie wir Ihn sch\u00fctzen. Irgendwann im sp\u00e4ten 19. Jahrhundert verliebten sich die Amerikaner in den Bison \u2013 die massigen, zotteligen Tiere, die auch B\u00fcffel genannt werden. Millionen von Bisons lebten in Herden in den weiten Graslandschaften im Zentrum der Vereinigten Staaten, von der kanadischen Grenze [&#8230;]<\/p>\n","protected":false},"author":2,"featured_media":0,"parent":0,"menu_order":0,"comment_status":"closed","ping_status":"closed","template":"","meta":{"footnotes":""},"class_list":["post-1141","page","type-page","status-publish","hentry"],"yoast_head":"<!-- This site is optimized with the Yoast SEO plugin v27.6 - https:\/\/yoast.com\/product\/yoast-seo-wordpress\/ -->\n<title>Biosph\u00e4re - The Metals<\/title>\n<meta name=\"robots\" content=\"index, follow, max-snippet:-1, max-image-preview:large, max-video-preview:-1\" \/>\n<link rel=\"canonical\" href=\"https:\/\/the-metals.com\/de\/biosphaere\/\" \/>\n<meta property=\"og:locale\" content=\"de_DE\" \/>\n<meta property=\"og:type\" content=\"article\" \/>\n<meta property=\"og:title\" content=\"Biosph\u00e4re - The Metals\" \/>\n<meta property=\"og:description\" content=\"Wie der Bison zum Nationaltier von Canada wurde ! und wie wir Ihn sch\u00fctzen. Irgendwann im sp\u00e4ten 19. Jahrhundert verliebten sich die Amerikaner in den Bison \u2013 die massigen, zotteligen Tiere, die auch B\u00fcffel genannt werden. Millionen von Bisons lebten in Herden in den weiten Graslandschaften im Zentrum der Vereinigten Staaten, von der kanadischen Grenze [...]\" \/>\n<meta property=\"og:url\" content=\"https:\/\/the-metals.com\/de\/biosphaere\/\" \/>\n<meta property=\"og:site_name\" content=\"The Metals\" \/>\n<meta property=\"article:modified_time\" content=\"2026-03-28T09:35:43+00:00\" \/>\n<meta name=\"twitter:card\" content=\"summary_large_image\" \/>\n<meta name=\"twitter:label1\" content=\"Gesch\u00e4tzte Lesezeit\" \/>\n\t<meta name=\"twitter:data1\" content=\"5\u00a0Minuten\" \/>\n<script type=\"application\/ld+json\" class=\"yoast-schema-graph\">{\"@context\":\"https:\\\/\\\/schema.org\",\"@graph\":[{\"@type\":\"WebPage\",\"@id\":\"https:\\\/\\\/the-metals.com\\\/de\\\/biosphaere\\\/\",\"url\":\"https:\\\/\\\/the-metals.com\\\/de\\\/biosphaere\\\/\",\"name\":\"Biosph\u00e4re - The Metals\",\"isPartOf\":{\"@id\":\"https:\\\/\\\/the-metals.com\\\/#website\"},\"datePublished\":\"2026-02-03T18:23:18+00:00\",\"dateModified\":\"2026-03-28T09:35:43+00:00\",\"breadcrumb\":{\"@id\":\"https:\\\/\\\/the-metals.com\\\/de\\\/biosphaere\\\/#breadcrumb\"},\"inLanguage\":\"de\",\"potentialAction\":[{\"@type\":\"ReadAction\",\"target\":[\"https:\\\/\\\/the-metals.com\\\/de\\\/biosphaere\\\/\"]}]},{\"@type\":\"BreadcrumbList\",\"@id\":\"https:\\\/\\\/the-metals.com\\\/de\\\/biosphaere\\\/#breadcrumb\",\"itemListElement\":[{\"@type\":\"ListItem\",\"position\":1,\"name\":\"Startseite\",\"item\":\"https:\\\/\\\/the-metals.com\\\/de\\\/\"},{\"@type\":\"ListItem\",\"position\":2,\"name\":\"Biosph\u00e4re\"}]},{\"@type\":\"WebSite\",\"@id\":\"https:\\\/\\\/the-metals.com\\\/#website\",\"url\":\"https:\\\/\\\/the-metals.com\\\/\",\"name\":\"The Metals\",\"description\":\"\",\"publisher\":{\"@id\":\"https:\\\/\\\/the-metals.com\\\/#organization\"},\"potentialAction\":[{\"@type\":\"SearchAction\",\"target\":{\"@type\":\"EntryPoint\",\"urlTemplate\":\"https:\\\/\\\/the-metals.com\\\/?s={search_term_string}\"},\"query-input\":{\"@type\":\"PropertyValueSpecification\",\"valueRequired\":true,\"valueName\":\"search_term_string\"}}],\"inLanguage\":\"de\"},{\"@type\":\"Organization\",\"@id\":\"https:\\\/\\\/the-metals.com\\\/#organization\",\"name\":\"The-Metall.com\",\"url\":\"https:\\\/\\\/the-metals.com\\\/\",\"logo\":{\"@type\":\"ImageObject\",\"inLanguage\":\"de\",\"@id\":\"https:\\\/\\\/the-metals.com\\\/#\\\/schema\\\/logo\\\/image\\\/\",\"url\":\"https:\\\/\\\/the-metals.com\\\/wp-content\\\/uploads\\\/2021\\\/10\\\/cropped-The-Metals-icon-2.jpg\",\"contentUrl\":\"https:\\\/\\\/the-metals.com\\\/wp-content\\\/uploads\\\/2021\\\/10\\\/cropped-The-Metals-icon-2.jpg\",\"width\":512,\"height\":512,\"caption\":\"The-Metall.com\"},\"image\":{\"@id\":\"https:\\\/\\\/the-metals.com\\\/#\\\/schema\\\/logo\\\/image\\\/\"}}]}<\/script>\n<!-- \/ Yoast SEO plugin. -->","yoast_head_json":{"title":"Biosph\u00e4re - The Metals","robots":{"index":"index","follow":"follow","max-snippet":"max-snippet:-1","max-image-preview":"max-image-preview:large","max-video-preview":"max-video-preview:-1"},"canonical":"https:\/\/the-metals.com\/de\/biosphaere\/","og_locale":"de_DE","og_type":"article","og_title":"Biosph\u00e4re - The Metals","og_description":"Wie der Bison zum Nationaltier von Canada wurde ! und wie wir Ihn sch\u00fctzen. Irgendwann im sp\u00e4ten 19. Jahrhundert verliebten sich die Amerikaner in den Bison \u2013 die massigen, zotteligen Tiere, die auch B\u00fcffel genannt werden. Millionen von Bisons lebten in Herden in den weiten Graslandschaften im Zentrum der Vereinigten Staaten, von der kanadischen Grenze [...]","og_url":"https:\/\/the-metals.com\/de\/biosphaere\/","og_site_name":"The Metals","article_modified_time":"2026-03-28T09:35:43+00:00","twitter_card":"summary_large_image","twitter_misc":{"Gesch\u00e4tzte Lesezeit":"5\u00a0Minuten"},"schema":{"@context":"https:\/\/schema.org","@graph":[{"@type":"WebPage","@id":"https:\/\/the-metals.com\/de\/biosphaere\/","url":"https:\/\/the-metals.com\/de\/biosphaere\/","name":"Biosph\u00e4re - The Metals","isPartOf":{"@id":"https:\/\/the-metals.com\/#website"},"datePublished":"2026-02-03T18:23:18+00:00","dateModified":"2026-03-28T09:35:43+00:00","breadcrumb":{"@id":"https:\/\/the-metals.com\/de\/biosphaere\/#breadcrumb"},"inLanguage":"de","potentialAction":[{"@type":"ReadAction","target":["https:\/\/the-metals.com\/de\/biosphaere\/"]}]},{"@type":"BreadcrumbList","@id":"https:\/\/the-metals.com\/de\/biosphaere\/#breadcrumb","itemListElement":[{"@type":"ListItem","position":1,"name":"Startseite","item":"https:\/\/the-metals.com\/de\/"},{"@type":"ListItem","position":2,"name":"Biosph\u00e4re"}]},{"@type":"WebSite","@id":"https:\/\/the-metals.com\/#website","url":"https:\/\/the-metals.com\/","name":"The Metals","description":"","publisher":{"@id":"https:\/\/the-metals.com\/#organization"},"potentialAction":[{"@type":"SearchAction","target":{"@type":"EntryPoint","urlTemplate":"https:\/\/the-metals.com\/?s={search_term_string}"},"query-input":{"@type":"PropertyValueSpecification","valueRequired":true,"valueName":"search_term_string"}}],"inLanguage":"de"},{"@type":"Organization","@id":"https:\/\/the-metals.com\/#organization","name":"The-Metall.com","url":"https:\/\/the-metals.com\/","logo":{"@type":"ImageObject","inLanguage":"de","@id":"https:\/\/the-metals.com\/#\/schema\/logo\/image\/","url":"https:\/\/the-metals.com\/wp-content\/uploads\/2021\/10\/cropped-The-Metals-icon-2.jpg","contentUrl":"https:\/\/the-metals.com\/wp-content\/uploads\/2021\/10\/cropped-The-Metals-icon-2.jpg","width":512,"height":512,"caption":"The-Metall.com"},"image":{"@id":"https:\/\/the-metals.com\/#\/schema\/logo\/image\/"}}]}},"_links":{"self":[{"href":"https:\/\/the-metals.com\/de\/wp-json\/wp\/v2\/pages\/1141","targetHints":{"allow":["GET"]}}],"collection":[{"href":"https:\/\/the-metals.com\/de\/wp-json\/wp\/v2\/pages"}],"about":[{"href":"https:\/\/the-metals.com\/de\/wp-json\/wp\/v2\/types\/page"}],"author":[{"embeddable":true,"href":"https:\/\/the-metals.com\/de\/wp-json\/wp\/v2\/users\/2"}],"replies":[{"embeddable":true,"href":"https:\/\/the-metals.com\/de\/wp-json\/wp\/v2\/comments?post=1141"}],"version-history":[{"count":43,"href":"https:\/\/the-metals.com\/de\/wp-json\/wp\/v2\/pages\/1141\/revisions"}],"predecessor-version":[{"id":1368,"href":"https:\/\/the-metals.com\/de\/wp-json\/wp\/v2\/pages\/1141\/revisions\/1368"}],"wp:attachment":[{"href":"https:\/\/the-metals.com\/de\/wp-json\/wp\/v2\/media?parent=1141"}],"curies":[{"name":"wp","href":"https:\/\/api.w.org\/{rel}","templated":true}]}}